{"id":214,"date":"2020-04-23T17:34:42","date_gmt":"2020-04-23T20:34:42","guid":{"rendered":"http:\/\/gruposantaluzia.com.br\/Argamassas\/?page_id=214"},"modified":"2023-10-26T10:06:32","modified_gmt":"2023-10-26T13:06:32","slug":"argamassa-colante-ac-i","status":"publish","type":"page","link":"https:\/\/gruposantaluzia.com.br\/Argamassas\/argamassa-colante-ac-i\/","title":{"rendered":"Argamassa Colante AC I"},"content":{"rendered":"\t\t<div data-elementor-type=\"wp-page\" data-elementor-id=\"214\" class=\"elementor elementor-214\">\n\t\t\t\t\t\t<section class=\"elementor-section elementor-top-section elementor-element elementor-element-8335eae elementor-section-content-bottom elementor-hidden-desktop elementor-hidden-tablet elementor-section-boxed elementor-section-height-default elementor-section-height-default\" data-id=\"8335eae\" data-element_type=\"section\" data-e-type=\"section\">\n\t\t\t\t\t\t<div class=\"elementor-container elementor-column-gap-default\">\n\t\t\t\t\t<div class=\"elementor-column elementor-col-66 elementor-top-column elementor-element elementor-element-441d729\" data-id=\"441d729\" data-element_type=\"column\" data-e-type=\"column\">\n\t\t\t<div class=\"elementor-widget-wrap elementor-element-populated\">\n\t\t\t\t\t\t<div class=\"elementor-element elementor-element-c6eef0a elementor-widget elementor-widget-image\" data-id=\"c6eef0a\" data-element_type=\"widget\" data-e-type=\"widget\" data-widget_type=\"image.default\">\n\t\t\t\t<div class=\"elementor-widget-container\">\n\t\t\t\t\t\t\t\t\t\t\t\t\t\t\t<img decoding=\"async\" width=\"319\" height=\"108\" src=\"https:\/\/gruposantaluzia.com.br\/Argamassas\/wp-content\/uploads\/2019\/12\/logo-argamassa.png\" class=\"attachment-large size-large wp-image-70\" alt=\"\" srcset=\"https:\/\/gruposantaluzia.com.br\/Argamassas\/wp-content\/uploads\/2019\/12\/logo-argamassa.png 319w, https:\/\/gruposantaluzia.com.br\/Argamassas\/wp-content\/uploads\/2019\/12\/logo-argamassa-300x102.png 300w\" sizes=\"100vw\" \/>\t\t\t\t\t\t\t\t\t\t\t\t\t\t\t<\/div>\n\t\t\t\t<\/div>\n\t\t\t\t\t<\/div>\n\t\t<\/div>\n\t\t\t\t<div class=\"elementor-column elementor-col-33 elementor-top-column elementor-element elementor-element-57b6f3a\" data-id=\"57b6f3a\" data-element_type=\"column\" data-e-type=\"column\">\n\t\t\t<div class=\"elementor-widget-wrap elementor-element-populated\">\n\t\t\t\t\t\t<section class=\"elementor-section elementor-inner-section elementor-element elementor-element-3d91522 elementor-section-boxed elementor-section-height-default elementor-section-height-default\" data-id=\"3d91522\" data-element_type=\"section\" data-e-type=\"section\">\n\t\t\t\t\t\t<div class=\"elementor-container elementor-column-gap-default\">\n\t\t\t\t\t<div class=\"elementor-column elementor-col-100 elementor-inner-column elementor-element elementor-element-916b31e\" data-id=\"916b31e\" data-element_type=\"column\" data-e-type=\"column\">\n\t\t\t<div class=\"elementor-widget-wrap elementor-element-populated\">\n\t\t\t\t\t\t<div class=\"elementor-element elementor-element-66b5d7f elementor-widget__width-auto elementor-widget elementor-widget-image\" data-id=\"66b5d7f\" data-element_type=\"widget\" data-e-type=\"widget\" data-widget_type=\"image.default\">\n\t\t\t\t<div class=\"elementor-widget-container\">\n\t\t\t\t\t\t\t\t\t\t\t\t\t\t\t\t<a href=\"https:\/\/gruposantaluzia.com.br\/Argamassas\/who-we-are\/\">\n\t\t\t\t\t\t\t<img decoding=\"async\" width=\"20\" height=\"13\" src=\"https:\/\/gruposantaluzia.com.br\/Argamassas\/wp-content\/uploads\/2023\/10\/bandeira-uk.png\" class=\"attachment-large size-large wp-image-637\" alt=\"English\" sizes=\"100vw\" \/>\t\t\t\t\t\t\t\t<\/a>\n\t\t\t\t\t\t\t\t\t\t\t\t\t\t\t<\/div>\n\t\t\t\t<\/div>\n\t\t\t\t<div class=\"elementor-element elementor-element-a0263d0 elementor-widget__width-auto elementor-widget elementor-widget-image\" data-id=\"a0263d0\" data-element_type=\"widget\" data-e-type=\"widget\" data-widget_type=\"image.default\">\n\t\t\t\t<div class=\"elementor-widget-container\">\n\t\t\t\t\t\t\t\t\t\t\t\t\t\t\t\t<a href=\"https:\/\/gruposantaluzia.com.br\/Argamassas\/quien-somos\/\">\n\t\t\t\t\t\t\t<img decoding=\"async\" width=\"20\" height=\"13\" src=\"https:\/\/gruposantaluzia.com.br\/Argamassas\/wp-content\/uploads\/2023\/10\/bandeira-espanha.png\" class=\"attachment-large size-large wp-image-352\" alt=\"Espa\u00f1ol\" sizes=\"100vw\" \/>\t\t\t\t\t\t\t\t<\/a>\n\t\t\t\t\t\t\t\t\t\t\t\t\t\t\t<\/div>\n\t\t\t\t<\/div>\n\t\t\t\t\t<\/div>\n\t\t<\/div>\n\t\t\t\t\t<\/div>\n\t\t<\/section>\n\t\t\t\t<div class=\"elementor-element elementor-element-39aa225 elementor-widget elementor-widget-wp-widget-maxmegamenu\" data-id=\"39aa225\" data-element_type=\"widget\" data-e-type=\"widget\" data-widget_type=\"wp-widget-maxmegamenu.default\">\n\t\t\t\t<div class=\"elementor-widget-container\">\n\t\t\t\t\t<div id=\"mega-menu-wrap-top\" class=\"mega-menu-wrap\"><div class=\"mega-menu-toggle\"><div class=\"mega-toggle-blocks-left\"><\/div><div class=\"mega-toggle-blocks-center\"><\/div><div class=\"mega-toggle-blocks-right\"><div class='mega-toggle-block mega-menu-toggle-block mega-toggle-block-1' id='mega-toggle-block-1'><span aria-expanded=\"false\" aria-haspopup=\"true\" role=\"button\" class='mega-toggle-label'><span class='mega-toggle-label-closed'><\/span><span class='mega-toggle-label-open'><\/span><\/span><\/div><\/div><\/div><ul id=\"mega-menu-top\" class=\"mega-menu max-mega-menu mega-menu-horizontal mega-no-js\" data-event=\"hover_intent\" data-effect=\"fade_up\" data-effect-speed=\"200\" data-effect-mobile=\"disabled\" data-effect-speed-mobile=\"0\" data-mobile-force-width=\"false\" data-second-click=\"go\" data-document-click=\"collapse\" data-vertical-behaviour=\"standard\" data-breakpoint=\"900\" data-unbind=\"true\" data-mobile-state=\"collapse_all\" data-mobile-direction=\"vertical\"><li class=\"mega-menu-item mega-menu-item-type-post_type mega-menu-item-object-page mega-menu-item-home mega-align-bottom-left mega-menu-flyout mega-menu-item-56 menu-item\" id=\"mega-menu-item-56\"><a class=\"mega-menu-link\" href=\"https:\/\/gruposantaluzia.com.br\/Argamassas\/\">Quem somos<\/a><\/li><li class=\"mega-menu-item mega-menu-item-type-post_type mega-menu-item-object-page mega-align-bottom-left mega-menu-flyout mega-menu-item-55 menu-item\" id=\"mega-menu-item-55\"><a class=\"mega-menu-link\" href=\"https:\/\/gruposantaluzia.com.br\/Argamassas\/argamassas\/\">Argamassas<\/a><\/li><li class=\"mega-menu-item mega-menu-item-type-post_type mega-menu-item-object-page mega-align-bottom-left mega-menu-flyout mega-menu-item-54 menu-item\" id=\"mega-menu-item-54\"><a class=\"mega-menu-link\" href=\"https:\/\/gruposantaluzia.com.br\/Argamassas\/qualidade\/\">Qualidade<\/a><\/li><li class=\"mega-menu-item mega-menu-item-type-post_type mega-menu-item-object-page mega-align-bottom-left mega-menu-flyout mega-menu-item-53 menu-item\" id=\"mega-menu-item-53\"><a class=\"mega-menu-link\" href=\"https:\/\/gruposantaluzia.com.br\/Argamassas\/sistema-silo\/\">Sistema Silo<\/a><\/li><li class=\"mega-menu-item mega-menu-item-type-post_type mega-menu-item-object-page mega-align-bottom-left mega-menu-flyout mega-menu-item-52 menu-item\" id=\"mega-menu-item-52\"><a class=\"mega-menu-link\" href=\"https:\/\/gruposantaluzia.com.br\/Argamassas\/logistica\/\">Log\u00edstica<\/a><\/li><li class=\"mega-menu-item mega-menu-item-type-post_type mega-menu-item-object-page mega-align-bottom-left mega-menu-flyout mega-menu-item-51 menu-item\" id=\"mega-menu-item-51\"><a class=\"mega-menu-link\" href=\"https:\/\/gruposantaluzia.com.br\/Argamassas\/sustentabilidade\/\">Sustentabilidade<\/a><\/li><li class=\"mega-menu-item mega-menu-item-type-post_type mega-menu-item-object-page mega-align-bottom-left mega-menu-flyout mega-menu-item-50 menu-item\" id=\"mega-menu-item-50\"><a class=\"mega-menu-link\" href=\"https:\/\/gruposantaluzia.com.br\/Argamassas\/contato\/\">Contato<\/a><\/li><\/ul><\/div>\t\t\t\t<\/div>\n\t\t\t\t<\/div>\n\t\t\t\t\t<\/div>\n\t\t<\/div>\n\t\t\t\t\t<\/div>\n\t\t<\/section>\n\t\t\t\t<section class=\"elementor-section elementor-top-section elementor-element elementor-element-fd23022 elementor-section-content-bottom elementor-hidden-mobile elementor-section-boxed elementor-section-height-default elementor-section-height-default\" data-id=\"fd23022\" data-element_type=\"section\" data-e-type=\"section\">\n\t\t\t\t\t\t<div class=\"elementor-container elementor-column-gap-default\">\n\t\t\t\t\t<div class=\"elementor-column elementor-col-33 elementor-top-column elementor-element elementor-element-d321d53\" data-id=\"d321d53\" data-element_type=\"column\" data-e-type=\"column\">\n\t\t\t<div class=\"elementor-widget-wrap elementor-element-populated\">\n\t\t\t\t\t\t<div class=\"elementor-element elementor-element-02e5707 elementor-widget elementor-widget-image\" data-id=\"02e5707\" data-element_type=\"widget\" data-e-type=\"widget\" data-widget_type=\"image.default\">\n\t\t\t\t<div class=\"elementor-widget-container\">\n\t\t\t\t\t\t\t\t\t\t\t\t\t\t\t<img decoding=\"async\" width=\"319\" height=\"108\" src=\"https:\/\/gruposantaluzia.com.br\/Argamassas\/wp-content\/uploads\/2019\/12\/logo-argamassa.png\" class=\"attachment-large size-large wp-image-70\" alt=\"\" srcset=\"https:\/\/gruposantaluzia.com.br\/Argamassas\/wp-content\/uploads\/2019\/12\/logo-argamassa.png 319w, https:\/\/gruposantaluzia.com.br\/Argamassas\/wp-content\/uploads\/2019\/12\/logo-argamassa-300x102.png 300w\" sizes=\"100vw\" \/>\t\t\t\t\t\t\t\t\t\t\t\t\t\t\t<\/div>\n\t\t\t\t<\/div>\n\t\t\t\t\t<\/div>\n\t\t<\/div>\n\t\t\t\t<div class=\"elementor-column elementor-col-66 elementor-top-column elementor-element elementor-element-9a02523\" data-id=\"9a02523\" data-element_type=\"column\" data-e-type=\"column\">\n\t\t\t<div class=\"elementor-widget-wrap elementor-element-populated\">\n\t\t\t\t\t\t<section class=\"elementor-section elementor-inner-section elementor-element elementor-element-5281481 elementor-section-boxed elementor-section-height-default elementor-section-height-default\" data-id=\"5281481\" data-element_type=\"section\" data-e-type=\"section\">\n\t\t\t\t\t\t<div class=\"elementor-container elementor-column-gap-default\">\n\t\t\t\t\t<div class=\"elementor-column elementor-col-100 elementor-inner-column elementor-element elementor-element-980f5d0\" data-id=\"980f5d0\" data-element_type=\"column\" data-e-type=\"column\">\n\t\t\t<div class=\"elementor-widget-wrap elementor-element-populated\">\n\t\t\t\t\t\t<div class=\"elementor-element elementor-element-74d08eb elementor-widget__width-auto elementor-widget elementor-widget-image\" data-id=\"74d08eb\" data-element_type=\"widget\" data-e-type=\"widget\" data-widget_type=\"image.default\">\n\t\t\t\t<div class=\"elementor-widget-container\">\n\t\t\t\t\t\t\t\t\t\t\t\t\t\t\t\t<a href=\"https:\/\/gruposantaluzia.com.br\/Argamassas\/who-we-are\/\">\n\t\t\t\t\t\t\t<img decoding=\"async\" width=\"20\" height=\"13\" src=\"https:\/\/gruposantaluzia.com.br\/Argamassas\/wp-content\/uploads\/2023\/10\/bandeira-uk.png\" class=\"attachment-large size-large wp-image-637\" alt=\"English\" sizes=\"100vw\" \/>\t\t\t\t\t\t\t\t<\/a>\n\t\t\t\t\t\t\t\t\t\t\t\t\t\t\t<\/div>\n\t\t\t\t<\/div>\n\t\t\t\t<div class=\"elementor-element elementor-element-47cbe05 elementor-widget__width-auto elementor-widget elementor-widget-image\" data-id=\"47cbe05\" data-element_type=\"widget\" data-e-type=\"widget\" data-widget_type=\"image.default\">\n\t\t\t\t<div class=\"elementor-widget-container\">\n\t\t\t\t\t\t\t\t\t\t\t\t\t\t\t\t<a href=\"https:\/\/gruposantaluzia.com.br\/Argamassas\/quien-somos\/\">\n\t\t\t\t\t\t\t<img decoding=\"async\" width=\"20\" height=\"13\" src=\"https:\/\/gruposantaluzia.com.br\/Argamassas\/wp-content\/uploads\/2023\/10\/bandeira-espanha.png\" class=\"attachment-large size-large wp-image-352\" alt=\"Espa\u00f1ol\" sizes=\"100vw\" \/>\t\t\t\t\t\t\t\t<\/a>\n\t\t\t\t\t\t\t\t\t\t\t\t\t\t\t<\/div>\n\t\t\t\t<\/div>\n\t\t\t\t\t<\/div>\n\t\t<\/div>\n\t\t\t\t\t<\/div>\n\t\t<\/section>\n\t\t\t\t<div class=\"elementor-element elementor-element-e5a9de2 elementor-widget elementor-widget-wp-widget-maxmegamenu\" data-id=\"e5a9de2\" data-element_type=\"widget\" data-e-type=\"widget\" data-widget_type=\"wp-widget-maxmegamenu.default\">\n\t\t\t\t<div class=\"elementor-widget-container\">\n\t\t\t\t\t<div id=\"mega-menu-wrap-top\" class=\"mega-menu-wrap\"><div class=\"mega-menu-toggle\"><div class=\"mega-toggle-blocks-left\"><\/div><div class=\"mega-toggle-blocks-center\"><\/div><div class=\"mega-toggle-blocks-right\"><div class='mega-toggle-block mega-menu-toggle-block mega-toggle-block-1' id='mega-toggle-block-1'><span aria-expanded=\"false\" aria-haspopup=\"true\" role=\"button\" class='mega-toggle-label'><span class='mega-toggle-label-closed'><\/span><span class='mega-toggle-label-open'><\/span><\/span><\/div><\/div><\/div><ul id=\"mega-menu-top\" class=\"mega-menu max-mega-menu mega-menu-horizontal mega-no-js\" data-event=\"hover_intent\" data-effect=\"fade_up\" data-effect-speed=\"200\" data-effect-mobile=\"disabled\" data-effect-speed-mobile=\"0\" data-mobile-force-width=\"false\" data-second-click=\"go\" data-document-click=\"collapse\" data-vertical-behaviour=\"standard\" data-breakpoint=\"900\" data-unbind=\"true\" data-mobile-state=\"collapse_all\" data-mobile-direction=\"vertical\"><li class=\"mega-menu-item mega-menu-item-type-post_type mega-menu-item-object-page mega-menu-item-home mega-align-bottom-left mega-menu-flyout mega-menu-item-56 menu-item\" id=\"mega-menu-item-56\"><a class=\"mega-menu-link\" href=\"https:\/\/gruposantaluzia.com.br\/Argamassas\/\">Quem somos<\/a><\/li><li class=\"mega-menu-item mega-menu-item-type-post_type mega-menu-item-object-page mega-align-bottom-left mega-menu-flyout mega-menu-item-55 menu-item\" id=\"mega-menu-item-55\"><a class=\"mega-menu-link\" href=\"https:\/\/gruposantaluzia.com.br\/Argamassas\/argamassas\/\">Argamassas<\/a><\/li><li class=\"mega-menu-item mega-menu-item-type-post_type mega-menu-item-object-page mega-align-bottom-left mega-menu-flyout mega-menu-item-54 menu-item\" id=\"mega-menu-item-54\"><a class=\"mega-menu-link\" href=\"https:\/\/gruposantaluzia.com.br\/Argamassas\/qualidade\/\">Qualidade<\/a><\/li><li class=\"mega-menu-item mega-menu-item-type-post_type mega-menu-item-object-page mega-align-bottom-left mega-menu-flyout mega-menu-item-53 menu-item\" id=\"mega-menu-item-53\"><a class=\"mega-menu-link\" href=\"https:\/\/gruposantaluzia.com.br\/Argamassas\/sistema-silo\/\">Sistema Silo<\/a><\/li><li class=\"mega-menu-item mega-menu-item-type-post_type mega-menu-item-object-page mega-align-bottom-left mega-menu-flyout mega-menu-item-52 menu-item\" id=\"mega-menu-item-52\"><a class=\"mega-menu-link\" href=\"https:\/\/gruposantaluzia.com.br\/Argamassas\/logistica\/\">Log\u00edstica<\/a><\/li><li class=\"mega-menu-item mega-menu-item-type-post_type mega-menu-item-object-page mega-align-bottom-left mega-menu-flyout mega-menu-item-51 menu-item\" id=\"mega-menu-item-51\"><a class=\"mega-menu-link\" href=\"https:\/\/gruposantaluzia.com.br\/Argamassas\/sustentabilidade\/\">Sustentabilidade<\/a><\/li><li class=\"mega-menu-item mega-menu-item-type-post_type mega-menu-item-object-page mega-align-bottom-left mega-menu-flyout mega-menu-item-50 menu-item\" id=\"mega-menu-item-50\"><a class=\"mega-menu-link\" href=\"https:\/\/gruposantaluzia.com.br\/Argamassas\/contato\/\">Contato<\/a><\/li><\/ul><\/div>\t\t\t\t<\/div>\n\t\t\t\t<\/div>\n\t\t\t\t\t<\/div>\n\t\t<\/div>\n\t\t\t\t\t<\/div>\n\t\t<\/section>\n\t\t\t\t<section class=\"elementor-section elementor-top-section elementor-element elementor-element-311a1b2f elementor-section-boxed elementor-section-height-default elementor-section-height-default\" data-id=\"311a1b2f\" data-element_type=\"section\" data-e-type=\"section\">\n\t\t\t\t\t\t<div class=\"elementor-container elementor-column-gap-default\">\n\t\t\t\t\t<div class=\"elementor-column elementor-col-100 elementor-top-column elementor-element elementor-element-1e7a9820\" data-id=\"1e7a9820\" data-element_type=\"column\" data-e-type=\"column\">\n\t\t\t<div class=\"elementor-widget-wrap elementor-element-populated\">\n\t\t\t\t\t\t<div class=\"elementor-element elementor-element-d470c56 elementor-widget elementor-widget-spacer\" data-id=\"d470c56\" data-element_type=\"widget\" data-e-type=\"widget\" data-widget_type=\"spacer.default\">\n\t\t\t\t<div class=\"elementor-widget-container\">\n\t\t\t\t\t\t\t<div class=\"elementor-spacer\">\n\t\t\t<div class=\"elementor-spacer-inner\"><\/div>\n\t\t<\/div>\n\t\t\t\t\t\t<\/div>\n\t\t\t\t<\/div>\n\t\t\t\t<div class=\"elementor-element elementor-element-18bfcbd7 titulo-pagina elementor-widget elementor-widget-text-editor\" data-id=\"18bfcbd7\" data-element_type=\"widget\" data-e-type=\"widget\" data-widget_type=\"text-editor.default\">\n\t\t\t\t<div class=\"elementor-widget-container\">\n\t\t\t\t\t\t\t\t\t<p>Colante AC I<\/p>\t\t\t\t\t\t\t\t<\/div>\n\t\t\t\t<\/div>\n\t\t\t\t<div class=\"elementor-element elementor-element-5b494641 elementor-widget elementor-widget-image\" data-id=\"5b494641\" data-element_type=\"widget\" data-e-type=\"widget\" data-widget_type=\"image.default\">\n\t\t\t\t<div class=\"elementor-widget-container\">\n\t\t\t\t\t\t\t\t\t\t\t\t\t\t\t<img loading=\"lazy\" decoding=\"async\" width=\"120\" height=\"3\" src=\"https:\/\/gruposantaluzia.com.br\/Argamassas\/wp-content\/uploads\/2019\/12\/linha-titulo-arga.png\" class=\"attachment-large size-large wp-image-73\" alt=\"\" srcset=\"https:\/\/gruposantaluzia.com.br\/Argamassas\/wp-content\/uploads\/2019\/12\/linha-titulo-arga.png 120w, https:\/\/gruposantaluzia.com.br\/Argamassas\/wp-content\/uploads\/2019\/12\/linha-titulo-arga-100x3.png 100w\" sizes=\"100vw\" \/>\t\t\t\t\t\t\t\t\t\t\t\t\t\t\t<\/div>\n\t\t\t\t<\/div>\n\t\t\t\t\t<\/div>\n\t\t<\/div>\n\t\t\t\t\t<\/div>\n\t\t<\/section>\n\t\t\t\t<section class=\"elementor-section elementor-top-section elementor-element elementor-element-2976b21e elementor-section-boxed elementor-section-height-default elementor-section-height-default\" data-id=\"2976b21e\" data-element_type=\"section\" data-e-type=\"section\">\n\t\t\t\t\t\t<div class=\"elementor-container elementor-column-gap-default\">\n\t\t\t\t\t<div class=\"elementor-column elementor-col-66 elementor-top-column elementor-element elementor-element-26cef238\" data-id=\"26cef238\" data-element_type=\"column\" data-e-type=\"column\">\n\t\t\t<div class=\"elementor-widget-wrap elementor-element-populated\">\n\t\t\t\t\t\t<div class=\"elementor-element elementor-element-662e37a7 elementor-widget elementor-widget-text-editor\" data-id=\"662e37a7\" data-element_type=\"widget\" data-e-type=\"widget\" data-widget_type=\"text-editor.default\">\n\t\t\t\t<div class=\"elementor-widget-container\">\n\t\t\t\t\t\t\t\t\t<p>Argamassa colante em p\u00f3 de cor acinzentada, \u00e0 base de cimento Portland, areia selecionada e aditivos especiais.<\/p><p>A argamassa Santa Luzia Colante AC I permite excelente ader\u00eancia no assentamento de revestimentos cer\u00e2micos, pisos e azulejos em \u00e1reas internas, bastando acrescentar \u00e1gua, arejar e utilizar.<\/p>\t\t\t\t\t\t\t\t<\/div>\n\t\t\t\t<\/div>\n\t\t\t\t<div class=\"elementor-element elementor-element-dace4a4 elementor-widget elementor-widget-button\" data-id=\"dace4a4\" data-element_type=\"widget\" data-e-type=\"widget\" data-widget_type=\"button.default\">\n\t\t\t\t<div class=\"elementor-widget-container\">\n\t\t\t\t\t\t\t\t\t<div class=\"elementor-button-wrapper\">\n\t\t\t\t\t<a class=\"elementor-button elementor-button-link elementor-size-sm\" href=\"https:\/\/gruposantaluzia.com.br\/Argamassas\/wp-content\/uploads\/2020\/04\/COLANTE-TIPO-aC-I-INTERNO-20kg-VERSO.pdf\" target=\"_blank\" rel=\"nofollow\">\n\t\t\t\t\t\t<span class=\"elementor-button-content-wrapper\">\n\t\t\t\t\t\t\t\t\t<span class=\"elementor-button-text\">FICHA T\u00c9CNICA<\/span>\n\t\t\t\t\t<\/span>\n\t\t\t\t\t<\/a>\n\t\t\t\t<\/div>\n\t\t\t\t\t\t\t\t<\/div>\n\t\t\t\t<\/div>\n\t\t\t\t\t<\/div>\n\t\t<\/div>\n\t\t\t\t<div class=\"elementor-column elementor-col-33 elementor-top-column elementor-element elementor-element-308dbf7e\" data-id=\"308dbf7e\" data-element_type=\"column\" data-e-type=\"column\">\n\t\t\t<div class=\"elementor-widget-wrap elementor-element-populated\">\n\t\t\t\t\t\t<div class=\"elementor-element elementor-element-2bea012 elementor-widget elementor-widget-image\" data-id=\"2bea012\" data-element_type=\"widget\" data-e-type=\"widget\" data-widget_type=\"image.default\">\n\t\t\t\t<div class=\"elementor-widget-container\">\n\t\t\t\t\t\t\t\t\t\t\t\t\t\t\t<img loading=\"lazy\" decoding=\"async\" width=\"284\" height=\"400\" src=\"https:\/\/gruposantaluzia.com.br\/Argamassas\/wp-content\/uploads\/2020\/04\/colante-ac1-interno.jpg\" class=\"attachment-large size-large wp-image-182\" alt=\"\" srcset=\"https:\/\/gruposantaluzia.com.br\/Argamassas\/wp-content\/uploads\/2020\/04\/colante-ac1-interno.jpg 284w, https:\/\/gruposantaluzia.com.br\/Argamassas\/wp-content\/uploads\/2020\/04\/colante-ac1-interno-213x300.jpg 213w\" sizes=\"100vw\" \/>\t\t\t\t\t\t\t\t\t\t\t\t\t\t\t<\/div>\n\t\t\t\t<\/div>\n\t\t\t\t\t<\/div>\n\t\t<\/div>\n\t\t\t\t\t<\/div>\n\t\t<\/section>\n\t\t\t\t<section class=\"elementor-section elementor-top-section elementor-element elementor-element-19ffca5 elementor-section-boxed elementor-section-height-default elementor-section-height-default\" data-id=\"19ffca5\" data-element_type=\"section\" data-e-type=\"section\">\n\t\t\t\t\t\t<div class=\"elementor-container elementor-column-gap-default\">\n\t\t\t\t\t<div class=\"elementor-column elementor-col-100 elementor-top-column elementor-element elementor-element-901f072\" data-id=\"901f072\" data-element_type=\"column\" data-e-type=\"column\">\n\t\t\t<div class=\"elementor-widget-wrap elementor-element-populated\">\n\t\t\t\t\t\t<div class=\"elementor-element elementor-element-2aeba07 elementor-widget elementor-widget-text-editor\" data-id=\"2aeba07\" data-element_type=\"widget\" data-e-type=\"widget\" data-widget_type=\"text-editor.default\">\n\t\t\t\t<div class=\"elementor-widget-container\">\n\t\t\t\t\t\t\t\t\t<p><a href=\"https:\/\/gruposantaluzia.com.br\/Argamassas\/argamassas\/\"><strong>VOLTAR PARA ARGAMASSAS<\/strong><\/a><\/p>\t\t\t\t\t\t\t\t<\/div>\n\t\t\t\t<\/div>\n\t\t\t\t\t<\/div>\n\t\t<\/div>\n\t\t\t\t\t<\/div>\n\t\t<\/section>\n\t\t\t\t<\/div>\n\t\t","protected":false},"excerpt":{"rendered":"<p>Colante AC I Argamassa colante em p\u00f3 de cor acinzentada, \u00e0 base de cimento Portland, areia selecionada e aditivos especiais. A argamassa Santa Luzia Colante AC I permite excelente ader\u00eancia no assentamento de revestimentos cer\u00e2micos, pisos e azulejos em \u00e1reas internas, bastando acrescentar \u00e1gua, arejar e utilizar. FICHA T\u00c9CNICA VOLTAR PARA ARGAMASSAS<\/p>\n","protected":false},"author":1,"featured_media":0,"parent":0,"menu_order":0,"comment_status":"closed","ping_status":"closed","template":"elementor_canvas","meta":{"footnotes":""},"class_list":["post-214","page","type-page","status-publish","hentry"],"_links":{"self":[{"href":"https:\/\/gruposantaluzia.com.br\/Argamassas\/wp-json\/wp\/v2\/pages\/214","targetHints":{"allow":["GET"]}}],"collection":[{"href":"https:\/\/gruposantaluzia.com.br\/Argamassas\/wp-json\/wp\/v2\/pages"}],"about":[{"href":"https:\/\/gruposantaluzia.com.br\/Argamassas\/wp-json\/wp\/v2\/types\/page"}],"author":[{"embeddable":true,"href":"https:\/\/gruposantaluzia.com.br\/Argamassas\/wp-json\/wp\/v2\/users\/1"}],"replies":[{"embeddable":true,"href":"https:\/\/gruposantaluzia.com.br\/Argamassas\/wp-json\/wp\/v2\/comments?post=214"}],"version-history":[{"count":26,"href":"https:\/\/gruposantaluzia.com.br\/Argamassas\/wp-json\/wp\/v2\/pages\/214\/revisions"}],"predecessor-version":[{"id":890,"href":"https:\/\/gruposantaluzia.com.br\/Argamassas\/wp-json\/wp\/v2\/pages\/214\/revisions\/890"}],"wp:attachment":[{"href":"https:\/\/gruposantaluzia.com.br\/Argamassas\/wp-json\/wp\/v2\/media?parent=214"}],"curies":[{"name":"wp","href":"https:\/\/api.w.org\/{rel}","templated":true}]}}