{"id":257,"date":"2020-04-23T18:49:18","date_gmt":"2020-04-23T21:49:18","guid":{"rendered":"http:\/\/gruposantaluzia.com.br\/Argamassas\/?page_id=257"},"modified":"2023-10-26T10:12:27","modified_gmt":"2023-10-26T13:12:27","slug":"argamassa-colante-8-em-1-tipo-ac-iii","status":"publish","type":"page","link":"https:\/\/gruposantaluzia.com.br\/Argamassas\/argamassa-colante-8-em-1-tipo-ac-iii\/","title":{"rendered":"Argamassa Colante 8 em 1 Tipo AC III"},"content":{"rendered":"\t\t<div data-elementor-type=\"wp-page\" data-elementor-id=\"257\" class=\"elementor elementor-257\">\n\t\t\t\t\t\t<section class=\"elementor-section elementor-top-section elementor-element elementor-element-2afc2a6 elementor-section-content-bottom elementor-hidden-desktop elementor-hidden-tablet elementor-section-boxed elementor-section-height-default elementor-section-height-default\" data-id=\"2afc2a6\" data-element_type=\"section\" data-e-type=\"section\">\n\t\t\t\t\t\t<div class=\"elementor-container elementor-column-gap-default\">\n\t\t\t\t\t<div class=\"elementor-column elementor-col-66 elementor-top-column elementor-element elementor-element-9beca41\" data-id=\"9beca41\" data-element_type=\"column\" data-e-type=\"column\">\n\t\t\t<div class=\"elementor-widget-wrap elementor-element-populated\">\n\t\t\t\t\t\t<div class=\"elementor-element elementor-element-2576fad elementor-widget elementor-widget-image\" data-id=\"2576fad\" data-element_type=\"widget\" data-e-type=\"widget\" data-widget_type=\"image.default\">\n\t\t\t\t<div class=\"elementor-widget-container\">\n\t\t\t\t\t\t\t\t\t\t\t\t\t\t\t<img decoding=\"async\" width=\"319\" height=\"108\" src=\"https:\/\/gruposantaluzia.com.br\/Argamassas\/wp-content\/uploads\/2019\/12\/logo-argamassa.png\" class=\"attachment-large size-large wp-image-70\" alt=\"\" srcset=\"https:\/\/gruposantaluzia.com.br\/Argamassas\/wp-content\/uploads\/2019\/12\/logo-argamassa.png 319w, https:\/\/gruposantaluzia.com.br\/Argamassas\/wp-content\/uploads\/2019\/12\/logo-argamassa-300x102.png 300w\" sizes=\"100vw\" \/>\t\t\t\t\t\t\t\t\t\t\t\t\t\t\t<\/div>\n\t\t\t\t<\/div>\n\t\t\t\t\t<\/div>\n\t\t<\/div>\n\t\t\t\t<div class=\"elementor-column elementor-col-33 elementor-top-column elementor-element elementor-element-c5528fc\" data-id=\"c5528fc\" data-element_type=\"column\" data-e-type=\"column\">\n\t\t\t<div class=\"elementor-widget-wrap elementor-element-populated\">\n\t\t\t\t\t\t<section class=\"elementor-section elementor-inner-section elementor-element elementor-element-3b7df0f elementor-section-boxed elementor-section-height-default elementor-section-height-default\" data-id=\"3b7df0f\" data-element_type=\"section\" data-e-type=\"section\">\n\t\t\t\t\t\t<div class=\"elementor-container elementor-column-gap-default\">\n\t\t\t\t\t<div class=\"elementor-column elementor-col-100 elementor-inner-column elementor-element elementor-element-5b951e8\" data-id=\"5b951e8\" data-element_type=\"column\" data-e-type=\"column\">\n\t\t\t<div class=\"elementor-widget-wrap elementor-element-populated\">\n\t\t\t\t\t\t<div class=\"elementor-element elementor-element-d9b7669 elementor-widget__width-auto elementor-widget elementor-widget-image\" data-id=\"d9b7669\" data-element_type=\"widget\" data-e-type=\"widget\" data-widget_type=\"image.default\">\n\t\t\t\t<div class=\"elementor-widget-container\">\n\t\t\t\t\t\t\t\t\t\t\t\t\t\t\t\t<a href=\"https:\/\/gruposantaluzia.com.br\/Argamassas\/who-we-are\/\">\n\t\t\t\t\t\t\t<img decoding=\"async\" width=\"20\" height=\"13\" src=\"https:\/\/gruposantaluzia.com.br\/Argamassas\/wp-content\/uploads\/2023\/10\/bandeira-uk.png\" class=\"attachment-large size-large wp-image-637\" alt=\"English\" sizes=\"100vw\" \/>\t\t\t\t\t\t\t\t<\/a>\n\t\t\t\t\t\t\t\t\t\t\t\t\t\t\t<\/div>\n\t\t\t\t<\/div>\n\t\t\t\t<div class=\"elementor-element elementor-element-c1bfa5a elementor-widget__width-auto elementor-widget elementor-widget-image\" data-id=\"c1bfa5a\" data-element_type=\"widget\" data-e-type=\"widget\" data-widget_type=\"image.default\">\n\t\t\t\t<div class=\"elementor-widget-container\">\n\t\t\t\t\t\t\t\t\t\t\t\t\t\t\t\t<a href=\"https:\/\/gruposantaluzia.com.br\/Argamassas\/quien-somos\/\">\n\t\t\t\t\t\t\t<img decoding=\"async\" width=\"20\" height=\"13\" src=\"https:\/\/gruposantaluzia.com.br\/Argamassas\/wp-content\/uploads\/2023\/10\/bandeira-espanha.png\" class=\"attachment-large size-large wp-image-352\" alt=\"Espa\u00f1ol\" sizes=\"100vw\" \/>\t\t\t\t\t\t\t\t<\/a>\n\t\t\t\t\t\t\t\t\t\t\t\t\t\t\t<\/div>\n\t\t\t\t<\/div>\n\t\t\t\t\t<\/div>\n\t\t<\/div>\n\t\t\t\t\t<\/div>\n\t\t<\/section>\n\t\t\t\t<div class=\"elementor-element elementor-element-18bead9 elementor-widget elementor-widget-wp-widget-maxmegamenu\" data-id=\"18bead9\" data-element_type=\"widget\" data-e-type=\"widget\" data-widget_type=\"wp-widget-maxmegamenu.default\">\n\t\t\t\t<div class=\"elementor-widget-container\">\n\t\t\t\t\t<div id=\"mega-menu-wrap-top\" class=\"mega-menu-wrap\"><div class=\"mega-menu-toggle\"><div class=\"mega-toggle-blocks-left\"><\/div><div class=\"mega-toggle-blocks-center\"><\/div><div class=\"mega-toggle-blocks-right\"><div class='mega-toggle-block mega-menu-toggle-block mega-toggle-block-1' id='mega-toggle-block-1'><span aria-expanded=\"false\" aria-haspopup=\"true\" role=\"button\" class='mega-toggle-label'><span class='mega-toggle-label-closed'><\/span><span class='mega-toggle-label-open'><\/span><\/span><\/div><\/div><\/div><ul id=\"mega-menu-top\" class=\"mega-menu max-mega-menu mega-menu-horizontal mega-no-js\" data-event=\"hover_intent\" data-effect=\"fade_up\" data-effect-speed=\"200\" data-effect-mobile=\"disabled\" data-effect-speed-mobile=\"0\" data-mobile-force-width=\"false\" data-second-click=\"go\" data-document-click=\"collapse\" data-vertical-behaviour=\"standard\" data-breakpoint=\"900\" data-unbind=\"true\" data-mobile-state=\"collapse_all\" data-mobile-direction=\"vertical\"><li class=\"mega-menu-item mega-menu-item-type-post_type mega-menu-item-object-page mega-menu-item-home mega-align-bottom-left mega-menu-flyout mega-menu-item-56 menu-item\" id=\"mega-menu-item-56\"><a class=\"mega-menu-link\" href=\"https:\/\/gruposantaluzia.com.br\/Argamassas\/\">Quem somos<\/a><\/li><li class=\"mega-menu-item mega-menu-item-type-post_type mega-menu-item-object-page mega-align-bottom-left mega-menu-flyout mega-menu-item-55 menu-item\" id=\"mega-menu-item-55\"><a class=\"mega-menu-link\" href=\"https:\/\/gruposantaluzia.com.br\/Argamassas\/argamassas\/\">Argamassas<\/a><\/li><li class=\"mega-menu-item mega-menu-item-type-post_type mega-menu-item-object-page mega-align-bottom-left mega-menu-flyout mega-menu-item-54 menu-item\" id=\"mega-menu-item-54\"><a class=\"mega-menu-link\" href=\"https:\/\/gruposantaluzia.com.br\/Argamassas\/qualidade\/\">Qualidade<\/a><\/li><li class=\"mega-menu-item mega-menu-item-type-post_type mega-menu-item-object-page mega-align-bottom-left mega-menu-flyout mega-menu-item-53 menu-item\" id=\"mega-menu-item-53\"><a class=\"mega-menu-link\" href=\"https:\/\/gruposantaluzia.com.br\/Argamassas\/sistema-silo\/\">Sistema Silo<\/a><\/li><li class=\"mega-menu-item mega-menu-item-type-post_type mega-menu-item-object-page mega-align-bottom-left mega-menu-flyout mega-menu-item-52 menu-item\" id=\"mega-menu-item-52\"><a class=\"mega-menu-link\" href=\"https:\/\/gruposantaluzia.com.br\/Argamassas\/logistica\/\">Log\u00edstica<\/a><\/li><li class=\"mega-menu-item mega-menu-item-type-post_type mega-menu-item-object-page mega-align-bottom-left mega-menu-flyout mega-menu-item-51 menu-item\" id=\"mega-menu-item-51\"><a class=\"mega-menu-link\" href=\"https:\/\/gruposantaluzia.com.br\/Argamassas\/sustentabilidade\/\">Sustentabilidade<\/a><\/li><li class=\"mega-menu-item mega-menu-item-type-post_type mega-menu-item-object-page mega-align-bottom-left mega-menu-flyout mega-menu-item-50 menu-item\" id=\"mega-menu-item-50\"><a class=\"mega-menu-link\" href=\"https:\/\/gruposantaluzia.com.br\/Argamassas\/contato\/\">Contato<\/a><\/li><\/ul><\/div>\t\t\t\t<\/div>\n\t\t\t\t<\/div>\n\t\t\t\t\t<\/div>\n\t\t<\/div>\n\t\t\t\t\t<\/div>\n\t\t<\/section>\n\t\t\t\t<section class=\"elementor-section elementor-top-section elementor-element elementor-element-10111f4 elementor-section-content-bottom elementor-hidden-mobile elementor-section-boxed elementor-section-height-default elementor-section-height-default\" data-id=\"10111f4\" data-element_type=\"section\" data-e-type=\"section\">\n\t\t\t\t\t\t<div class=\"elementor-container elementor-column-gap-default\">\n\t\t\t\t\t<div class=\"elementor-column elementor-col-33 elementor-top-column elementor-element elementor-element-b976147\" data-id=\"b976147\" data-element_type=\"column\" data-e-type=\"column\">\n\t\t\t<div class=\"elementor-widget-wrap elementor-element-populated\">\n\t\t\t\t\t\t<div class=\"elementor-element elementor-element-85fd1ae elementor-widget elementor-widget-image\" data-id=\"85fd1ae\" data-element_type=\"widget\" data-e-type=\"widget\" data-widget_type=\"image.default\">\n\t\t\t\t<div class=\"elementor-widget-container\">\n\t\t\t\t\t\t\t\t\t\t\t\t\t\t\t<img decoding=\"async\" width=\"319\" height=\"108\" src=\"https:\/\/gruposantaluzia.com.br\/Argamassas\/wp-content\/uploads\/2019\/12\/logo-argamassa.png\" class=\"attachment-large size-large wp-image-70\" alt=\"\" srcset=\"https:\/\/gruposantaluzia.com.br\/Argamassas\/wp-content\/uploads\/2019\/12\/logo-argamassa.png 319w, https:\/\/gruposantaluzia.com.br\/Argamassas\/wp-content\/uploads\/2019\/12\/logo-argamassa-300x102.png 300w\" sizes=\"100vw\" \/>\t\t\t\t\t\t\t\t\t\t\t\t\t\t\t<\/div>\n\t\t\t\t<\/div>\n\t\t\t\t\t<\/div>\n\t\t<\/div>\n\t\t\t\t<div class=\"elementor-column elementor-col-66 elementor-top-column elementor-element elementor-element-a7e69d8\" data-id=\"a7e69d8\" data-element_type=\"column\" data-e-type=\"column\">\n\t\t\t<div class=\"elementor-widget-wrap elementor-element-populated\">\n\t\t\t\t\t\t<section class=\"elementor-section elementor-inner-section elementor-element elementor-element-7c4f13d elementor-section-boxed elementor-section-height-default elementor-section-height-default\" data-id=\"7c4f13d\" data-element_type=\"section\" data-e-type=\"section\">\n\t\t\t\t\t\t<div class=\"elementor-container elementor-column-gap-default\">\n\t\t\t\t\t<div class=\"elementor-column elementor-col-100 elementor-inner-column elementor-element elementor-element-1518852\" data-id=\"1518852\" data-element_type=\"column\" data-e-type=\"column\">\n\t\t\t<div class=\"elementor-widget-wrap elementor-element-populated\">\n\t\t\t\t\t\t<div class=\"elementor-element elementor-element-8ecf925 elementor-widget__width-auto elementor-widget elementor-widget-image\" data-id=\"8ecf925\" data-element_type=\"widget\" data-e-type=\"widget\" data-widget_type=\"image.default\">\n\t\t\t\t<div class=\"elementor-widget-container\">\n\t\t\t\t\t\t\t\t\t\t\t\t\t\t\t\t<a href=\"https:\/\/gruposantaluzia.com.br\/Argamassas\/who-we-are\/\">\n\t\t\t\t\t\t\t<img decoding=\"async\" width=\"20\" height=\"13\" src=\"https:\/\/gruposantaluzia.com.br\/Argamassas\/wp-content\/uploads\/2023\/10\/bandeira-uk.png\" class=\"attachment-large size-large wp-image-637\" alt=\"English\" sizes=\"100vw\" \/>\t\t\t\t\t\t\t\t<\/a>\n\t\t\t\t\t\t\t\t\t\t\t\t\t\t\t<\/div>\n\t\t\t\t<\/div>\n\t\t\t\t<div class=\"elementor-element elementor-element-09291d3 elementor-widget__width-auto elementor-widget elementor-widget-image\" data-id=\"09291d3\" data-element_type=\"widget\" data-e-type=\"widget\" data-widget_type=\"image.default\">\n\t\t\t\t<div class=\"elementor-widget-container\">\n\t\t\t\t\t\t\t\t\t\t\t\t\t\t\t\t<a href=\"https:\/\/gruposantaluzia.com.br\/Argamassas\/quien-somos\/\">\n\t\t\t\t\t\t\t<img decoding=\"async\" width=\"20\" height=\"13\" src=\"https:\/\/gruposantaluzia.com.br\/Argamassas\/wp-content\/uploads\/2023\/10\/bandeira-espanha.png\" class=\"attachment-large size-large wp-image-352\" alt=\"Espa\u00f1ol\" sizes=\"100vw\" \/>\t\t\t\t\t\t\t\t<\/a>\n\t\t\t\t\t\t\t\t\t\t\t\t\t\t\t<\/div>\n\t\t\t\t<\/div>\n\t\t\t\t\t<\/div>\n\t\t<\/div>\n\t\t\t\t\t<\/div>\n\t\t<\/section>\n\t\t\t\t<div class=\"elementor-element elementor-element-9454aa7 elementor-widget elementor-widget-wp-widget-maxmegamenu\" data-id=\"9454aa7\" data-element_type=\"widget\" data-e-type=\"widget\" data-widget_type=\"wp-widget-maxmegamenu.default\">\n\t\t\t\t<div class=\"elementor-widget-container\">\n\t\t\t\t\t<div id=\"mega-menu-wrap-top\" class=\"mega-menu-wrap\"><div class=\"mega-menu-toggle\"><div class=\"mega-toggle-blocks-left\"><\/div><div class=\"mega-toggle-blocks-center\"><\/div><div class=\"mega-toggle-blocks-right\"><div class='mega-toggle-block mega-menu-toggle-block mega-toggle-block-1' id='mega-toggle-block-1'><span aria-expanded=\"false\" aria-haspopup=\"true\" role=\"button\" class='mega-toggle-label'><span class='mega-toggle-label-closed'><\/span><span class='mega-toggle-label-open'><\/span><\/span><\/div><\/div><\/div><ul id=\"mega-menu-top\" class=\"mega-menu max-mega-menu mega-menu-horizontal mega-no-js\" data-event=\"hover_intent\" data-effect=\"fade_up\" data-effect-speed=\"200\" data-effect-mobile=\"disabled\" data-effect-speed-mobile=\"0\" data-mobile-force-width=\"false\" data-second-click=\"go\" data-document-click=\"collapse\" data-vertical-behaviour=\"standard\" data-breakpoint=\"900\" data-unbind=\"true\" data-mobile-state=\"collapse_all\" data-mobile-direction=\"vertical\"><li class=\"mega-menu-item mega-menu-item-type-post_type mega-menu-item-object-page mega-menu-item-home mega-align-bottom-left mega-menu-flyout mega-menu-item-56 menu-item\" id=\"mega-menu-item-56\"><a class=\"mega-menu-link\" href=\"https:\/\/gruposantaluzia.com.br\/Argamassas\/\">Quem somos<\/a><\/li><li class=\"mega-menu-item mega-menu-item-type-post_type mega-menu-item-object-page mega-align-bottom-left mega-menu-flyout mega-menu-item-55 menu-item\" id=\"mega-menu-item-55\"><a class=\"mega-menu-link\" href=\"https:\/\/gruposantaluzia.com.br\/Argamassas\/argamassas\/\">Argamassas<\/a><\/li><li class=\"mega-menu-item mega-menu-item-type-post_type mega-menu-item-object-page mega-align-bottom-left mega-menu-flyout mega-menu-item-54 menu-item\" id=\"mega-menu-item-54\"><a class=\"mega-menu-link\" href=\"https:\/\/gruposantaluzia.com.br\/Argamassas\/qualidade\/\">Qualidade<\/a><\/li><li class=\"mega-menu-item mega-menu-item-type-post_type mega-menu-item-object-page mega-align-bottom-left mega-menu-flyout mega-menu-item-53 menu-item\" id=\"mega-menu-item-53\"><a class=\"mega-menu-link\" href=\"https:\/\/gruposantaluzia.com.br\/Argamassas\/sistema-silo\/\">Sistema Silo<\/a><\/li><li class=\"mega-menu-item mega-menu-item-type-post_type mega-menu-item-object-page mega-align-bottom-left mega-menu-flyout mega-menu-item-52 menu-item\" id=\"mega-menu-item-52\"><a class=\"mega-menu-link\" href=\"https:\/\/gruposantaluzia.com.br\/Argamassas\/logistica\/\">Log\u00edstica<\/a><\/li><li class=\"mega-menu-item mega-menu-item-type-post_type mega-menu-item-object-page mega-align-bottom-left mega-menu-flyout mega-menu-item-51 menu-item\" id=\"mega-menu-item-51\"><a class=\"mega-menu-link\" href=\"https:\/\/gruposantaluzia.com.br\/Argamassas\/sustentabilidade\/\">Sustentabilidade<\/a><\/li><li class=\"mega-menu-item mega-menu-item-type-post_type mega-menu-item-object-page mega-align-bottom-left mega-menu-flyout mega-menu-item-50 menu-item\" id=\"mega-menu-item-50\"><a class=\"mega-menu-link\" href=\"https:\/\/gruposantaluzia.com.br\/Argamassas\/contato\/\">Contato<\/a><\/li><\/ul><\/div>\t\t\t\t<\/div>\n\t\t\t\t<\/div>\n\t\t\t\t\t<\/div>\n\t\t<\/div>\n\t\t\t\t\t<\/div>\n\t\t<\/section>\n\t\t\t\t<section class=\"elementor-section elementor-top-section elementor-element elementor-element-ee1ef05 elementor-section-boxed elementor-section-height-default elementor-section-height-default\" data-id=\"ee1ef05\" data-element_type=\"section\" data-e-type=\"section\">\n\t\t\t\t\t\t<div class=\"elementor-container elementor-column-gap-default\">\n\t\t\t\t\t<div class=\"elementor-column elementor-col-100 elementor-top-column elementor-element elementor-element-42523b9\" data-id=\"42523b9\" data-element_type=\"column\" data-e-type=\"column\">\n\t\t\t<div class=\"elementor-widget-wrap elementor-element-populated\">\n\t\t\t\t\t\t<div class=\"elementor-element elementor-element-acfbc0c elementor-widget elementor-widget-spacer\" data-id=\"acfbc0c\" data-element_type=\"widget\" data-e-type=\"widget\" data-widget_type=\"spacer.default\">\n\t\t\t\t<div class=\"elementor-widget-container\">\n\t\t\t\t\t\t\t<div class=\"elementor-spacer\">\n\t\t\t<div class=\"elementor-spacer-inner\"><\/div>\n\t\t<\/div>\n\t\t\t\t\t\t<\/div>\n\t\t\t\t<\/div>\n\t\t\t\t<div class=\"elementor-element elementor-element-5d1c8ac titulo-pagina elementor-widget elementor-widget-text-editor\" data-id=\"5d1c8ac\" data-element_type=\"widget\" data-e-type=\"widget\" data-widget_type=\"text-editor.default\">\n\t\t\t\t<div class=\"elementor-widget-container\">\n\t\t\t\t\t\t\t\t\t<p>Colante 8 em 1 I Tipo AC III<\/p>\t\t\t\t\t\t\t\t<\/div>\n\t\t\t\t<\/div>\n\t\t\t\t<div class=\"elementor-element elementor-element-d5f2964 elementor-widget elementor-widget-image\" data-id=\"d5f2964\" data-element_type=\"widget\" data-e-type=\"widget\" data-widget_type=\"image.default\">\n\t\t\t\t<div class=\"elementor-widget-container\">\n\t\t\t\t\t\t\t\t\t\t\t\t\t\t\t<img loading=\"lazy\" decoding=\"async\" width=\"120\" height=\"3\" src=\"https:\/\/gruposantaluzia.com.br\/Argamassas\/wp-content\/uploads\/2019\/12\/linha-titulo-arga.png\" class=\"attachment-large size-large wp-image-73\" alt=\"\" srcset=\"https:\/\/gruposantaluzia.com.br\/Argamassas\/wp-content\/uploads\/2019\/12\/linha-titulo-arga.png 120w, https:\/\/gruposantaluzia.com.br\/Argamassas\/wp-content\/uploads\/2019\/12\/linha-titulo-arga-100x3.png 100w\" sizes=\"100vw\" \/>\t\t\t\t\t\t\t\t\t\t\t\t\t\t\t<\/div>\n\t\t\t\t<\/div>\n\t\t\t\t\t<\/div>\n\t\t<\/div>\n\t\t\t\t\t<\/div>\n\t\t<\/section>\n\t\t\t\t<section class=\"elementor-section elementor-top-section elementor-element elementor-element-ecc0b9d elementor-section-boxed elementor-section-height-default elementor-section-height-default\" data-id=\"ecc0b9d\" data-element_type=\"section\" data-e-type=\"section\">\n\t\t\t\t\t\t<div class=\"elementor-container elementor-column-gap-default\">\n\t\t\t\t\t<div class=\"elementor-column elementor-col-66 elementor-top-column elementor-element elementor-element-fa68777\" data-id=\"fa68777\" data-element_type=\"column\" data-e-type=\"column\">\n\t\t\t<div class=\"elementor-widget-wrap elementor-element-populated\">\n\t\t\t\t\t\t<div class=\"elementor-element elementor-element-1fe5657 elementor-widget elementor-widget-text-editor\" data-id=\"1fe5657\" data-element_type=\"widget\" data-e-type=\"widget\" data-widget_type=\"text-editor.default\">\n\t\t\t\t<div class=\"elementor-widget-container\">\n\t\t\t\t\t\t\t\t\t<p>Argamassa colante em p\u00f3 de cor acinzentada, \u00e0 base de cimento\u00a0Portland, areia selecionada e aditivos especiais.<\/p><p>A argamassa Santa Luzia Colante 8 EM 1 Tipo AC III permite excelente\u00a0ader\u00eancia no assentamento em cer\u00e2micas internas e externas,\u00a0porcelanatos internos e externos, piso sobre piso, piscinas, saunas,\u00a0pedras naturais com dimens\u00e3o m\u00e1xima de 60x60cm, pastilhas\u00a0(dimens\u00e3o m\u00e1xima 5x5cm) e fachadas em cer\u00e2mica\/porcelanato\u00a0(dimens\u00e3o m\u00e1xima 20x20cm com juntas horizontais de\u00a0movimenta\u00e7\u00e3o a cada 3m conforme NBR13755) bastando\u00a0acrescentar \u00e1gua, arejar e utilizar.<\/p>\t\t\t\t\t\t\t\t<\/div>\n\t\t\t\t<\/div>\n\t\t\t\t<div class=\"elementor-element elementor-element-ec60a59 elementor-widget elementor-widget-button\" data-id=\"ec60a59\" data-element_type=\"widget\" data-e-type=\"widget\" data-widget_type=\"button.default\">\n\t\t\t\t<div class=\"elementor-widget-container\">\n\t\t\t\t\t\t\t\t\t<div class=\"elementor-button-wrapper\">\n\t\t\t\t\t<a class=\"elementor-button elementor-button-link elementor-size-sm\" href=\"https:\/\/gruposantaluzia.com.br\/Argamassas\/wp-content\/uploads\/2020\/04\/8-EM-1-Arg.ACIII-.pdf\" target=\"_blank\" rel=\"nofollow\">\n\t\t\t\t\t\t<span class=\"elementor-button-content-wrapper\">\n\t\t\t\t\t\t\t\t\t<span class=\"elementor-button-text\">FICHA T\u00c9CNICA<\/span>\n\t\t\t\t\t<\/span>\n\t\t\t\t\t<\/a>\n\t\t\t\t<\/div>\n\t\t\t\t\t\t\t\t<\/div>\n\t\t\t\t<\/div>\n\t\t\t\t\t<\/div>\n\t\t<\/div>\n\t\t\t\t<div class=\"elementor-column elementor-col-33 elementor-top-column elementor-element elementor-element-083a19e\" data-id=\"083a19e\" data-element_type=\"column\" data-e-type=\"column\">\n\t\t\t<div class=\"elementor-widget-wrap elementor-element-populated\">\n\t\t\t\t\t\t<div class=\"elementor-element elementor-element-4e0ecd5 elementor-widget elementor-widget-image\" data-id=\"4e0ecd5\" data-element_type=\"widget\" data-e-type=\"widget\" data-widget_type=\"image.default\">\n\t\t\t\t<div class=\"elementor-widget-container\">\n\t\t\t\t\t\t\t\t\t\t\t\t\t\t\t<img loading=\"lazy\" decoding=\"async\" width=\"285\" height=\"400\" src=\"https:\/\/gruposantaluzia.com.br\/Argamassas\/wp-content\/uploads\/2020\/04\/colante-8-em-1.jpg\" class=\"attachment-large size-large wp-image-181\" alt=\"\" srcset=\"https:\/\/gruposantaluzia.com.br\/Argamassas\/wp-content\/uploads\/2020\/04\/colante-8-em-1.jpg 285w, https:\/\/gruposantaluzia.com.br\/Argamassas\/wp-content\/uploads\/2020\/04\/colante-8-em-1-214x300.jpg 214w\" sizes=\"100vw\" \/>\t\t\t\t\t\t\t\t\t\t\t\t\t\t\t<\/div>\n\t\t\t\t<\/div>\n\t\t\t\t\t<\/div>\n\t\t<\/div>\n\t\t\t\t\t<\/div>\n\t\t<\/section>\n\t\t\t\t<section class=\"elementor-section elementor-top-section elementor-element elementor-element-b2db48f elementor-section-boxed elementor-section-height-default elementor-section-height-default\" data-id=\"b2db48f\" data-element_type=\"section\" data-e-type=\"section\">\n\t\t\t\t\t\t<div class=\"elementor-container elementor-column-gap-default\">\n\t\t\t\t\t<div class=\"elementor-column elementor-col-100 elementor-top-column elementor-element elementor-element-18a4485\" data-id=\"18a4485\" data-element_type=\"column\" data-e-type=\"column\">\n\t\t\t<div class=\"elementor-widget-wrap elementor-element-populated\">\n\t\t\t\t\t\t<div class=\"elementor-element elementor-element-d91b65a elementor-widget elementor-widget-text-editor\" data-id=\"d91b65a\" data-element_type=\"widget\" data-e-type=\"widget\" data-widget_type=\"text-editor.default\">\n\t\t\t\t<div class=\"elementor-widget-container\">\n\t\t\t\t\t\t\t\t\t<p><a href=\"https:\/\/gruposantaluzia.com.br\/Argamassas\/argamassas\/\"><strong>VOLTAR PARA ARGAMASSAS<\/strong><\/a><\/p>\t\t\t\t\t\t\t\t<\/div>\n\t\t\t\t<\/div>\n\t\t\t\t\t<\/div>\n\t\t<\/div>\n\t\t\t\t\t<\/div>\n\t\t<\/section>\n\t\t\t\t<\/div>\n\t\t","protected":false},"excerpt":{"rendered":"<p>Colante 8 em 1 I Tipo AC III Argamassa colante em p\u00f3 de cor acinzentada, \u00e0 base de cimento\u00a0Portland, areia selecionada e aditivos especiais. A argamassa Santa Luzia Colante 8 EM 1 Tipo AC III permite excelente\u00a0ader\u00eancia no assentamento em cer\u00e2micas internas e externas,\u00a0porcelanatos internos e externos, piso sobre piso, piscinas, saunas,\u00a0pedras naturais com dimens\u00e3o &hellip; <\/p>\n<p class=\"link-more\"><a href=\"https:\/\/gruposantaluzia.com.br\/Argamassas\/argamassa-colante-8-em-1-tipo-ac-iii\/\" class=\"more-link\">Continue lendo<span class=\"screen-reader-text\"> &#8220;Argamassa Colante 8 em 1 Tipo AC III&#8221;<\/span><\/a><\/p>\n","protected":false},"author":1,"featured_media":0,"parent":0,"menu_order":0,"comment_status":"closed","ping_status":"closed","template":"elementor_canvas","meta":{"footnotes":""},"class_list":["post-257","page","type-page","status-publish","hentry"],"_links":{"self":[{"href":"https:\/\/gruposantaluzia.com.br\/Argamassas\/wp-json\/wp\/v2\/pages\/257","targetHints":{"allow":["GET"]}}],"collection":[{"href":"https:\/\/gruposantaluzia.com.br\/Argamassas\/wp-json\/wp\/v2\/pages"}],"about":[{"href":"https:\/\/gruposantaluzia.com.br\/Argamassas\/wp-json\/wp\/v2\/types\/page"}],"author":[{"embeddable":true,"href":"https:\/\/gruposantaluzia.com.br\/Argamassas\/wp-json\/wp\/v2\/users\/1"}],"replies":[{"embeddable":true,"href":"https:\/\/gruposantaluzia.com.br\/Argamassas\/wp-json\/wp\/v2\/comments?post=257"}],"version-history":[{"count":15,"href":"https:\/\/gruposantaluzia.com.br\/Argamassas\/wp-json\/wp\/v2\/pages\/257\/revisions"}],"predecessor-version":[{"id":899,"href":"https:\/\/gruposantaluzia.com.br\/Argamassas\/wp-json\/wp\/v2\/pages\/257\/revisions\/899"}],"wp:attachment":[{"href":"https:\/\/gruposantaluzia.com.br\/Argamassas\/wp-json\/wp\/v2\/media?parent=257"}],"curies":[{"name":"wp","href":"https:\/\/api.w.org\/{rel}","templated":true}]}}