{"id":266,"date":"2020-04-23T19:00:06","date_gmt":"2020-04-23T22:00:06","guid":{"rendered":"http:\/\/gruposantaluzia.com.br\/Argamassas\/?page_id=266"},"modified":"2023-10-26T10:16:00","modified_gmt":"2023-10-26T13:16:00","slug":"argamassa-multiplo-uso","status":"publish","type":"page","link":"https:\/\/gruposantaluzia.com.br\/Argamassas\/argamassa-multiplo-uso\/","title":{"rendered":"Argamassa M\u00faltiplo Uso"},"content":{"rendered":"\t\t<div data-elementor-type=\"wp-page\" data-elementor-id=\"266\" class=\"elementor elementor-266\">\n\t\t\t\t\t\t<section class=\"elementor-section elementor-top-section elementor-element elementor-element-f8615da elementor-section-content-bottom elementor-hidden-desktop elementor-hidden-tablet elementor-section-boxed elementor-section-height-default elementor-section-height-default\" data-id=\"f8615da\" data-element_type=\"section\" data-e-type=\"section\">\n\t\t\t\t\t\t<div class=\"elementor-container elementor-column-gap-default\">\n\t\t\t\t\t<div class=\"elementor-column elementor-col-66 elementor-top-column elementor-element elementor-element-c09c68e\" data-id=\"c09c68e\" data-element_type=\"column\" data-e-type=\"column\">\n\t\t\t<div class=\"elementor-widget-wrap elementor-element-populated\">\n\t\t\t\t\t\t<div class=\"elementor-element elementor-element-f30dbfd elementor-widget elementor-widget-image\" data-id=\"f30dbfd\" data-element_type=\"widget\" data-e-type=\"widget\" data-widget_type=\"image.default\">\n\t\t\t\t<div class=\"elementor-widget-container\">\n\t\t\t\t\t\t\t\t\t\t\t\t\t\t\t<img decoding=\"async\" width=\"319\" height=\"108\" src=\"https:\/\/gruposantaluzia.com.br\/Argamassas\/wp-content\/uploads\/2019\/12\/logo-argamassa.png\" class=\"attachment-large size-large wp-image-70\" alt=\"\" srcset=\"https:\/\/gruposantaluzia.com.br\/Argamassas\/wp-content\/uploads\/2019\/12\/logo-argamassa.png 319w, https:\/\/gruposantaluzia.com.br\/Argamassas\/wp-content\/uploads\/2019\/12\/logo-argamassa-300x102.png 300w\" sizes=\"100vw\" \/>\t\t\t\t\t\t\t\t\t\t\t\t\t\t\t<\/div>\n\t\t\t\t<\/div>\n\t\t\t\t\t<\/div>\n\t\t<\/div>\n\t\t\t\t<div class=\"elementor-column elementor-col-33 elementor-top-column elementor-element elementor-element-a91e66f\" data-id=\"a91e66f\" data-element_type=\"column\" data-e-type=\"column\">\n\t\t\t<div class=\"elementor-widget-wrap elementor-element-populated\">\n\t\t\t\t\t\t<section class=\"elementor-section elementor-inner-section elementor-element elementor-element-c591603 elementor-section-boxed elementor-section-height-default elementor-section-height-default\" data-id=\"c591603\" data-element_type=\"section\" data-e-type=\"section\">\n\t\t\t\t\t\t<div class=\"elementor-container elementor-column-gap-default\">\n\t\t\t\t\t<div class=\"elementor-column elementor-col-100 elementor-inner-column elementor-element elementor-element-97f7535\" data-id=\"97f7535\" data-element_type=\"column\" data-e-type=\"column\">\n\t\t\t<div class=\"elementor-widget-wrap elementor-element-populated\">\n\t\t\t\t\t\t<div class=\"elementor-element elementor-element-f62f729 elementor-widget__width-auto elementor-widget elementor-widget-image\" data-id=\"f62f729\" data-element_type=\"widget\" data-e-type=\"widget\" data-widget_type=\"image.default\">\n\t\t\t\t<div class=\"elementor-widget-container\">\n\t\t\t\t\t\t\t\t\t\t\t\t\t\t\t\t<a href=\"https:\/\/gruposantaluzia.com.br\/Argamassas\/who-we-are\/\">\n\t\t\t\t\t\t\t<img decoding=\"async\" width=\"20\" height=\"13\" src=\"https:\/\/gruposantaluzia.com.br\/Argamassas\/wp-content\/uploads\/2023\/10\/bandeira-uk.png\" class=\"attachment-large size-large wp-image-637\" alt=\"English\" sizes=\"100vw\" \/>\t\t\t\t\t\t\t\t<\/a>\n\t\t\t\t\t\t\t\t\t\t\t\t\t\t\t<\/div>\n\t\t\t\t<\/div>\n\t\t\t\t<div class=\"elementor-element elementor-element-aee2da0 elementor-widget__width-auto elementor-widget elementor-widget-image\" data-id=\"aee2da0\" data-element_type=\"widget\" data-e-type=\"widget\" data-widget_type=\"image.default\">\n\t\t\t\t<div class=\"elementor-widget-container\">\n\t\t\t\t\t\t\t\t\t\t\t\t\t\t\t\t<a href=\"https:\/\/gruposantaluzia.com.br\/Argamassas\/quien-somos\/\">\n\t\t\t\t\t\t\t<img decoding=\"async\" width=\"20\" height=\"13\" src=\"https:\/\/gruposantaluzia.com.br\/Argamassas\/wp-content\/uploads\/2023\/10\/bandeira-espanha.png\" class=\"attachment-large size-large wp-image-352\" alt=\"Espa\u00f1ol\" sizes=\"100vw\" \/>\t\t\t\t\t\t\t\t<\/a>\n\t\t\t\t\t\t\t\t\t\t\t\t\t\t\t<\/div>\n\t\t\t\t<\/div>\n\t\t\t\t\t<\/div>\n\t\t<\/div>\n\t\t\t\t\t<\/div>\n\t\t<\/section>\n\t\t\t\t<div class=\"elementor-element elementor-element-09e4617 elementor-widget elementor-widget-wp-widget-maxmegamenu\" data-id=\"09e4617\" data-element_type=\"widget\" data-e-type=\"widget\" data-widget_type=\"wp-widget-maxmegamenu.default\">\n\t\t\t\t<div class=\"elementor-widget-container\">\n\t\t\t\t\t<div id=\"mega-menu-wrap-top\" class=\"mega-menu-wrap\"><div class=\"mega-menu-toggle\"><div class=\"mega-toggle-blocks-left\"><\/div><div class=\"mega-toggle-blocks-center\"><\/div><div class=\"mega-toggle-blocks-right\"><div class='mega-toggle-block mega-menu-toggle-block mega-toggle-block-1' id='mega-toggle-block-1'><span aria-expanded=\"false\" aria-haspopup=\"true\" role=\"button\" class='mega-toggle-label'><span class='mega-toggle-label-closed'><\/span><span class='mega-toggle-label-open'><\/span><\/span><\/div><\/div><\/div><ul id=\"mega-menu-top\" class=\"mega-menu max-mega-menu mega-menu-horizontal mega-no-js\" data-event=\"hover_intent\" data-effect=\"fade_up\" data-effect-speed=\"200\" data-effect-mobile=\"disabled\" data-effect-speed-mobile=\"0\" data-mobile-force-width=\"false\" data-second-click=\"go\" data-document-click=\"collapse\" data-vertical-behaviour=\"standard\" data-breakpoint=\"900\" data-unbind=\"true\" data-mobile-state=\"collapse_all\" data-mobile-direction=\"vertical\"><li class=\"mega-menu-item mega-menu-item-type-post_type mega-menu-item-object-page mega-menu-item-home mega-align-bottom-left mega-menu-flyout mega-menu-item-56 menu-item\" id=\"mega-menu-item-56\"><a class=\"mega-menu-link\" href=\"https:\/\/gruposantaluzia.com.br\/Argamassas\/\">Quem somos<\/a><\/li><li class=\"mega-menu-item mega-menu-item-type-post_type mega-menu-item-object-page mega-align-bottom-left mega-menu-flyout mega-menu-item-55 menu-item\" id=\"mega-menu-item-55\"><a class=\"mega-menu-link\" href=\"https:\/\/gruposantaluzia.com.br\/Argamassas\/argamassas\/\">Argamassas<\/a><\/li><li class=\"mega-menu-item mega-menu-item-type-post_type mega-menu-item-object-page mega-align-bottom-left mega-menu-flyout mega-menu-item-54 menu-item\" id=\"mega-menu-item-54\"><a class=\"mega-menu-link\" href=\"https:\/\/gruposantaluzia.com.br\/Argamassas\/qualidade\/\">Qualidade<\/a><\/li><li class=\"mega-menu-item mega-menu-item-type-post_type mega-menu-item-object-page mega-align-bottom-left mega-menu-flyout mega-menu-item-53 menu-item\" id=\"mega-menu-item-53\"><a class=\"mega-menu-link\" href=\"https:\/\/gruposantaluzia.com.br\/Argamassas\/sistema-silo\/\">Sistema Silo<\/a><\/li><li class=\"mega-menu-item mega-menu-item-type-post_type mega-menu-item-object-page mega-align-bottom-left mega-menu-flyout mega-menu-item-52 menu-item\" id=\"mega-menu-item-52\"><a class=\"mega-menu-link\" href=\"https:\/\/gruposantaluzia.com.br\/Argamassas\/logistica\/\">Log\u00edstica<\/a><\/li><li class=\"mega-menu-item mega-menu-item-type-post_type mega-menu-item-object-page mega-align-bottom-left mega-menu-flyout mega-menu-item-51 menu-item\" id=\"mega-menu-item-51\"><a class=\"mega-menu-link\" href=\"https:\/\/gruposantaluzia.com.br\/Argamassas\/sustentabilidade\/\">Sustentabilidade<\/a><\/li><li class=\"mega-menu-item mega-menu-item-type-post_type mega-menu-item-object-page mega-align-bottom-left mega-menu-flyout mega-menu-item-50 menu-item\" id=\"mega-menu-item-50\"><a class=\"mega-menu-link\" href=\"https:\/\/gruposantaluzia.com.br\/Argamassas\/contato\/\">Contato<\/a><\/li><\/ul><\/div>\t\t\t\t<\/div>\n\t\t\t\t<\/div>\n\t\t\t\t\t<\/div>\n\t\t<\/div>\n\t\t\t\t\t<\/div>\n\t\t<\/section>\n\t\t\t\t<section class=\"elementor-section elementor-top-section elementor-element elementor-element-03f343b elementor-section-content-bottom elementor-hidden-mobile elementor-section-boxed elementor-section-height-default elementor-section-height-default\" data-id=\"03f343b\" data-element_type=\"section\" data-e-type=\"section\">\n\t\t\t\t\t\t<div class=\"elementor-container elementor-column-gap-default\">\n\t\t\t\t\t<div class=\"elementor-column elementor-col-33 elementor-top-column elementor-element elementor-element-0d652ed\" data-id=\"0d652ed\" data-element_type=\"column\" data-e-type=\"column\">\n\t\t\t<div class=\"elementor-widget-wrap elementor-element-populated\">\n\t\t\t\t\t\t<div class=\"elementor-element elementor-element-23c1b1c elementor-widget elementor-widget-image\" data-id=\"23c1b1c\" data-element_type=\"widget\" data-e-type=\"widget\" data-widget_type=\"image.default\">\n\t\t\t\t<div class=\"elementor-widget-container\">\n\t\t\t\t\t\t\t\t\t\t\t\t\t\t\t<img decoding=\"async\" width=\"319\" height=\"108\" src=\"https:\/\/gruposantaluzia.com.br\/Argamassas\/wp-content\/uploads\/2019\/12\/logo-argamassa.png\" class=\"attachment-large size-large wp-image-70\" alt=\"\" srcset=\"https:\/\/gruposantaluzia.com.br\/Argamassas\/wp-content\/uploads\/2019\/12\/logo-argamassa.png 319w, https:\/\/gruposantaluzia.com.br\/Argamassas\/wp-content\/uploads\/2019\/12\/logo-argamassa-300x102.png 300w\" sizes=\"100vw\" \/>\t\t\t\t\t\t\t\t\t\t\t\t\t\t\t<\/div>\n\t\t\t\t<\/div>\n\t\t\t\t\t<\/div>\n\t\t<\/div>\n\t\t\t\t<div class=\"elementor-column elementor-col-66 elementor-top-column elementor-element elementor-element-712597b\" data-id=\"712597b\" data-element_type=\"column\" data-e-type=\"column\">\n\t\t\t<div class=\"elementor-widget-wrap elementor-element-populated\">\n\t\t\t\t\t\t<section class=\"elementor-section elementor-inner-section elementor-element elementor-element-72951b9 elementor-section-boxed elementor-section-height-default elementor-section-height-default\" data-id=\"72951b9\" data-element_type=\"section\" data-e-type=\"section\">\n\t\t\t\t\t\t<div class=\"elementor-container elementor-column-gap-default\">\n\t\t\t\t\t<div class=\"elementor-column elementor-col-100 elementor-inner-column elementor-element elementor-element-2b4df03\" data-id=\"2b4df03\" data-element_type=\"column\" data-e-type=\"column\">\n\t\t\t<div class=\"elementor-widget-wrap elementor-element-populated\">\n\t\t\t\t\t\t<div class=\"elementor-element elementor-element-e567051 elementor-widget__width-auto elementor-widget elementor-widget-image\" data-id=\"e567051\" data-element_type=\"widget\" data-e-type=\"widget\" data-widget_type=\"image.default\">\n\t\t\t\t<div class=\"elementor-widget-container\">\n\t\t\t\t\t\t\t\t\t\t\t\t\t\t\t\t<a href=\"https:\/\/gruposantaluzia.com.br\/Argamassas\/who-we-are\/\">\n\t\t\t\t\t\t\t<img decoding=\"async\" width=\"20\" height=\"13\" src=\"https:\/\/gruposantaluzia.com.br\/Argamassas\/wp-content\/uploads\/2023\/10\/bandeira-uk.png\" class=\"attachment-large size-large wp-image-637\" alt=\"English\" sizes=\"100vw\" \/>\t\t\t\t\t\t\t\t<\/a>\n\t\t\t\t\t\t\t\t\t\t\t\t\t\t\t<\/div>\n\t\t\t\t<\/div>\n\t\t\t\t<div class=\"elementor-element elementor-element-e075f35 elementor-widget__width-auto elementor-widget elementor-widget-image\" data-id=\"e075f35\" data-element_type=\"widget\" data-e-type=\"widget\" data-widget_type=\"image.default\">\n\t\t\t\t<div class=\"elementor-widget-container\">\n\t\t\t\t\t\t\t\t\t\t\t\t\t\t\t\t<a href=\"https:\/\/gruposantaluzia.com.br\/Argamassas\/quien-somos\/\">\n\t\t\t\t\t\t\t<img decoding=\"async\" width=\"20\" height=\"13\" src=\"https:\/\/gruposantaluzia.com.br\/Argamassas\/wp-content\/uploads\/2023\/10\/bandeira-espanha.png\" class=\"attachment-large size-large wp-image-352\" alt=\"Espa\u00f1ol\" sizes=\"100vw\" \/>\t\t\t\t\t\t\t\t<\/a>\n\t\t\t\t\t\t\t\t\t\t\t\t\t\t\t<\/div>\n\t\t\t\t<\/div>\n\t\t\t\t\t<\/div>\n\t\t<\/div>\n\t\t\t\t\t<\/div>\n\t\t<\/section>\n\t\t\t\t<div class=\"elementor-element elementor-element-ac38e48 elementor-widget elementor-widget-wp-widget-maxmegamenu\" data-id=\"ac38e48\" data-element_type=\"widget\" data-e-type=\"widget\" data-widget_type=\"wp-widget-maxmegamenu.default\">\n\t\t\t\t<div class=\"elementor-widget-container\">\n\t\t\t\t\t<div id=\"mega-menu-wrap-top\" class=\"mega-menu-wrap\"><div class=\"mega-menu-toggle\"><div class=\"mega-toggle-blocks-left\"><\/div><div class=\"mega-toggle-blocks-center\"><\/div><div class=\"mega-toggle-blocks-right\"><div class='mega-toggle-block mega-menu-toggle-block mega-toggle-block-1' id='mega-toggle-block-1'><span aria-expanded=\"false\" aria-haspopup=\"true\" role=\"button\" class='mega-toggle-label'><span class='mega-toggle-label-closed'><\/span><span class='mega-toggle-label-open'><\/span><\/span><\/div><\/div><\/div><ul id=\"mega-menu-top\" class=\"mega-menu max-mega-menu mega-menu-horizontal mega-no-js\" data-event=\"hover_intent\" data-effect=\"fade_up\" data-effect-speed=\"200\" data-effect-mobile=\"disabled\" data-effect-speed-mobile=\"0\" data-mobile-force-width=\"false\" data-second-click=\"go\" data-document-click=\"collapse\" data-vertical-behaviour=\"standard\" data-breakpoint=\"900\" data-unbind=\"true\" data-mobile-state=\"collapse_all\" data-mobile-direction=\"vertical\"><li class=\"mega-menu-item mega-menu-item-type-post_type mega-menu-item-object-page mega-menu-item-home mega-align-bottom-left mega-menu-flyout mega-menu-item-56 menu-item\" id=\"mega-menu-item-56\"><a class=\"mega-menu-link\" href=\"https:\/\/gruposantaluzia.com.br\/Argamassas\/\">Quem somos<\/a><\/li><li class=\"mega-menu-item mega-menu-item-type-post_type mega-menu-item-object-page mega-align-bottom-left mega-menu-flyout mega-menu-item-55 menu-item\" id=\"mega-menu-item-55\"><a class=\"mega-menu-link\" href=\"https:\/\/gruposantaluzia.com.br\/Argamassas\/argamassas\/\">Argamassas<\/a><\/li><li class=\"mega-menu-item mega-menu-item-type-post_type mega-menu-item-object-page mega-align-bottom-left mega-menu-flyout mega-menu-item-54 menu-item\" id=\"mega-menu-item-54\"><a class=\"mega-menu-link\" href=\"https:\/\/gruposantaluzia.com.br\/Argamassas\/qualidade\/\">Qualidade<\/a><\/li><li class=\"mega-menu-item mega-menu-item-type-post_type mega-menu-item-object-page mega-align-bottom-left mega-menu-flyout mega-menu-item-53 menu-item\" id=\"mega-menu-item-53\"><a class=\"mega-menu-link\" href=\"https:\/\/gruposantaluzia.com.br\/Argamassas\/sistema-silo\/\">Sistema Silo<\/a><\/li><li class=\"mega-menu-item mega-menu-item-type-post_type mega-menu-item-object-page mega-align-bottom-left mega-menu-flyout mega-menu-item-52 menu-item\" id=\"mega-menu-item-52\"><a class=\"mega-menu-link\" href=\"https:\/\/gruposantaluzia.com.br\/Argamassas\/logistica\/\">Log\u00edstica<\/a><\/li><li class=\"mega-menu-item mega-menu-item-type-post_type mega-menu-item-object-page mega-align-bottom-left mega-menu-flyout mega-menu-item-51 menu-item\" id=\"mega-menu-item-51\"><a class=\"mega-menu-link\" href=\"https:\/\/gruposantaluzia.com.br\/Argamassas\/sustentabilidade\/\">Sustentabilidade<\/a><\/li><li class=\"mega-menu-item mega-menu-item-type-post_type mega-menu-item-object-page mega-align-bottom-left mega-menu-flyout mega-menu-item-50 menu-item\" id=\"mega-menu-item-50\"><a class=\"mega-menu-link\" href=\"https:\/\/gruposantaluzia.com.br\/Argamassas\/contato\/\">Contato<\/a><\/li><\/ul><\/div>\t\t\t\t<\/div>\n\t\t\t\t<\/div>\n\t\t\t\t\t<\/div>\n\t\t<\/div>\n\t\t\t\t\t<\/div>\n\t\t<\/section>\n\t\t\t\t<section class=\"elementor-section elementor-top-section elementor-element elementor-element-150ad93 elementor-section-boxed elementor-section-height-default elementor-section-height-default\" data-id=\"150ad93\" data-element_type=\"section\" data-e-type=\"section\">\n\t\t\t\t\t\t<div class=\"elementor-container elementor-column-gap-default\">\n\t\t\t\t\t<div class=\"elementor-column elementor-col-100 elementor-top-column elementor-element elementor-element-b6c2c70\" data-id=\"b6c2c70\" data-element_type=\"column\" data-e-type=\"column\">\n\t\t\t<div class=\"elementor-widget-wrap elementor-element-populated\">\n\t\t\t\t\t\t<div class=\"elementor-element elementor-element-4866d61 elementor-widget elementor-widget-spacer\" data-id=\"4866d61\" data-element_type=\"widget\" data-e-type=\"widget\" data-widget_type=\"spacer.default\">\n\t\t\t\t<div class=\"elementor-widget-container\">\n\t\t\t\t\t\t\t<div class=\"elementor-spacer\">\n\t\t\t<div class=\"elementor-spacer-inner\"><\/div>\n\t\t<\/div>\n\t\t\t\t\t\t<\/div>\n\t\t\t\t<\/div>\n\t\t\t\t<div class=\"elementor-element elementor-element-1fb00d6 titulo-pagina elementor-widget elementor-widget-text-editor\" data-id=\"1fb00d6\" data-element_type=\"widget\" data-e-type=\"widget\" data-widget_type=\"text-editor.default\">\n\t\t\t\t<div class=\"elementor-widget-container\">\n\t\t\t\t\t\t\t\t\t<p>M\u00faltiplo Uso<\/p>\t\t\t\t\t\t\t\t<\/div>\n\t\t\t\t<\/div>\n\t\t\t\t<div class=\"elementor-element elementor-element-de95a86 elementor-widget elementor-widget-image\" data-id=\"de95a86\" data-element_type=\"widget\" data-e-type=\"widget\" data-widget_type=\"image.default\">\n\t\t\t\t<div class=\"elementor-widget-container\">\n\t\t\t\t\t\t\t\t\t\t\t\t\t\t\t<img loading=\"lazy\" decoding=\"async\" width=\"120\" height=\"3\" src=\"https:\/\/gruposantaluzia.com.br\/Argamassas\/wp-content\/uploads\/2019\/12\/linha-titulo-arga.png\" class=\"attachment-large size-large wp-image-73\" alt=\"\" srcset=\"https:\/\/gruposantaluzia.com.br\/Argamassas\/wp-content\/uploads\/2019\/12\/linha-titulo-arga.png 120w, https:\/\/gruposantaluzia.com.br\/Argamassas\/wp-content\/uploads\/2019\/12\/linha-titulo-arga-100x3.png 100w\" sizes=\"100vw\" \/>\t\t\t\t\t\t\t\t\t\t\t\t\t\t\t<\/div>\n\t\t\t\t<\/div>\n\t\t\t\t\t<\/div>\n\t\t<\/div>\n\t\t\t\t\t<\/div>\n\t\t<\/section>\n\t\t\t\t<section class=\"elementor-section elementor-top-section elementor-element elementor-element-49fbeae elementor-section-boxed elementor-section-height-default elementor-section-height-default\" data-id=\"49fbeae\" data-element_type=\"section\" data-e-type=\"section\">\n\t\t\t\t\t\t<div class=\"elementor-container elementor-column-gap-default\">\n\t\t\t\t\t<div class=\"elementor-column elementor-col-66 elementor-top-column elementor-element elementor-element-48c4e6d\" data-id=\"48c4e6d\" data-element_type=\"column\" data-e-type=\"column\">\n\t\t\t<div class=\"elementor-widget-wrap elementor-element-populated\">\n\t\t\t\t\t\t<div class=\"elementor-element elementor-element-7966860 elementor-widget elementor-widget-text-editor\" data-id=\"7966860\" data-element_type=\"widget\" data-e-type=\"widget\" data-widget_type=\"text-editor.default\">\n\t\t\t\t<div class=\"elementor-widget-container\">\n\t\t\t\t\t\t\t\t\t<p>Argamassa em p\u00f3 de cor acinzentada, \u00e0 base de cimento\u00a0Portland, areia selecionada com granulometria controlada\u00a0e aditivos especiais.<\/p><p>A argamassa Multiplo Uso Santa Luzia \u00e9 produzida dentro\u00a0do mais alto padr\u00e3o nacional bastando acrescentar \u00e1gua,\u00a0arejar e utilizar.<\/p>\t\t\t\t\t\t\t\t<\/div>\n\t\t\t\t<\/div>\n\t\t\t\t<div class=\"elementor-element elementor-element-c5a9066 elementor-widget elementor-widget-button\" data-id=\"c5a9066\" data-element_type=\"widget\" data-e-type=\"widget\" data-widget_type=\"button.default\">\n\t\t\t\t<div class=\"elementor-widget-container\">\n\t\t\t\t\t\t\t\t\t<div class=\"elementor-button-wrapper\">\n\t\t\t\t\t<a class=\"elementor-button elementor-button-link elementor-size-sm\" href=\"https:\/\/gruposantaluzia.com.br\/Argamassas\/wp-content\/uploads\/2020\/04\/Multiplo_Uso.pdf\" target=\"_blank\" rel=\"nofollow\">\n\t\t\t\t\t\t<span class=\"elementor-button-content-wrapper\">\n\t\t\t\t\t\t\t\t\t<span class=\"elementor-button-text\">FICHA T\u00c9CNICA<\/span>\n\t\t\t\t\t<\/span>\n\t\t\t\t\t<\/a>\n\t\t\t\t<\/div>\n\t\t\t\t\t\t\t\t<\/div>\n\t\t\t\t<\/div>\n\t\t\t\t\t<\/div>\n\t\t<\/div>\n\t\t\t\t<div class=\"elementor-column elementor-col-33 elementor-top-column elementor-element elementor-element-451805e\" data-id=\"451805e\" data-element_type=\"column\" data-e-type=\"column\">\n\t\t\t<div class=\"elementor-widget-wrap elementor-element-populated\">\n\t\t\t\t\t\t<div class=\"elementor-element elementor-element-c557642 elementor-widget elementor-widget-image\" data-id=\"c557642\" data-element_type=\"widget\" data-e-type=\"widget\" data-widget_type=\"image.default\">\n\t\t\t\t<div class=\"elementor-widget-container\">\n\t\t\t\t\t\t\t\t\t\t\t\t\t\t\t<img loading=\"lazy\" decoding=\"async\" width=\"268\" height=\"400\" src=\"https:\/\/gruposantaluzia.com.br\/Argamassas\/wp-content\/uploads\/2020\/04\/multiplo-uso.jpg\" class=\"attachment-large size-large wp-image-191\" alt=\"\" srcset=\"https:\/\/gruposantaluzia.com.br\/Argamassas\/wp-content\/uploads\/2020\/04\/multiplo-uso.jpg 268w, https:\/\/gruposantaluzia.com.br\/Argamassas\/wp-content\/uploads\/2020\/04\/multiplo-uso-201x300.jpg 201w\" sizes=\"100vw\" \/>\t\t\t\t\t\t\t\t\t\t\t\t\t\t\t<\/div>\n\t\t\t\t<\/div>\n\t\t\t\t\t<\/div>\n\t\t<\/div>\n\t\t\t\t\t<\/div>\n\t\t<\/section>\n\t\t\t\t<section class=\"elementor-section elementor-top-section elementor-element elementor-element-a81e644 elementor-section-boxed elementor-section-height-default elementor-section-height-default\" data-id=\"a81e644\" data-element_type=\"section\" data-e-type=\"section\">\n\t\t\t\t\t\t<div class=\"elementor-container elementor-column-gap-default\">\n\t\t\t\t\t<div class=\"elementor-column elementor-col-100 elementor-top-column elementor-element elementor-element-c1a64b4\" data-id=\"c1a64b4\" data-element_type=\"column\" data-e-type=\"column\">\n\t\t\t<div class=\"elementor-widget-wrap elementor-element-populated\">\n\t\t\t\t\t\t<div class=\"elementor-element elementor-element-729e004 elementor-widget elementor-widget-text-editor\" data-id=\"729e004\" data-element_type=\"widget\" data-e-type=\"widget\" data-widget_type=\"text-editor.default\">\n\t\t\t\t<div class=\"elementor-widget-container\">\n\t\t\t\t\t\t\t\t\t<p><a href=\"https:\/\/gruposantaluzia.com.br\/Argamassas\/argamassas\/\"><strong>VOLTAR PARA ARGAMASSAS<\/strong><\/a><\/p>\t\t\t\t\t\t\t\t<\/div>\n\t\t\t\t<\/div>\n\t\t\t\t\t<\/div>\n\t\t<\/div>\n\t\t\t\t\t<\/div>\n\t\t<\/section>\n\t\t\t\t<\/div>\n\t\t","protected":false},"excerpt":{"rendered":"<p>M\u00faltiplo Uso Argamassa em p\u00f3 de cor acinzentada, \u00e0 base de cimento\u00a0Portland, areia selecionada com granulometria controlada\u00a0e aditivos especiais. A argamassa Multiplo Uso Santa Luzia \u00e9 produzida dentro\u00a0do mais alto padr\u00e3o nacional bastando acrescentar \u00e1gua,\u00a0arejar e utilizar. FICHA T\u00c9CNICA VOLTAR PARA ARGAMASSAS<\/p>\n","protected":false},"author":1,"featured_media":0,"parent":0,"menu_order":0,"comment_status":"closed","ping_status":"closed","template":"elementor_canvas","meta":{"footnotes":""},"class_list":["post-266","page","type-page","status-publish","hentry"],"_links":{"self":[{"href":"https:\/\/gruposantaluzia.com.br\/Argamassas\/wp-json\/wp\/v2\/pages\/266","targetHints":{"allow":["GET"]}}],"collection":[{"href":"https:\/\/gruposantaluzia.com.br\/Argamassas\/wp-json\/wp\/v2\/pages"}],"about":[{"href":"https:\/\/gruposantaluzia.com.br\/Argamassas\/wp-json\/wp\/v2\/types\/page"}],"author":[{"embeddable":true,"href":"https:\/\/gruposantaluzia.com.br\/Argamassas\/wp-json\/wp\/v2\/users\/1"}],"replies":[{"embeddable":true,"href":"https:\/\/gruposantaluzia.com.br\/Argamassas\/wp-json\/wp\/v2\/comments?post=266"}],"version-history":[{"count":14,"href":"https:\/\/gruposantaluzia.com.br\/Argamassas\/wp-json\/wp\/v2\/pages\/266\/revisions"}],"predecessor-version":[{"id":905,"href":"https:\/\/gruposantaluzia.com.br\/Argamassas\/wp-json\/wp\/v2\/pages\/266\/revisions\/905"}],"wp:attachment":[{"href":"https:\/\/gruposantaluzia.com.br\/Argamassas\/wp-json\/wp\/v2\/media?parent=266"}],"curies":[{"name":"wp","href":"https:\/\/api.w.org\/{rel}","templated":true}]}}