{"id":598,"date":"2023-10-09T16:27:05","date_gmt":"2023-10-09T19:27:05","guid":{"rendered":"https:\/\/gruposantaluzia.com.br\/Argamassas\/?page_id=598"},"modified":"2023-10-10T16:29:20","modified_gmt":"2023-10-10T19:29:20","slug":"logistica-esp","status":"publish","type":"page","link":"https:\/\/gruposantaluzia.com.br\/Argamassas\/logistica-esp\/","title":{"rendered":"Log\u00edstica (esp.)"},"content":{"rendered":"\t\t<div data-elementor-type=\"wp-page\" data-elementor-id=\"598\" class=\"elementor elementor-598\">\n\t\t\t\t\t\t<section class=\"elementor-section elementor-top-section elementor-element elementor-element-45464deb elementor-section-content-bottom elementor-hidden-desktop elementor-hidden-tablet elementor-section-boxed elementor-section-height-default elementor-section-height-default\" data-id=\"45464deb\" data-element_type=\"section\" data-e-type=\"section\">\n\t\t\t\t\t\t<div class=\"elementor-container elementor-column-gap-default\">\n\t\t\t\t\t<div class=\"elementor-column elementor-col-66 elementor-top-column elementor-element elementor-element-26319727\" data-id=\"26319727\" data-element_type=\"column\" data-e-type=\"column\">\n\t\t\t<div class=\"elementor-widget-wrap elementor-element-populated\">\n\t\t\t\t\t\t<div class=\"elementor-element elementor-element-4e67bc0a elementor-widget elementor-widget-image\" data-id=\"4e67bc0a\" data-element_type=\"widget\" data-e-type=\"widget\" data-widget_type=\"image.default\">\n\t\t\t\t<div class=\"elementor-widget-container\">\n\t\t\t\t\t\t\t\t\t\t\t\t\t\t\t<img decoding=\"async\" width=\"319\" height=\"108\" src=\"https:\/\/gruposantaluzia.com.br\/Argamassas\/wp-content\/uploads\/2019\/12\/logo-argamassa.png\" class=\"attachment-large size-large wp-image-70\" alt=\"\" srcset=\"https:\/\/gruposantaluzia.com.br\/Argamassas\/wp-content\/uploads\/2019\/12\/logo-argamassa.png 319w, https:\/\/gruposantaluzia.com.br\/Argamassas\/wp-content\/uploads\/2019\/12\/logo-argamassa-300x102.png 300w\" sizes=\"100vw\" \/>\t\t\t\t\t\t\t\t\t\t\t\t\t\t\t<\/div>\n\t\t\t\t<\/div>\n\t\t\t\t\t<\/div>\n\t\t<\/div>\n\t\t\t\t<div class=\"elementor-column elementor-col-33 elementor-top-column elementor-element elementor-element-6e8e1022\" data-id=\"6e8e1022\" data-element_type=\"column\" data-e-type=\"column\">\n\t\t\t<div class=\"elementor-widget-wrap elementor-element-populated\">\n\t\t\t\t\t\t<section class=\"elementor-section elementor-inner-section elementor-element elementor-element-494a572b elementor-section-boxed elementor-section-height-default elementor-section-height-default\" data-id=\"494a572b\" data-element_type=\"section\" data-e-type=\"section\">\n\t\t\t\t\t\t<div class=\"elementor-container elementor-column-gap-default\">\n\t\t\t\t\t<div class=\"elementor-column elementor-col-100 elementor-inner-column elementor-element elementor-element-52112817\" data-id=\"52112817\" data-element_type=\"column\" data-e-type=\"column\">\n\t\t\t<div class=\"elementor-widget-wrap elementor-element-populated\">\n\t\t\t\t\t\t<div class=\"elementor-element elementor-element-168de509 elementor-widget__width-auto elementor-widget elementor-widget-image\" data-id=\"168de509\" data-element_type=\"widget\" data-e-type=\"widget\" data-widget_type=\"image.default\">\n\t\t\t\t<div class=\"elementor-widget-container\">\n\t\t\t\t\t\t\t\t\t\t\t\t\t\t\t\t<a href=\"https:\/\/gruposantaluzia.com.br\/Argamassas\/\">\n\t\t\t\t\t\t\t<img decoding=\"async\" width=\"20\" height=\"13\" src=\"https:\/\/gruposantaluzia.com.br\/Argamassas\/wp-content\/uploads\/2023\/10\/bandeira-brasil.png\" class=\"attachment-large size-large wp-image-351\" alt=\"Portugu\u00eas brasileiro\" sizes=\"100vw\" \/>\t\t\t\t\t\t\t\t<\/a>\n\t\t\t\t\t\t\t\t\t\t\t\t\t\t\t<\/div>\n\t\t\t\t<\/div>\n\t\t\t\t<div class=\"elementor-element elementor-element-fef3815 elementor-widget__width-auto elementor-widget elementor-widget-image\" data-id=\"fef3815\" data-element_type=\"widget\" data-e-type=\"widget\" data-widget_type=\"image.default\">\n\t\t\t\t<div class=\"elementor-widget-container\">\n\t\t\t\t\t\t\t\t\t\t\t\t\t\t\t\t<a href=\"https:\/\/gruposantaluzia.com.br\/Argamassas\/who-we-are\/\">\n\t\t\t\t\t\t\t<img decoding=\"async\" width=\"20\" height=\"13\" src=\"https:\/\/gruposantaluzia.com.br\/Argamassas\/wp-content\/uploads\/2023\/10\/bandeira-uk.png\" class=\"attachment-large size-large wp-image-637\" alt=\"English\" sizes=\"100vw\" \/>\t\t\t\t\t\t\t\t<\/a>\n\t\t\t\t\t\t\t\t\t\t\t\t\t\t\t<\/div>\n\t\t\t\t<\/div>\n\t\t\t\t\t<\/div>\n\t\t<\/div>\n\t\t\t\t\t<\/div>\n\t\t<\/section>\n\t\t\t\t<div class=\"elementor-element elementor-element-4cfaf039 elementor-widget elementor-widget-wp-widget-maxmegamenu\" data-id=\"4cfaf039\" data-element_type=\"widget\" data-e-type=\"widget\" data-widget_type=\"wp-widget-maxmegamenu.default\">\n\t\t\t\t<div class=\"elementor-widget-container\">\n\t\t\t\t\t<div id=\"mega-menu-wrap-max_mega_menu_2\" class=\"mega-menu-wrap\"><div class=\"mega-menu-toggle\"><div class=\"mega-toggle-blocks-left\"><\/div><div class=\"mega-toggle-blocks-center\"><\/div><div class=\"mega-toggle-blocks-right\"><div class='mega-toggle-block mega-menu-toggle-block mega-toggle-block-1' id='mega-toggle-block-1'><span aria-expanded=\"false\" aria-haspopup=\"true\" role=\"button\" class='mega-toggle-label'><span class='mega-toggle-label-closed'><\/span><span class='mega-toggle-label-open'><\/span><\/span><\/div><\/div><\/div><ul id=\"mega-menu-max_mega_menu_2\" class=\"mega-menu max-mega-menu mega-menu-horizontal mega-no-js\" data-event=\"hover_intent\" data-effect=\"fade_up\" data-effect-speed=\"200\" data-effect-mobile=\"disabled\" data-effect-speed-mobile=\"0\" data-mobile-force-width=\"false\" data-second-click=\"go\" data-document-click=\"collapse\" data-vertical-behaviour=\"standard\" data-breakpoint=\"900\" data-unbind=\"true\" data-mobile-state=\"collapse_all\" data-mobile-direction=\"vertical\"><li class=\"mega-menu-item mega-menu-item-type-post_type mega-menu-item-object-page mega-align-bottom-left mega-menu-flyout mega-menu-item-634 menu-item\" id=\"mega-menu-item-634\"><a class=\"mega-menu-link\" href=\"https:\/\/gruposantaluzia.com.br\/Argamassas\/quien-somos\/\">Quien Somos<\/a><\/li><li class=\"mega-menu-item mega-menu-item-type-post_type mega-menu-item-object-page mega-align-bottom-left mega-menu-flyout mega-menu-item-633 menu-item\" id=\"mega-menu-item-633\"><a class=\"mega-menu-link\" href=\"https:\/\/gruposantaluzia.com.br\/Argamassas\/morteros\/\">Morteros<\/a><\/li><li class=\"mega-menu-item mega-menu-item-type-post_type mega-menu-item-object-page mega-align-bottom-left mega-menu-flyout mega-menu-item-630 menu-item\" id=\"mega-menu-item-630\"><a class=\"mega-menu-link\" href=\"https:\/\/gruposantaluzia.com.br\/Argamassas\/calidad\/\">Calidad<\/a><\/li><li class=\"mega-menu-item mega-menu-item-type-post_type mega-menu-item-object-page mega-align-bottom-left mega-menu-flyout mega-menu-item-635 menu-item\" id=\"mega-menu-item-635\"><a class=\"mega-menu-link\" href=\"https:\/\/gruposantaluzia.com.br\/Argamassas\/sistema-de-silos\/\">Sistema de silos<\/a><\/li><li class=\"mega-menu-item mega-menu-item-type-post_type mega-menu-item-object-page mega-align-bottom-left mega-menu-flyout mega-menu-item-632 menu-item\" id=\"mega-menu-item-632\"><a class=\"mega-menu-link\" href=\"https:\/\/gruposantaluzia.com.br\/Argamassas\/logistica-esp\/\">Log\u00edstica<\/a><\/li><li class=\"mega-menu-item mega-menu-item-type-post_type mega-menu-item-object-page mega-align-bottom-left mega-menu-flyout mega-menu-item-636 menu-item\" id=\"mega-menu-item-636\"><a class=\"mega-menu-link\" href=\"https:\/\/gruposantaluzia.com.br\/Argamassas\/sostenibilidad\/\">Sostenibilidad<\/a><\/li><li class=\"mega-menu-item mega-menu-item-type-post_type mega-menu-item-object-page mega-align-bottom-left mega-menu-flyout mega-menu-item-631 menu-item\" id=\"mega-menu-item-631\"><a class=\"mega-menu-link\" href=\"https:\/\/gruposantaluzia.com.br\/Argamassas\/contacto\/\">Contacto<\/a><\/li><\/ul><\/div>\t\t\t\t<\/div>\n\t\t\t\t<\/div>\n\t\t\t\t\t<\/div>\n\t\t<\/div>\n\t\t\t\t\t<\/div>\n\t\t<\/section>\n\t\t\t\t<section class=\"elementor-section elementor-top-section elementor-element elementor-element-6b0e6000 elementor-section-content-bottom elementor-hidden-mobile elementor-section-boxed elementor-section-height-default elementor-section-height-default\" data-id=\"6b0e6000\" data-element_type=\"section\" data-e-type=\"section\">\n\t\t\t\t\t\t<div class=\"elementor-container elementor-column-gap-default\">\n\t\t\t\t\t<div class=\"elementor-column elementor-col-33 elementor-top-column elementor-element elementor-element-53f9b1af\" data-id=\"53f9b1af\" data-element_type=\"column\" data-e-type=\"column\">\n\t\t\t<div class=\"elementor-widget-wrap elementor-element-populated\">\n\t\t\t\t\t\t<div class=\"elementor-element elementor-element-55ef1cb elementor-widget elementor-widget-image\" data-id=\"55ef1cb\" data-element_type=\"widget\" data-e-type=\"widget\" data-widget_type=\"image.default\">\n\t\t\t\t<div class=\"elementor-widget-container\">\n\t\t\t\t\t\t\t\t\t\t\t\t\t\t\t<img decoding=\"async\" width=\"319\" height=\"108\" src=\"https:\/\/gruposantaluzia.com.br\/Argamassas\/wp-content\/uploads\/2019\/12\/logo-argamassa.png\" class=\"attachment-large size-large wp-image-70\" alt=\"\" srcset=\"https:\/\/gruposantaluzia.com.br\/Argamassas\/wp-content\/uploads\/2019\/12\/logo-argamassa.png 319w, https:\/\/gruposantaluzia.com.br\/Argamassas\/wp-content\/uploads\/2019\/12\/logo-argamassa-300x102.png 300w\" sizes=\"100vw\" \/>\t\t\t\t\t\t\t\t\t\t\t\t\t\t\t<\/div>\n\t\t\t\t<\/div>\n\t\t\t\t\t<\/div>\n\t\t<\/div>\n\t\t\t\t<div class=\"elementor-column elementor-col-66 elementor-top-column elementor-element elementor-element-43f02f9c\" data-id=\"43f02f9c\" data-element_type=\"column\" data-e-type=\"column\">\n\t\t\t<div class=\"elementor-widget-wrap elementor-element-populated\">\n\t\t\t\t\t\t<section class=\"elementor-section elementor-inner-section elementor-element elementor-element-18b6b822 elementor-section-boxed elementor-section-height-default elementor-section-height-default\" data-id=\"18b6b822\" data-element_type=\"section\" data-e-type=\"section\">\n\t\t\t\t\t\t<div class=\"elementor-container elementor-column-gap-default\">\n\t\t\t\t\t<div class=\"elementor-column elementor-col-100 elementor-inner-column elementor-element elementor-element-7f100f4f\" data-id=\"7f100f4f\" data-element_type=\"column\" data-e-type=\"column\">\n\t\t\t<div class=\"elementor-widget-wrap elementor-element-populated\">\n\t\t\t\t\t\t<div class=\"elementor-element elementor-element-7204a1e4 elementor-widget__width-auto elementor-widget elementor-widget-image\" data-id=\"7204a1e4\" data-element_type=\"widget\" data-e-type=\"widget\" data-widget_type=\"image.default\">\n\t\t\t\t<div class=\"elementor-widget-container\">\n\t\t\t\t\t\t\t\t\t\t\t\t\t\t\t\t<a href=\"https:\/\/gruposantaluzia.com.br\/Argamassas\/\">\n\t\t\t\t\t\t\t<img decoding=\"async\" width=\"20\" height=\"13\" src=\"https:\/\/gruposantaluzia.com.br\/Argamassas\/wp-content\/uploads\/2023\/10\/bandeira-brasil.png\" class=\"attachment-large size-large wp-image-351\" alt=\"Portugu\u00eas brasileiro\" sizes=\"100vw\" \/>\t\t\t\t\t\t\t\t<\/a>\n\t\t\t\t\t\t\t\t\t\t\t\t\t\t\t<\/div>\n\t\t\t\t<\/div>\n\t\t\t\t<div class=\"elementor-element elementor-element-9740543 elementor-widget__width-auto elementor-widget elementor-widget-image\" data-id=\"9740543\" data-element_type=\"widget\" data-e-type=\"widget\" data-widget_type=\"image.default\">\n\t\t\t\t<div class=\"elementor-widget-container\">\n\t\t\t\t\t\t\t\t\t\t\t\t\t\t\t\t<a href=\"https:\/\/gruposantaluzia.com.br\/Argamassas\/who-we-are\/\">\n\t\t\t\t\t\t\t<img decoding=\"async\" width=\"20\" height=\"13\" src=\"https:\/\/gruposantaluzia.com.br\/Argamassas\/wp-content\/uploads\/2023\/10\/bandeira-uk.png\" class=\"attachment-large size-large wp-image-637\" alt=\"English\" sizes=\"100vw\" \/>\t\t\t\t\t\t\t\t<\/a>\n\t\t\t\t\t\t\t\t\t\t\t\t\t\t\t<\/div>\n\t\t\t\t<\/div>\n\t\t\t\t\t<\/div>\n\t\t<\/div>\n\t\t\t\t\t<\/div>\n\t\t<\/section>\n\t\t\t\t<div class=\"elementor-element elementor-element-560fbfe3 elementor-widget elementor-widget-wp-widget-maxmegamenu\" data-id=\"560fbfe3\" data-element_type=\"widget\" data-e-type=\"widget\" data-widget_type=\"wp-widget-maxmegamenu.default\">\n\t\t\t\t<div class=\"elementor-widget-container\">\n\t\t\t\t\t<div id=\"mega-menu-wrap-max_mega_menu_2\" class=\"mega-menu-wrap\"><div class=\"mega-menu-toggle\"><div class=\"mega-toggle-blocks-left\"><\/div><div class=\"mega-toggle-blocks-center\"><\/div><div class=\"mega-toggle-blocks-right\"><div class='mega-toggle-block mega-menu-toggle-block mega-toggle-block-1' id='mega-toggle-block-1'><span aria-expanded=\"false\" aria-haspopup=\"true\" role=\"button\" class='mega-toggle-label'><span class='mega-toggle-label-closed'><\/span><span class='mega-toggle-label-open'><\/span><\/span><\/div><\/div><\/div><ul id=\"mega-menu-max_mega_menu_2\" class=\"mega-menu max-mega-menu mega-menu-horizontal mega-no-js\" data-event=\"hover_intent\" data-effect=\"fade_up\" data-effect-speed=\"200\" data-effect-mobile=\"disabled\" data-effect-speed-mobile=\"0\" data-mobile-force-width=\"false\" data-second-click=\"go\" data-document-click=\"collapse\" data-vertical-behaviour=\"standard\" data-breakpoint=\"900\" data-unbind=\"true\" data-mobile-state=\"collapse_all\" data-mobile-direction=\"vertical\"><li class=\"mega-menu-item mega-menu-item-type-post_type mega-menu-item-object-page mega-align-bottom-left mega-menu-flyout mega-menu-item-634 menu-item\" id=\"mega-menu-item-634\"><a class=\"mega-menu-link\" href=\"https:\/\/gruposantaluzia.com.br\/Argamassas\/quien-somos\/\">Quien Somos<\/a><\/li><li class=\"mega-menu-item mega-menu-item-type-post_type mega-menu-item-object-page mega-align-bottom-left mega-menu-flyout mega-menu-item-633 menu-item\" id=\"mega-menu-item-633\"><a class=\"mega-menu-link\" href=\"https:\/\/gruposantaluzia.com.br\/Argamassas\/morteros\/\">Morteros<\/a><\/li><li class=\"mega-menu-item mega-menu-item-type-post_type mega-menu-item-object-page mega-align-bottom-left mega-menu-flyout mega-menu-item-630 menu-item\" id=\"mega-menu-item-630\"><a class=\"mega-menu-link\" href=\"https:\/\/gruposantaluzia.com.br\/Argamassas\/calidad\/\">Calidad<\/a><\/li><li class=\"mega-menu-item mega-menu-item-type-post_type mega-menu-item-object-page mega-align-bottom-left mega-menu-flyout mega-menu-item-635 menu-item\" id=\"mega-menu-item-635\"><a class=\"mega-menu-link\" href=\"https:\/\/gruposantaluzia.com.br\/Argamassas\/sistema-de-silos\/\">Sistema de silos<\/a><\/li><li class=\"mega-menu-item mega-menu-item-type-post_type mega-menu-item-object-page mega-align-bottom-left mega-menu-flyout mega-menu-item-632 menu-item\" id=\"mega-menu-item-632\"><a class=\"mega-menu-link\" href=\"https:\/\/gruposantaluzia.com.br\/Argamassas\/logistica-esp\/\">Log\u00edstica<\/a><\/li><li class=\"mega-menu-item mega-menu-item-type-post_type mega-menu-item-object-page mega-align-bottom-left mega-menu-flyout mega-menu-item-636 menu-item\" id=\"mega-menu-item-636\"><a class=\"mega-menu-link\" href=\"https:\/\/gruposantaluzia.com.br\/Argamassas\/sostenibilidad\/\">Sostenibilidad<\/a><\/li><li class=\"mega-menu-item mega-menu-item-type-post_type mega-menu-item-object-page mega-align-bottom-left mega-menu-flyout mega-menu-item-631 menu-item\" id=\"mega-menu-item-631\"><a class=\"mega-menu-link\" href=\"https:\/\/gruposantaluzia.com.br\/Argamassas\/contacto\/\">Contacto<\/a><\/li><\/ul><\/div>\t\t\t\t<\/div>\n\t\t\t\t<\/div>\n\t\t\t\t\t<\/div>\n\t\t<\/div>\n\t\t\t\t\t<\/div>\n\t\t<\/section>\n\t\t\t\t<section class=\"elementor-section elementor-top-section elementor-element elementor-element-db1d13a elementor-section-height-min-height elementor-section-items-bottom elementor-section-content-bottom elementor-section-boxed elementor-section-height-default\" data-id=\"db1d13a\" data-element_type=\"section\" data-e-type=\"section\" data-settings=\"{&quot;background_background&quot;:&quot;classic&quot;}\">\n\t\t\t\t\t\t<div class=\"elementor-container elementor-column-gap-default\">\n\t\t\t\t\t<div class=\"elementor-column elementor-col-100 elementor-top-column elementor-element elementor-element-72eaf8c4\" data-id=\"72eaf8c4\" data-element_type=\"column\" data-e-type=\"column\">\n\t\t\t<div class=\"elementor-widget-wrap elementor-element-populated\">\n\t\t\t\t\t\t<div class=\"elementor-element elementor-element-4121dc4c chamada-fotos elementor-widget elementor-widget-text-editor\" data-id=\"4121dc4c\" data-element_type=\"widget\" data-e-type=\"widget\" data-widget_type=\"text-editor.default\">\n\t\t\t\t<div class=\"elementor-widget-container\">\n\t\t\t\t\t\t\t\t\t<p>Una moderna flota<br \/>de camiones<\/p>\t\t\t\t\t\t\t\t<\/div>\n\t\t\t\t<\/div>\n\t\t\t\t\t<\/div>\n\t\t<\/div>\n\t\t\t\t\t<\/div>\n\t\t<\/section>\n\t\t\t\t<section class=\"elementor-section elementor-top-section elementor-element elementor-element-52ba293b elementor-section-boxed elementor-section-height-default elementor-section-height-default\" data-id=\"52ba293b\" data-element_type=\"section\" data-e-type=\"section\">\n\t\t\t\t\t\t<div class=\"elementor-container elementor-column-gap-default\">\n\t\t\t\t\t<div class=\"elementor-column elementor-col-100 elementor-top-column elementor-element elementor-element-40e77f1f\" data-id=\"40e77f1f\" data-element_type=\"column\" data-e-type=\"column\">\n\t\t\t<div class=\"elementor-widget-wrap elementor-element-populated\">\n\t\t\t\t\t\t<div class=\"elementor-element elementor-element-756e3eb3 elementor-widget elementor-widget-spacer\" data-id=\"756e3eb3\" data-element_type=\"widget\" data-e-type=\"widget\" data-widget_type=\"spacer.default\">\n\t\t\t\t<div class=\"elementor-widget-container\">\n\t\t\t\t\t\t\t<div class=\"elementor-spacer\">\n\t\t\t<div class=\"elementor-spacer-inner\"><\/div>\n\t\t<\/div>\n\t\t\t\t\t\t<\/div>\n\t\t\t\t<\/div>\n\t\t\t\t<div class=\"elementor-element elementor-element-1546a9cc titulo-pagina elementor-widget elementor-widget-text-editor\" data-id=\"1546a9cc\" data-element_type=\"widget\" data-e-type=\"widget\" data-widget_type=\"text-editor.default\">\n\t\t\t\t<div class=\"elementor-widget-container\">\n\t\t\t\t\t\t\t\t\t<p>Log\u00edstica<\/p>\t\t\t\t\t\t\t\t<\/div>\n\t\t\t\t<\/div>\n\t\t\t\t<div class=\"elementor-element elementor-element-48cbd258 elementor-widget elementor-widget-image\" data-id=\"48cbd258\" data-element_type=\"widget\" data-e-type=\"widget\" data-widget_type=\"image.default\">\n\t\t\t\t<div class=\"elementor-widget-container\">\n\t\t\t\t\t\t\t\t\t\t\t\t\t\t\t<img loading=\"lazy\" decoding=\"async\" width=\"120\" height=\"3\" src=\"https:\/\/gruposantaluzia.com.br\/Argamassas\/wp-content\/uploads\/2019\/12\/linha-titulo-arga.png\" class=\"attachment-large size-large wp-image-73\" alt=\"\" srcset=\"https:\/\/gruposantaluzia.com.br\/Argamassas\/wp-content\/uploads\/2019\/12\/linha-titulo-arga.png 120w, https:\/\/gruposantaluzia.com.br\/Argamassas\/wp-content\/uploads\/2019\/12\/linha-titulo-arga-100x3.png 100w\" sizes=\"100vw\" \/>\t\t\t\t\t\t\t\t\t\t\t\t\t\t\t<\/div>\n\t\t\t\t<\/div>\n\t\t\t\t\t<\/div>\n\t\t<\/div>\n\t\t\t\t\t<\/div>\n\t\t<\/section>\n\t\t\t\t<section class=\"elementor-section elementor-top-section elementor-element elementor-element-104d499a elementor-section-boxed elementor-section-height-default elementor-section-height-default\" data-id=\"104d499a\" data-element_type=\"section\" data-e-type=\"section\">\n\t\t\t\t\t\t<div class=\"elementor-container elementor-column-gap-default\">\n\t\t\t\t\t<div class=\"elementor-column elementor-col-50 elementor-top-column elementor-element elementor-element-2c5db753\" data-id=\"2c5db753\" data-element_type=\"column\" data-e-type=\"column\">\n\t\t\t<div class=\"elementor-widget-wrap elementor-element-populated\">\n\t\t\t\t\t\t<div class=\"elementor-element elementor-element-2d680c3e elementor-widget elementor-widget-text-editor\" data-id=\"2d680c3e\" data-element_type=\"widget\" data-e-type=\"widget\" data-widget_type=\"text-editor.default\">\n\t\t\t\t<div class=\"elementor-widget-container\">\n\t\t\t\t\t\t\t\t\t<p>Respetar los plazos de entrega es uno de nuestros principales compromisos.<\/p><p>Toda la log\u00edstica de suministros, desde el control de inventario hasta la planificaci\u00f3n de rutas y la entrega de materiales, es supervisada y administrada por personal capacitado.<\/p><p>Tambi\u00e9n contamos con una moderna flota de camiones equipados con sistemas de seguimiento para garantizar la entrega oportuna a nuestros clientes.<\/p>\t\t\t\t\t\t\t\t<\/div>\n\t\t\t\t<\/div>\n\t\t\t\t\t<\/div>\n\t\t<\/div>\n\t\t\t\t<div class=\"elementor-column elementor-col-50 elementor-top-column elementor-element elementor-element-ae0a69b\" data-id=\"ae0a69b\" data-element_type=\"column\" data-e-type=\"column\">\n\t\t\t<div class=\"elementor-widget-wrap elementor-element-populated\">\n\t\t\t\t\t\t<div class=\"elementor-element elementor-element-67f63e91 elementor-widget elementor-widget-image\" data-id=\"67f63e91\" data-element_type=\"widget\" data-e-type=\"widget\" data-widget_type=\"image.default\">\n\t\t\t\t<div class=\"elementor-widget-container\">\n\t\t\t\t\t\t\t\t\t\t\t\t\t\t\t<img loading=\"lazy\" decoding=\"async\" width=\"525\" height=\"372\" src=\"https:\/\/gruposantaluzia.com.br\/Argamassas\/wp-content\/uploads\/2019\/12\/logistica-interna-1.jpg\" class=\"attachment-large size-large wp-image-94\" alt=\"\" srcset=\"https:\/\/gruposantaluzia.com.br\/Argamassas\/wp-content\/uploads\/2019\/12\/logistica-interna-1.jpg 717w, https:\/\/gruposantaluzia.com.br\/Argamassas\/wp-content\/uploads\/2019\/12\/logistica-interna-1-300x213.jpg 300w\" sizes=\"100vw\" \/>\t\t\t\t\t\t\t\t\t\t\t\t\t\t\t<\/div>\n\t\t\t\t<\/div>\n\t\t\t\t<div class=\"elementor-element elementor-element-e7c5fb5 elementor-widget elementor-widget-image\" data-id=\"e7c5fb5\" data-element_type=\"widget\" data-e-type=\"widget\" data-widget_type=\"image.default\">\n\t\t\t\t<div class=\"elementor-widget-container\">\n\t\t\t\t\t\t\t\t\t\t\t\t\t\t\t<img loading=\"lazy\" decoding=\"async\" width=\"525\" height=\"318\" src=\"https:\/\/gruposantaluzia.com.br\/Argamassas\/wp-content\/uploads\/2019\/12\/logistica-2.jpg\" class=\"attachment-large size-large wp-image-95\" alt=\"\" srcset=\"https:\/\/gruposantaluzia.com.br\/Argamassas\/wp-content\/uploads\/2019\/12\/logistica-2.jpg 717w, https:\/\/gruposantaluzia.com.br\/Argamassas\/wp-content\/uploads\/2019\/12\/logistica-2-300x182.jpg 300w\" sizes=\"100vw\" \/>\t\t\t\t\t\t\t\t\t\t\t\t\t\t\t<\/div>\n\t\t\t\t<\/div>\n\t\t\t\t\t<\/div>\n\t\t<\/div>\n\t\t\t\t\t<\/div>\n\t\t<\/section>\n\t\t\t\t<\/div>\n\t\t","protected":false},"excerpt":{"rendered":"<p>Una moderna flotade camiones Log\u00edstica Respetar los plazos de entrega es uno de nuestros principales compromisos. Toda la log\u00edstica de suministros, desde el control de inventario hasta la planificaci\u00f3n de rutas y la entrega de materiales, es supervisada y administrada por personal capacitado. Tambi\u00e9n contamos con una moderna flota de camiones equipados con sistemas de &hellip; <\/p>\n<p class=\"link-more\"><a href=\"https:\/\/gruposantaluzia.com.br\/Argamassas\/logistica-esp\/\" class=\"more-link\">Continue lendo<span class=\"screen-reader-text\"> &#8220;Log\u00edstica (esp.)&#8221;<\/span><\/a><\/p>\n","protected":false},"author":1,"featured_media":0,"parent":0,"menu_order":0,"comment_status":"closed","ping_status":"closed","template":"elementor_canvas","meta":{"footnotes":""},"class_list":["post-598","page","type-page","status-publish","hentry"],"_links":{"self":[{"href":"https:\/\/gruposantaluzia.com.br\/Argamassas\/wp-json\/wp\/v2\/pages\/598","targetHints":{"allow":["GET"]}}],"collection":[{"href":"https:\/\/gruposantaluzia.com.br\/Argamassas\/wp-json\/wp\/v2\/pages"}],"about":[{"href":"https:\/\/gruposantaluzia.com.br\/Argamassas\/wp-json\/wp\/v2\/types\/page"}],"author":[{"embeddable":true,"href":"https:\/\/gruposantaluzia.com.br\/Argamassas\/wp-json\/wp\/v2\/users\/1"}],"replies":[{"embeddable":true,"href":"https:\/\/gruposantaluzia.com.br\/Argamassas\/wp-json\/wp\/v2\/comments?post=598"}],"version-history":[{"count":4,"href":"https:\/\/gruposantaluzia.com.br\/Argamassas\/wp-json\/wp\/v2\/pages\/598\/revisions"}],"predecessor-version":[{"id":847,"href":"https:\/\/gruposantaluzia.com.br\/Argamassas\/wp-json\/wp\/v2\/pages\/598\/revisions\/847"}],"wp:attachment":[{"href":"https:\/\/gruposantaluzia.com.br\/Argamassas\/wp-json\/wp\/v2\/media?parent=598"}],"curies":[{"name":"wp","href":"https:\/\/api.w.org\/{rel}","templated":true}]}}