{"id":618,"date":"2023-10-09T17:49:55","date_gmt":"2023-10-09T20:49:55","guid":{"rendered":"https:\/\/gruposantaluzia.com.br\/Argamassas\/?page_id=618"},"modified":"2023-10-10T15:46:43","modified_gmt":"2023-10-10T18:46:43","slug":"estructural","status":"publish","type":"page","link":"https:\/\/gruposantaluzia.com.br\/Argamassas\/estructural\/","title":{"rendered":"Estructural"},"content":{"rendered":"\t\t<div data-elementor-type=\"wp-page\" data-elementor-id=\"618\" class=\"elementor elementor-618\">\n\t\t\t\t\t\t<section class=\"elementor-section elementor-top-section elementor-element elementor-element-a5344ca elementor-section-content-bottom elementor-hidden-desktop elementor-hidden-tablet elementor-section-boxed elementor-section-height-default elementor-section-height-default\" data-id=\"a5344ca\" data-element_type=\"section\" data-e-type=\"section\">\n\t\t\t\t\t\t<div class=\"elementor-container elementor-column-gap-default\">\n\t\t\t\t\t<div class=\"elementor-column elementor-col-66 elementor-top-column elementor-element elementor-element-875801b\" data-id=\"875801b\" data-element_type=\"column\" data-e-type=\"column\">\n\t\t\t<div class=\"elementor-widget-wrap elementor-element-populated\">\n\t\t\t\t\t\t<div class=\"elementor-element elementor-element-73f8307 elementor-widget elementor-widget-image\" data-id=\"73f8307\" data-element_type=\"widget\" data-e-type=\"widget\" data-widget_type=\"image.default\">\n\t\t\t\t<div class=\"elementor-widget-container\">\n\t\t\t\t\t\t\t\t\t\t\t\t\t\t\t<img decoding=\"async\" width=\"319\" height=\"108\" src=\"https:\/\/gruposantaluzia.com.br\/Argamassas\/wp-content\/uploads\/2019\/12\/logo-argamassa.png\" class=\"attachment-large size-large wp-image-70\" alt=\"\" srcset=\"https:\/\/gruposantaluzia.com.br\/Argamassas\/wp-content\/uploads\/2019\/12\/logo-argamassa.png 319w, https:\/\/gruposantaluzia.com.br\/Argamassas\/wp-content\/uploads\/2019\/12\/logo-argamassa-300x102.png 300w\" sizes=\"100vw\" \/>\t\t\t\t\t\t\t\t\t\t\t\t\t\t\t<\/div>\n\t\t\t\t<\/div>\n\t\t\t\t\t<\/div>\n\t\t<\/div>\n\t\t\t\t<div class=\"elementor-column elementor-col-33 elementor-top-column elementor-element elementor-element-0a75544\" data-id=\"0a75544\" data-element_type=\"column\" data-e-type=\"column\">\n\t\t\t<div class=\"elementor-widget-wrap elementor-element-populated\">\n\t\t\t\t\t\t<section class=\"elementor-section elementor-inner-section elementor-element elementor-element-d6f6c8f elementor-section-boxed elementor-section-height-default elementor-section-height-default\" data-id=\"d6f6c8f\" data-element_type=\"section\" data-e-type=\"section\">\n\t\t\t\t\t\t<div class=\"elementor-container elementor-column-gap-default\">\n\t\t\t\t\t<div class=\"elementor-column elementor-col-100 elementor-inner-column elementor-element elementor-element-68d5f41\" data-id=\"68d5f41\" data-element_type=\"column\" data-e-type=\"column\">\n\t\t\t<div class=\"elementor-widget-wrap elementor-element-populated\">\n\t\t\t\t\t\t<div class=\"elementor-element elementor-element-e59cb02 elementor-widget__width-auto elementor-widget elementor-widget-image\" data-id=\"e59cb02\" data-element_type=\"widget\" data-e-type=\"widget\" data-widget_type=\"image.default\">\n\t\t\t\t<div class=\"elementor-widget-container\">\n\t\t\t\t\t\t\t\t\t\t\t\t\t\t\t\t<a href=\"https:\/\/gruposantaluzia.com.br\/Argamassas\/\">\n\t\t\t\t\t\t\t<img decoding=\"async\" width=\"20\" height=\"13\" src=\"https:\/\/gruposantaluzia.com.br\/Argamassas\/wp-content\/uploads\/2023\/10\/bandeira-brasil.png\" class=\"attachment-large size-large wp-image-351\" alt=\"Portugu\u00eas brasileiro\" sizes=\"100vw\" \/>\t\t\t\t\t\t\t\t<\/a>\n\t\t\t\t\t\t\t\t\t\t\t\t\t\t\t<\/div>\n\t\t\t\t<\/div>\n\t\t\t\t<div class=\"elementor-element elementor-element-84ac2b9 elementor-widget__width-auto elementor-widget elementor-widget-image\" data-id=\"84ac2b9\" data-element_type=\"widget\" data-e-type=\"widget\" data-widget_type=\"image.default\">\n\t\t\t\t<div class=\"elementor-widget-container\">\n\t\t\t\t\t\t\t\t\t\t\t\t\t\t\t\t<a href=\"https:\/\/gruposantaluzia.com.br\/Argamassas\/who-we-are\/\">\n\t\t\t\t\t\t\t<img decoding=\"async\" width=\"20\" height=\"13\" src=\"https:\/\/gruposantaluzia.com.br\/Argamassas\/wp-content\/uploads\/2023\/10\/bandeira-uk.png\" class=\"attachment-large size-large wp-image-637\" alt=\"English\" sizes=\"100vw\" \/>\t\t\t\t\t\t\t\t<\/a>\n\t\t\t\t\t\t\t\t\t\t\t\t\t\t\t<\/div>\n\t\t\t\t<\/div>\n\t\t\t\t\t<\/div>\n\t\t<\/div>\n\t\t\t\t\t<\/div>\n\t\t<\/section>\n\t\t\t\t<div class=\"elementor-element elementor-element-934f02d elementor-widget elementor-widget-wp-widget-maxmegamenu\" data-id=\"934f02d\" data-element_type=\"widget\" data-e-type=\"widget\" data-widget_type=\"wp-widget-maxmegamenu.default\">\n\t\t\t\t<div class=\"elementor-widget-container\">\n\t\t\t\t\t<div id=\"mega-menu-wrap-max_mega_menu_2\" class=\"mega-menu-wrap\"><div class=\"mega-menu-toggle\"><div class=\"mega-toggle-blocks-left\"><\/div><div class=\"mega-toggle-blocks-center\"><\/div><div class=\"mega-toggle-blocks-right\"><div class='mega-toggle-block mega-menu-toggle-block mega-toggle-block-1' id='mega-toggle-block-1'><span aria-expanded=\"false\" aria-haspopup=\"true\" role=\"button\" class='mega-toggle-label'><span class='mega-toggle-label-closed'><\/span><span class='mega-toggle-label-open'><\/span><\/span><\/div><\/div><\/div><ul id=\"mega-menu-max_mega_menu_2\" class=\"mega-menu max-mega-menu mega-menu-horizontal mega-no-js\" data-event=\"hover_intent\" data-effect=\"fade_up\" data-effect-speed=\"200\" data-effect-mobile=\"disabled\" data-effect-speed-mobile=\"0\" data-mobile-force-width=\"false\" data-second-click=\"go\" data-document-click=\"collapse\" data-vertical-behaviour=\"standard\" data-breakpoint=\"900\" data-unbind=\"true\" data-mobile-state=\"collapse_all\" data-mobile-direction=\"vertical\"><li class=\"mega-menu-item mega-menu-item-type-post_type mega-menu-item-object-page mega-align-bottom-left mega-menu-flyout mega-menu-item-634 menu-item\" id=\"mega-menu-item-634\"><a class=\"mega-menu-link\" href=\"https:\/\/gruposantaluzia.com.br\/Argamassas\/quien-somos\/\">Quien Somos<\/a><\/li><li class=\"mega-menu-item mega-menu-item-type-post_type mega-menu-item-object-page mega-align-bottom-left mega-menu-flyout mega-menu-item-633 menu-item\" id=\"mega-menu-item-633\"><a class=\"mega-menu-link\" href=\"https:\/\/gruposantaluzia.com.br\/Argamassas\/morteros\/\">Morteros<\/a><\/li><li class=\"mega-menu-item mega-menu-item-type-post_type mega-menu-item-object-page mega-align-bottom-left mega-menu-flyout mega-menu-item-630 menu-item\" id=\"mega-menu-item-630\"><a class=\"mega-menu-link\" href=\"https:\/\/gruposantaluzia.com.br\/Argamassas\/calidad\/\">Calidad<\/a><\/li><li class=\"mega-menu-item mega-menu-item-type-post_type mega-menu-item-object-page mega-align-bottom-left mega-menu-flyout mega-menu-item-635 menu-item\" id=\"mega-menu-item-635\"><a class=\"mega-menu-link\" href=\"https:\/\/gruposantaluzia.com.br\/Argamassas\/sistema-de-silos\/\">Sistema de silos<\/a><\/li><li class=\"mega-menu-item mega-menu-item-type-post_type mega-menu-item-object-page mega-align-bottom-left mega-menu-flyout mega-menu-item-632 menu-item\" id=\"mega-menu-item-632\"><a class=\"mega-menu-link\" href=\"https:\/\/gruposantaluzia.com.br\/Argamassas\/logistica-esp\/\">Log\u00edstica<\/a><\/li><li class=\"mega-menu-item mega-menu-item-type-post_type mega-menu-item-object-page mega-align-bottom-left mega-menu-flyout mega-menu-item-636 menu-item\" id=\"mega-menu-item-636\"><a class=\"mega-menu-link\" href=\"https:\/\/gruposantaluzia.com.br\/Argamassas\/sostenibilidad\/\">Sostenibilidad<\/a><\/li><li class=\"mega-menu-item mega-menu-item-type-post_type mega-menu-item-object-page mega-align-bottom-left mega-menu-flyout mega-menu-item-631 menu-item\" id=\"mega-menu-item-631\"><a class=\"mega-menu-link\" href=\"https:\/\/gruposantaluzia.com.br\/Argamassas\/contacto\/\">Contacto<\/a><\/li><\/ul><\/div>\t\t\t\t<\/div>\n\t\t\t\t<\/div>\n\t\t\t\t\t<\/div>\n\t\t<\/div>\n\t\t\t\t\t<\/div>\n\t\t<\/section>\n\t\t\t\t<section class=\"elementor-section elementor-top-section elementor-element elementor-element-6854375 elementor-section-content-bottom elementor-hidden-mobile elementor-section-boxed elementor-section-height-default elementor-section-height-default\" data-id=\"6854375\" data-element_type=\"section\" data-e-type=\"section\">\n\t\t\t\t\t\t<div class=\"elementor-container elementor-column-gap-default\">\n\t\t\t\t\t<div class=\"elementor-column elementor-col-33 elementor-top-column elementor-element elementor-element-3baa56e\" data-id=\"3baa56e\" data-element_type=\"column\" data-e-type=\"column\">\n\t\t\t<div class=\"elementor-widget-wrap elementor-element-populated\">\n\t\t\t\t\t\t<div class=\"elementor-element elementor-element-aae1dc4 elementor-widget elementor-widget-image\" data-id=\"aae1dc4\" data-element_type=\"widget\" data-e-type=\"widget\" data-widget_type=\"image.default\">\n\t\t\t\t<div class=\"elementor-widget-container\">\n\t\t\t\t\t\t\t\t\t\t\t\t\t\t\t<img decoding=\"async\" width=\"319\" height=\"108\" src=\"https:\/\/gruposantaluzia.com.br\/Argamassas\/wp-content\/uploads\/2019\/12\/logo-argamassa.png\" class=\"attachment-large size-large wp-image-70\" alt=\"\" srcset=\"https:\/\/gruposantaluzia.com.br\/Argamassas\/wp-content\/uploads\/2019\/12\/logo-argamassa.png 319w, https:\/\/gruposantaluzia.com.br\/Argamassas\/wp-content\/uploads\/2019\/12\/logo-argamassa-300x102.png 300w\" sizes=\"100vw\" \/>\t\t\t\t\t\t\t\t\t\t\t\t\t\t\t<\/div>\n\t\t\t\t<\/div>\n\t\t\t\t\t<\/div>\n\t\t<\/div>\n\t\t\t\t<div class=\"elementor-column elementor-col-66 elementor-top-column elementor-element elementor-element-df91597\" data-id=\"df91597\" data-element_type=\"column\" data-e-type=\"column\">\n\t\t\t<div class=\"elementor-widget-wrap elementor-element-populated\">\n\t\t\t\t\t\t<section class=\"elementor-section elementor-inner-section elementor-element elementor-element-d3bbc26 elementor-section-boxed elementor-section-height-default elementor-section-height-default\" data-id=\"d3bbc26\" data-element_type=\"section\" data-e-type=\"section\">\n\t\t\t\t\t\t<div class=\"elementor-container elementor-column-gap-default\">\n\t\t\t\t\t<div class=\"elementor-column elementor-col-100 elementor-inner-column elementor-element elementor-element-2f386d5\" data-id=\"2f386d5\" data-element_type=\"column\" data-e-type=\"column\">\n\t\t\t<div class=\"elementor-widget-wrap elementor-element-populated\">\n\t\t\t\t\t\t<div class=\"elementor-element elementor-element-855dc5e elementor-widget__width-auto elementor-widget elementor-widget-image\" data-id=\"855dc5e\" data-element_type=\"widget\" data-e-type=\"widget\" data-widget_type=\"image.default\">\n\t\t\t\t<div class=\"elementor-widget-container\">\n\t\t\t\t\t\t\t\t\t\t\t\t\t\t\t\t<a href=\"https:\/\/gruposantaluzia.com.br\/Argamassas\/\">\n\t\t\t\t\t\t\t<img decoding=\"async\" width=\"20\" height=\"13\" src=\"https:\/\/gruposantaluzia.com.br\/Argamassas\/wp-content\/uploads\/2023\/10\/bandeira-brasil.png\" class=\"attachment-large size-large wp-image-351\" alt=\"Portugu\u00eas brasileiro\" sizes=\"100vw\" \/>\t\t\t\t\t\t\t\t<\/a>\n\t\t\t\t\t\t\t\t\t\t\t\t\t\t\t<\/div>\n\t\t\t\t<\/div>\n\t\t\t\t<div class=\"elementor-element elementor-element-888b966 elementor-widget__width-auto elementor-widget elementor-widget-image\" data-id=\"888b966\" data-element_type=\"widget\" data-e-type=\"widget\" data-widget_type=\"image.default\">\n\t\t\t\t<div class=\"elementor-widget-container\">\n\t\t\t\t\t\t\t\t\t\t\t\t\t\t\t\t<a href=\"https:\/\/gruposantaluzia.com.br\/Argamassas\/who-we-are\/\">\n\t\t\t\t\t\t\t<img decoding=\"async\" width=\"20\" height=\"13\" src=\"https:\/\/gruposantaluzia.com.br\/Argamassas\/wp-content\/uploads\/2023\/10\/bandeira-uk.png\" class=\"attachment-large size-large wp-image-637\" alt=\"English\" sizes=\"100vw\" \/>\t\t\t\t\t\t\t\t<\/a>\n\t\t\t\t\t\t\t\t\t\t\t\t\t\t\t<\/div>\n\t\t\t\t<\/div>\n\t\t\t\t\t<\/div>\n\t\t<\/div>\n\t\t\t\t\t<\/div>\n\t\t<\/section>\n\t\t\t\t<div class=\"elementor-element elementor-element-f7e0655 elementor-widget elementor-widget-wp-widget-maxmegamenu\" data-id=\"f7e0655\" data-element_type=\"widget\" data-e-type=\"widget\" data-widget_type=\"wp-widget-maxmegamenu.default\">\n\t\t\t\t<div class=\"elementor-widget-container\">\n\t\t\t\t\t<div id=\"mega-menu-wrap-max_mega_menu_2\" class=\"mega-menu-wrap\"><div class=\"mega-menu-toggle\"><div class=\"mega-toggle-blocks-left\"><\/div><div class=\"mega-toggle-blocks-center\"><\/div><div class=\"mega-toggle-blocks-right\"><div class='mega-toggle-block mega-menu-toggle-block mega-toggle-block-1' id='mega-toggle-block-1'><span aria-expanded=\"false\" aria-haspopup=\"true\" role=\"button\" class='mega-toggle-label'><span class='mega-toggle-label-closed'><\/span><span class='mega-toggle-label-open'><\/span><\/span><\/div><\/div><\/div><ul id=\"mega-menu-max_mega_menu_2\" class=\"mega-menu max-mega-menu mega-menu-horizontal mega-no-js\" data-event=\"hover_intent\" data-effect=\"fade_up\" data-effect-speed=\"200\" data-effect-mobile=\"disabled\" data-effect-speed-mobile=\"0\" data-mobile-force-width=\"false\" data-second-click=\"go\" data-document-click=\"collapse\" data-vertical-behaviour=\"standard\" data-breakpoint=\"900\" data-unbind=\"true\" data-mobile-state=\"collapse_all\" data-mobile-direction=\"vertical\"><li class=\"mega-menu-item mega-menu-item-type-post_type mega-menu-item-object-page mega-align-bottom-left mega-menu-flyout mega-menu-item-634 menu-item\" id=\"mega-menu-item-634\"><a class=\"mega-menu-link\" href=\"https:\/\/gruposantaluzia.com.br\/Argamassas\/quien-somos\/\">Quien Somos<\/a><\/li><li class=\"mega-menu-item mega-menu-item-type-post_type mega-menu-item-object-page mega-align-bottom-left mega-menu-flyout mega-menu-item-633 menu-item\" id=\"mega-menu-item-633\"><a class=\"mega-menu-link\" href=\"https:\/\/gruposantaluzia.com.br\/Argamassas\/morteros\/\">Morteros<\/a><\/li><li class=\"mega-menu-item mega-menu-item-type-post_type mega-menu-item-object-page mega-align-bottom-left mega-menu-flyout mega-menu-item-630 menu-item\" id=\"mega-menu-item-630\"><a class=\"mega-menu-link\" href=\"https:\/\/gruposantaluzia.com.br\/Argamassas\/calidad\/\">Calidad<\/a><\/li><li class=\"mega-menu-item mega-menu-item-type-post_type mega-menu-item-object-page mega-align-bottom-left mega-menu-flyout mega-menu-item-635 menu-item\" id=\"mega-menu-item-635\"><a class=\"mega-menu-link\" href=\"https:\/\/gruposantaluzia.com.br\/Argamassas\/sistema-de-silos\/\">Sistema de silos<\/a><\/li><li class=\"mega-menu-item mega-menu-item-type-post_type mega-menu-item-object-page mega-align-bottom-left mega-menu-flyout mega-menu-item-632 menu-item\" id=\"mega-menu-item-632\"><a class=\"mega-menu-link\" href=\"https:\/\/gruposantaluzia.com.br\/Argamassas\/logistica-esp\/\">Log\u00edstica<\/a><\/li><li class=\"mega-menu-item mega-menu-item-type-post_type mega-menu-item-object-page mega-align-bottom-left mega-menu-flyout mega-menu-item-636 menu-item\" id=\"mega-menu-item-636\"><a class=\"mega-menu-link\" href=\"https:\/\/gruposantaluzia.com.br\/Argamassas\/sostenibilidad\/\">Sostenibilidad<\/a><\/li><li class=\"mega-menu-item mega-menu-item-type-post_type mega-menu-item-object-page mega-align-bottom-left mega-menu-flyout mega-menu-item-631 menu-item\" id=\"mega-menu-item-631\"><a class=\"mega-menu-link\" href=\"https:\/\/gruposantaluzia.com.br\/Argamassas\/contacto\/\">Contacto<\/a><\/li><\/ul><\/div>\t\t\t\t<\/div>\n\t\t\t\t<\/div>\n\t\t\t\t\t<\/div>\n\t\t<\/div>\n\t\t\t\t\t<\/div>\n\t\t<\/section>\n\t\t\t\t<section class=\"elementor-section elementor-top-section elementor-element elementor-element-e0664a6 elementor-section-boxed elementor-section-height-default elementor-section-height-default\" data-id=\"e0664a6\" data-element_type=\"section\" data-e-type=\"section\">\n\t\t\t\t\t\t<div class=\"elementor-container elementor-column-gap-default\">\n\t\t\t\t\t<div class=\"elementor-column elementor-col-100 elementor-top-column elementor-element elementor-element-c069626\" data-id=\"c069626\" data-element_type=\"column\" data-e-type=\"column\">\n\t\t\t<div class=\"elementor-widget-wrap elementor-element-populated\">\n\t\t\t\t\t\t<div class=\"elementor-element elementor-element-29b1bb3 elementor-widget elementor-widget-spacer\" data-id=\"29b1bb3\" data-element_type=\"widget\" data-e-type=\"widget\" data-widget_type=\"spacer.default\">\n\t\t\t\t<div class=\"elementor-widget-container\">\n\t\t\t\t\t\t\t<div class=\"elementor-spacer\">\n\t\t\t<div class=\"elementor-spacer-inner\"><\/div>\n\t\t<\/div>\n\t\t\t\t\t\t<\/div>\n\t\t\t\t<\/div>\n\t\t\t\t<div class=\"elementor-element elementor-element-15b6d79 titulo-pagina elementor-widget elementor-widget-text-editor\" data-id=\"15b6d79\" data-element_type=\"widget\" data-e-type=\"widget\" data-widget_type=\"text-editor.default\">\n\t\t\t\t<div class=\"elementor-widget-container\">\n\t\t\t\t\t\t\t\t\t<p>Estructural<\/p>\t\t\t\t\t\t\t\t<\/div>\n\t\t\t\t<\/div>\n\t\t\t\t<div class=\"elementor-element elementor-element-85ad0da elementor-widget elementor-widget-image\" data-id=\"85ad0da\" data-element_type=\"widget\" data-e-type=\"widget\" data-widget_type=\"image.default\">\n\t\t\t\t<div class=\"elementor-widget-container\">\n\t\t\t\t\t\t\t\t\t\t\t\t\t\t\t<img loading=\"lazy\" decoding=\"async\" width=\"120\" height=\"3\" src=\"https:\/\/gruposantaluzia.com.br\/Argamassas\/wp-content\/uploads\/2019\/12\/linha-titulo-arga.png\" class=\"attachment-large size-large wp-image-73\" alt=\"\" srcset=\"https:\/\/gruposantaluzia.com.br\/Argamassas\/wp-content\/uploads\/2019\/12\/linha-titulo-arga.png 120w, https:\/\/gruposantaluzia.com.br\/Argamassas\/wp-content\/uploads\/2019\/12\/linha-titulo-arga-100x3.png 100w\" sizes=\"100vw\" \/>\t\t\t\t\t\t\t\t\t\t\t\t\t\t\t<\/div>\n\t\t\t\t<\/div>\n\t\t\t\t\t<\/div>\n\t\t<\/div>\n\t\t\t\t\t<\/div>\n\t\t<\/section>\n\t\t\t\t<section class=\"elementor-section elementor-top-section elementor-element elementor-element-d92d0d7 elementor-section-boxed elementor-section-height-default elementor-section-height-default\" data-id=\"d92d0d7\" data-element_type=\"section\" data-e-type=\"section\">\n\t\t\t\t\t\t<div class=\"elementor-container elementor-column-gap-default\">\n\t\t\t\t\t<div class=\"elementor-column elementor-col-66 elementor-top-column elementor-element elementor-element-a6fe3ee\" data-id=\"a6fe3ee\" data-element_type=\"column\" data-e-type=\"column\">\n\t\t\t<div class=\"elementor-widget-wrap elementor-element-populated\">\n\t\t\t\t\t\t<div class=\"elementor-element elementor-element-42fe302 elementor-widget elementor-widget-text-editor\" data-id=\"42fe302\" data-element_type=\"widget\" data-e-type=\"widget\" data-widget_type=\"text-editor.default\">\n\t\t\t\t<div class=\"elementor-widget-container\">\n\t\t\t\t\t\t\t\t\t<p>Mortero en polvo gris, a base de cemento Portland, arena seleccionada con tama\u00f1o de part\u00edcula controlado y aditivos especiales.<\/p><p>El mortero multiprop\u00f3sito Santa Luzia se fabrica de acuerdo con los m\u00e1s altos est\u00e1ndares nacionales, simplemente requiere la adici\u00f3n de agua, mezcla y uso.<\/p>\t\t\t\t\t\t\t\t<\/div>\n\t\t\t\t<\/div>\n\t\t\t\t<div class=\"elementor-element elementor-element-9cebe09 elementor-widget elementor-widget-button\" data-id=\"9cebe09\" data-element_type=\"widget\" data-e-type=\"widget\" data-widget_type=\"button.default\">\n\t\t\t\t<div class=\"elementor-widget-container\">\n\t\t\t\t\t\t\t\t\t<div class=\"elementor-button-wrapper\">\n\t\t\t\t\t<a class=\"elementor-button elementor-button-link elementor-size-sm\" href=\"https:\/\/gruposantaluzia.com.br\/Argamassas\/wp-content\/uploads\/2020\/04\/Argamassa_Estrutural1.pdf\" target=\"_blank\" rel=\"nofollow\">\n\t\t\t\t\t\t<span class=\"elementor-button-content-wrapper\">\n\t\t\t\t\t\t\t\t\t<span class=\"elementor-button-text\">FICHA T\u00c9CNICA<\/span>\n\t\t\t\t\t<\/span>\n\t\t\t\t\t<\/a>\n\t\t\t\t<\/div>\n\t\t\t\t\t\t\t\t<\/div>\n\t\t\t\t<\/div>\n\t\t\t\t\t<\/div>\n\t\t<\/div>\n\t\t\t\t<div class=\"elementor-column elementor-col-33 elementor-top-column elementor-element elementor-element-46d6c21\" data-id=\"46d6c21\" data-element_type=\"column\" data-e-type=\"column\">\n\t\t\t<div class=\"elementor-widget-wrap elementor-element-populated\">\n\t\t\t\t\t\t<div class=\"elementor-element elementor-element-7100d4d elementor-widget elementor-widget-image\" data-id=\"7100d4d\" data-element_type=\"widget\" data-e-type=\"widget\" data-widget_type=\"image.default\">\n\t\t\t\t<div class=\"elementor-widget-container\">\n\t\t\t\t\t\t\t\t\t\t\t\t\t\t\t<img loading=\"lazy\" decoding=\"async\" width=\"269\" height=\"400\" src=\"https:\/\/gruposantaluzia.com.br\/Argamassas\/wp-content\/uploads\/2020\/04\/estrutural.jpg\" class=\"attachment-large size-large wp-image-189\" alt=\"\" srcset=\"https:\/\/gruposantaluzia.com.br\/Argamassas\/wp-content\/uploads\/2020\/04\/estrutural.jpg 269w, https:\/\/gruposantaluzia.com.br\/Argamassas\/wp-content\/uploads\/2020\/04\/estrutural-202x300.jpg 202w\" sizes=\"100vw\" \/>\t\t\t\t\t\t\t\t\t\t\t\t\t\t\t<\/div>\n\t\t\t\t<\/div>\n\t\t\t\t\t<\/div>\n\t\t<\/div>\n\t\t\t\t\t<\/div>\n\t\t<\/section>\n\t\t\t\t<section class=\"elementor-section elementor-top-section elementor-element elementor-element-f331d27 elementor-section-boxed elementor-section-height-default elementor-section-height-default\" data-id=\"f331d27\" data-element_type=\"section\" data-e-type=\"section\">\n\t\t\t\t\t\t<div class=\"elementor-container elementor-column-gap-default\">\n\t\t\t\t\t<div class=\"elementor-column elementor-col-100 elementor-top-column elementor-element elementor-element-a534ab3\" data-id=\"a534ab3\" data-element_type=\"column\" data-e-type=\"column\">\n\t\t\t<div class=\"elementor-widget-wrap elementor-element-populated\">\n\t\t\t\t\t\t<div class=\"elementor-element elementor-element-edd3db2 elementor-widget elementor-widget-text-editor\" data-id=\"edd3db2\" data-element_type=\"widget\" data-e-type=\"widget\" data-widget_type=\"text-editor.default\">\n\t\t\t\t<div class=\"elementor-widget-container\">\n\t\t\t\t\t\t\t\t\t<p><strong><a href=\"https:\/\/gruposantaluzia.com.br\/Argamassas\/morteros\/\">VOLVER A MORTEROS<\/a><\/strong><\/p>\t\t\t\t\t\t\t\t<\/div>\n\t\t\t\t<\/div>\n\t\t\t\t\t<\/div>\n\t\t<\/div>\n\t\t\t\t\t<\/div>\n\t\t<\/section>\n\t\t\t\t<\/div>\n\t\t","protected":false},"excerpt":{"rendered":"<p>Estructural Mortero en polvo gris, a base de cemento Portland, arena seleccionada con tama\u00f1o de part\u00edcula controlado y aditivos especiales. El mortero multiprop\u00f3sito Santa Luzia se fabrica de acuerdo con los m\u00e1s altos est\u00e1ndares nacionales, simplemente requiere la adici\u00f3n de agua, mezcla y uso. FICHA T\u00c9CNICA VOLVER A MORTEROS<\/p>\n","protected":false},"author":1,"featured_media":0,"parent":0,"menu_order":0,"comment_status":"closed","ping_status":"closed","template":"elementor_canvas","meta":{"footnotes":""},"class_list":["post-618","page","type-page","status-publish","hentry"],"_links":{"self":[{"href":"https:\/\/gruposantaluzia.com.br\/Argamassas\/wp-json\/wp\/v2\/pages\/618","targetHints":{"allow":["GET"]}}],"collection":[{"href":"https:\/\/gruposantaluzia.com.br\/Argamassas\/wp-json\/wp\/v2\/pages"}],"about":[{"href":"https:\/\/gruposantaluzia.com.br\/Argamassas\/wp-json\/wp\/v2\/types\/page"}],"author":[{"embeddable":true,"href":"https:\/\/gruposantaluzia.com.br\/Argamassas\/wp-json\/wp\/v2\/users\/1"}],"replies":[{"embeddable":true,"href":"https:\/\/gruposantaluzia.com.br\/Argamassas\/wp-json\/wp\/v2\/comments?post=618"}],"version-history":[{"count":4,"href":"https:\/\/gruposantaluzia.com.br\/Argamassas\/wp-json\/wp\/v2\/pages\/618\/revisions"}],"predecessor-version":[{"id":795,"href":"https:\/\/gruposantaluzia.com.br\/Argamassas\/wp-json\/wp\/v2\/pages\/618\/revisions\/795"}],"wp:attachment":[{"href":"https:\/\/gruposantaluzia.com.br\/Argamassas\/wp-json\/wp\/v2\/media?parent=618"}],"curies":[{"name":"wp","href":"https:\/\/api.w.org\/{rel}","templated":true}]}}