{"id":303,"date":"2023-10-06T14:13:06","date_gmt":"2023-10-06T17:13:06","guid":{"rendered":"https:\/\/gruposantaluzia.com.br\/Engenharia\/?page_id=303"},"modified":"2026-04-13T14:03:01","modified_gmt":"2026-04-13T17:03:01","slug":"compliance-esp","status":"publish","type":"page","link":"https:\/\/gruposantaluzia.com.br\/Engenharia\/compliance-esp\/","title":{"rendered":"Compliance (esp.)"},"content":{"rendered":"\t\t<div data-elementor-type=\"wp-page\" data-elementor-id=\"303\" class=\"elementor elementor-303\">\n\t\t\t\t\t\t<section class=\"elementor-section elementor-top-section elementor-element elementor-element-43718c8b elementor-section-content-bottom elementor-hidden-desktop elementor-hidden-tablet elementor-section-boxed elementor-section-height-default elementor-section-height-default\" data-id=\"43718c8b\" data-element_type=\"section\" data-e-type=\"section\">\n\t\t\t\t\t\t<div class=\"elementor-container elementor-column-gap-default\">\n\t\t\t\t\t<div class=\"elementor-column elementor-col-66 elementor-top-column elementor-element elementor-element-52f71645\" data-id=\"52f71645\" data-element_type=\"column\" data-e-type=\"column\">\n\t\t\t<div class=\"elementor-widget-wrap elementor-element-populated\">\n\t\t\t\t\t\t<div class=\"elementor-element elementor-element-527b5c7 elementor-widget elementor-widget-image\" data-id=\"527b5c7\" data-element_type=\"widget\" data-e-type=\"widget\" data-widget_type=\"image.default\">\n\t\t\t\t<div class=\"elementor-widget-container\">\n\t\t\t\t\t\t\t\t\t\t\t\t\t\t\t<img decoding=\"async\" width=\"316\" height=\"107\" src=\"https:\/\/gruposantaluzia.com.br\/Engenharia\/wp-content\/uploads\/2019\/12\/logo-engenharia.png\" class=\"attachment-large size-large wp-image-71\" alt=\"Logo Santa Luzia Engenharia\" srcset=\"https:\/\/gruposantaluzia.com.br\/Engenharia\/wp-content\/uploads\/2019\/12\/logo-engenharia.png 316w, https:\/\/gruposantaluzia.com.br\/Engenharia\/wp-content\/uploads\/2019\/12\/logo-engenharia-300x102.png 300w\" sizes=\"100vw\" \/>\t\t\t\t\t\t\t\t\t\t\t\t\t\t\t<\/div>\n\t\t\t\t<\/div>\n\t\t\t\t\t<\/div>\n\t\t<\/div>\n\t\t\t\t<div class=\"elementor-column elementor-col-33 elementor-top-column elementor-element elementor-element-30aab0c6\" data-id=\"30aab0c6\" data-element_type=\"column\" data-e-type=\"column\">\n\t\t\t<div class=\"elementor-widget-wrap elementor-element-populated\">\n\t\t\t\t\t\t<section class=\"elementor-section elementor-inner-section elementor-element elementor-element-5676550a elementor-section-boxed elementor-section-height-default elementor-section-height-default\" data-id=\"5676550a\" data-element_type=\"section\" data-e-type=\"section\">\n\t\t\t\t\t\t<div class=\"elementor-container elementor-column-gap-default\">\n\t\t\t\t\t<div class=\"elementor-column elementor-col-100 elementor-inner-column elementor-element elementor-element-79dad531\" data-id=\"79dad531\" data-element_type=\"column\" data-e-type=\"column\">\n\t\t\t<div class=\"elementor-widget-wrap elementor-element-populated\">\n\t\t\t\t\t\t<div class=\"elementor-element elementor-element-4c8f8683 elementor-widget__width-auto elementor-widget elementor-widget-image\" data-id=\"4c8f8683\" data-element_type=\"widget\" data-e-type=\"widget\" data-widget_type=\"image.default\">\n\t\t\t\t<div class=\"elementor-widget-container\">\n\t\t\t\t\t\t\t\t\t\t\t\t\t\t\t\t<a href=\"https:\/\/gruposantaluzia.com.br\/Engenharia\/\">\n\t\t\t\t\t\t\t<img decoding=\"async\" width=\"20\" height=\"13\" src=\"https:\/\/gruposantaluzia.com.br\/Engenharia\/wp-content\/uploads\/2023\/09\/bandeira-brasil.png\" class=\"attachment-large size-large wp-image-188\" alt=\"Portugu\u00eas brasileiro\" sizes=\"100vw\" \/>\t\t\t\t\t\t\t\t<\/a>\n\t\t\t\t\t\t\t\t\t\t\t\t\t\t\t<\/div>\n\t\t\t\t<\/div>\n\t\t\t\t<div class=\"elementor-element elementor-element-7e3a8290 elementor-widget__width-auto elementor-widget elementor-widget-image\" data-id=\"7e3a8290\" data-element_type=\"widget\" data-e-type=\"widget\" data-widget_type=\"image.default\">\n\t\t\t\t<div class=\"elementor-widget-container\">\n\t\t\t\t\t\t\t\t\t\t\t\t\t\t\t\t<a href=\"https:\/\/gruposantaluzia.com.br\/Engenharia\/who-we-are\/\">\n\t\t\t\t\t\t\t<img decoding=\"async\" width=\"20\" height=\"13\" src=\"https:\/\/gruposantaluzia.com.br\/Engenharia\/wp-content\/uploads\/2023\/10\/bandeira-uk.png\" class=\"attachment-large size-large wp-image-316\" alt=\"English\" sizes=\"100vw\" \/>\t\t\t\t\t\t\t\t<\/a>\n\t\t\t\t\t\t\t\t\t\t\t\t\t\t\t<\/div>\n\t\t\t\t<\/div>\n\t\t\t\t\t<\/div>\n\t\t<\/div>\n\t\t\t\t\t<\/div>\n\t\t<\/section>\n\t\t\t\t<div class=\"elementor-element elementor-element-42ecf47e elementor-widget elementor-widget-wp-widget-maxmegamenu\" data-id=\"42ecf47e\" data-element_type=\"widget\" data-e-type=\"widget\" data-widget_type=\"wp-widget-maxmegamenu.default\">\n\t\t\t\t<div class=\"elementor-widget-container\">\n\t\t\t\t\t<div id=\"mega-menu-wrap-max_mega_menu_2\" class=\"mega-menu-wrap\"><div class=\"mega-menu-toggle\"><div class=\"mega-toggle-blocks-left\"><\/div><div class=\"mega-toggle-blocks-center\"><\/div><div class=\"mega-toggle-blocks-right\"><div class='mega-toggle-block mega-menu-toggle-block mega-toggle-block-1' id='mega-toggle-block-1'><span class='mega-toggle-label' role='button' aria-haspopup='true' aria-expanded='false'><span class='mega-toggle-label-closed'><\/span><span class='mega-toggle-label-open'><\/span><\/span><\/div><\/div><\/div><ul id=\"mega-menu-max_mega_menu_2\" class=\"mega-menu max-mega-menu mega-menu-horizontal mega-no-js\" data-event=\"hover_intent\" data-effect=\"fade_up\" data-effect-speed=\"200\" data-effect-mobile=\"disabled\" data-effect-speed-mobile=\"0\" data-mobile-force-width=\"false\" data-second-click=\"go\" data-document-click=\"collapse\" data-vertical-behaviour=\"standard\" data-breakpoint=\"900\" data-unbind=\"true\" data-mobile-state=\"collapse_all\" data-mobile-direction=\"vertical\" data-hover-intent-timeout=\"300\" data-hover-intent-interval=\"100\"><li class=\"mega-menu-item mega-menu-item-type-post_type mega-menu-item-object-page mega-align-bottom-left mega-menu-flyout mega-menu-item-315 menu-item\" id=\"mega-menu-item-315\"><a class=\"mega-menu-link\" href=\"https:\/\/gruposantaluzia.com.br\/Engenharia\/quienes-somos\/\">Qui\u00e9nes somos<\/a><\/li><li class=\"mega-menu-item mega-menu-item-type-post_type mega-menu-item-object-page mega-align-bottom-left mega-menu-flyout mega-menu-item-314 menu-item\" id=\"mega-menu-item-314\"><a class=\"mega-menu-link\" href=\"https:\/\/gruposantaluzia.com.br\/Engenharia\/compliance-esp\/\">Compliance<\/a><\/li><li class=\"mega-menu-item mega-menu-item-type-post_type mega-menu-item-object-page mega-align-bottom-left mega-menu-flyout mega-menu-item-313 menu-item\" id=\"mega-menu-item-313\"><a class=\"mega-menu-link\" href=\"https:\/\/gruposantaluzia.com.br\/Engenharia\/sostenibilidad\/\">Sostenibilidad<\/a><\/li><li class=\"mega-menu-item mega-menu-item-type-post_type mega-menu-item-object-page mega-align-bottom-left mega-menu-flyout mega-menu-item-312 menu-item\" id=\"mega-menu-item-312\"><a class=\"mega-menu-link\" href=\"https:\/\/gruposantaluzia.com.br\/Engenharia\/clientes-esp\/\">Clientes<\/a><\/li><li class=\"mega-menu-item mega-menu-item-type-post_type mega-menu-item-object-page mega-align-bottom-left mega-menu-flyout mega-menu-item-311 menu-item\" id=\"mega-menu-item-311\"><a class=\"mega-menu-link\" href=\"https:\/\/gruposantaluzia.com.br\/Engenharia\/contacto\/\">Contacto<\/a><\/li><\/ul><\/div>\t\t\t\t<\/div>\n\t\t\t\t<\/div>\n\t\t\t\t\t<\/div>\n\t\t<\/div>\n\t\t\t\t\t<\/div>\n\t\t<\/section>\n\t\t\t\t<section class=\"elementor-section elementor-top-section elementor-element elementor-element-169a4d0b elementor-section-content-bottom elementor-hidden-mobile elementor-section-boxed elementor-section-height-default elementor-section-height-default\" data-id=\"169a4d0b\" data-element_type=\"section\" data-e-type=\"section\">\n\t\t\t\t\t\t<div class=\"elementor-container elementor-column-gap-default\">\n\t\t\t\t\t<div class=\"elementor-column elementor-col-33 elementor-top-column elementor-element elementor-element-6fa801d6\" data-id=\"6fa801d6\" data-element_type=\"column\" data-e-type=\"column\">\n\t\t\t<div class=\"elementor-widget-wrap elementor-element-populated\">\n\t\t\t\t\t\t<div class=\"elementor-element elementor-element-77b8af79 elementor-widget elementor-widget-image\" data-id=\"77b8af79\" data-element_type=\"widget\" data-e-type=\"widget\" data-widget_type=\"image.default\">\n\t\t\t\t<div class=\"elementor-widget-container\">\n\t\t\t\t\t\t\t\t\t\t\t\t\t\t\t<img decoding=\"async\" width=\"316\" height=\"107\" src=\"https:\/\/gruposantaluzia.com.br\/Engenharia\/wp-content\/uploads\/2019\/12\/logo-engenharia.png\" class=\"attachment-large size-large wp-image-71\" alt=\"Logo Santa Luzia Engenharia\" srcset=\"https:\/\/gruposantaluzia.com.br\/Engenharia\/wp-content\/uploads\/2019\/12\/logo-engenharia.png 316w, https:\/\/gruposantaluzia.com.br\/Engenharia\/wp-content\/uploads\/2019\/12\/logo-engenharia-300x102.png 300w\" sizes=\"100vw\" \/>\t\t\t\t\t\t\t\t\t\t\t\t\t\t\t<\/div>\n\t\t\t\t<\/div>\n\t\t\t\t\t<\/div>\n\t\t<\/div>\n\t\t\t\t<div class=\"elementor-column elementor-col-66 elementor-top-column elementor-element elementor-element-76bd99e0\" data-id=\"76bd99e0\" data-element_type=\"column\" data-e-type=\"column\">\n\t\t\t<div class=\"elementor-widget-wrap elementor-element-populated\">\n\t\t\t\t\t\t<section class=\"elementor-section elementor-inner-section elementor-element elementor-element-27cf98be elementor-section-boxed elementor-section-height-default elementor-section-height-default\" data-id=\"27cf98be\" data-element_type=\"section\" data-e-type=\"section\">\n\t\t\t\t\t\t<div class=\"elementor-container elementor-column-gap-default\">\n\t\t\t\t\t<div class=\"elementor-column elementor-col-100 elementor-inner-column elementor-element elementor-element-237b70aa\" data-id=\"237b70aa\" data-element_type=\"column\" data-e-type=\"column\">\n\t\t\t<div class=\"elementor-widget-wrap elementor-element-populated\">\n\t\t\t\t\t\t<div class=\"elementor-element elementor-element-773086a3 elementor-widget__width-auto elementor-widget elementor-widget-image\" data-id=\"773086a3\" data-element_type=\"widget\" data-e-type=\"widget\" data-widget_type=\"image.default\">\n\t\t\t\t<div class=\"elementor-widget-container\">\n\t\t\t\t\t\t\t\t\t\t\t\t\t\t\t\t<a href=\"https:\/\/gruposantaluzia.com.br\/Engenharia\/\">\n\t\t\t\t\t\t\t<img decoding=\"async\" width=\"20\" height=\"13\" src=\"https:\/\/gruposantaluzia.com.br\/Engenharia\/wp-content\/uploads\/2023\/09\/bandeira-brasil.png\" class=\"attachment-large size-large wp-image-188\" alt=\"Portugu\u00eas brasileiro\" sizes=\"100vw\" \/>\t\t\t\t\t\t\t\t<\/a>\n\t\t\t\t\t\t\t\t\t\t\t\t\t\t\t<\/div>\n\t\t\t\t<\/div>\n\t\t\t\t<div class=\"elementor-element elementor-element-56a73413 elementor-widget__width-auto elementor-widget elementor-widget-image\" data-id=\"56a73413\" data-element_type=\"widget\" data-e-type=\"widget\" data-widget_type=\"image.default\">\n\t\t\t\t<div class=\"elementor-widget-container\">\n\t\t\t\t\t\t\t\t\t\t\t\t\t\t\t\t<a href=\"https:\/\/gruposantaluzia.com.br\/Engenharia\/who-we-are\/\">\n\t\t\t\t\t\t\t<img decoding=\"async\" width=\"20\" height=\"13\" src=\"https:\/\/gruposantaluzia.com.br\/Engenharia\/wp-content\/uploads\/2023\/10\/bandeira-uk.png\" class=\"attachment-large size-large wp-image-316\" alt=\"English\" sizes=\"100vw\" \/>\t\t\t\t\t\t\t\t<\/a>\n\t\t\t\t\t\t\t\t\t\t\t\t\t\t\t<\/div>\n\t\t\t\t<\/div>\n\t\t\t\t\t<\/div>\n\t\t<\/div>\n\t\t\t\t\t<\/div>\n\t\t<\/section>\n\t\t\t\t<div class=\"elementor-element elementor-element-60351a5d elementor-widget elementor-widget-wp-widget-maxmegamenu\" data-id=\"60351a5d\" data-element_type=\"widget\" data-e-type=\"widget\" data-widget_type=\"wp-widget-maxmegamenu.default\">\n\t\t\t\t<div class=\"elementor-widget-container\">\n\t\t\t\t\t<div id=\"mega-menu-wrap-max_mega_menu_2\" class=\"mega-menu-wrap\"><div class=\"mega-menu-toggle\"><div class=\"mega-toggle-blocks-left\"><\/div><div class=\"mega-toggle-blocks-center\"><\/div><div class=\"mega-toggle-blocks-right\"><div class='mega-toggle-block mega-menu-toggle-block mega-toggle-block-1' id='mega-toggle-block-1'><span class='mega-toggle-label' role='button' aria-haspopup='true' aria-expanded='false'><span class='mega-toggle-label-closed'><\/span><span class='mega-toggle-label-open'><\/span><\/span><\/div><\/div><\/div><ul id=\"mega-menu-max_mega_menu_2\" class=\"mega-menu max-mega-menu mega-menu-horizontal mega-no-js\" data-event=\"hover_intent\" data-effect=\"fade_up\" data-effect-speed=\"200\" data-effect-mobile=\"disabled\" data-effect-speed-mobile=\"0\" data-mobile-force-width=\"false\" data-second-click=\"go\" data-document-click=\"collapse\" data-vertical-behaviour=\"standard\" data-breakpoint=\"900\" data-unbind=\"true\" data-mobile-state=\"collapse_all\" data-mobile-direction=\"vertical\" data-hover-intent-timeout=\"300\" data-hover-intent-interval=\"100\"><li class=\"mega-menu-item mega-menu-item-type-post_type mega-menu-item-object-page mega-align-bottom-left mega-menu-flyout mega-menu-item-315 menu-item\" id=\"mega-menu-item-315\"><a class=\"mega-menu-link\" href=\"https:\/\/gruposantaluzia.com.br\/Engenharia\/quienes-somos\/\">Qui\u00e9nes somos<\/a><\/li><li class=\"mega-menu-item mega-menu-item-type-post_type mega-menu-item-object-page mega-align-bottom-left mega-menu-flyout mega-menu-item-314 menu-item\" id=\"mega-menu-item-314\"><a class=\"mega-menu-link\" href=\"https:\/\/gruposantaluzia.com.br\/Engenharia\/compliance-esp\/\">Compliance<\/a><\/li><li class=\"mega-menu-item mega-menu-item-type-post_type mega-menu-item-object-page mega-align-bottom-left mega-menu-flyout mega-menu-item-313 menu-item\" id=\"mega-menu-item-313\"><a class=\"mega-menu-link\" href=\"https:\/\/gruposantaluzia.com.br\/Engenharia\/sostenibilidad\/\">Sostenibilidad<\/a><\/li><li class=\"mega-menu-item mega-menu-item-type-post_type mega-menu-item-object-page mega-align-bottom-left mega-menu-flyout mega-menu-item-312 menu-item\" id=\"mega-menu-item-312\"><a class=\"mega-menu-link\" href=\"https:\/\/gruposantaluzia.com.br\/Engenharia\/clientes-esp\/\">Clientes<\/a><\/li><li class=\"mega-menu-item mega-menu-item-type-post_type mega-menu-item-object-page mega-align-bottom-left mega-menu-flyout mega-menu-item-311 menu-item\" id=\"mega-menu-item-311\"><a class=\"mega-menu-link\" href=\"https:\/\/gruposantaluzia.com.br\/Engenharia\/contacto\/\">Contacto<\/a><\/li><\/ul><\/div>\t\t\t\t<\/div>\n\t\t\t\t<\/div>\n\t\t\t\t\t<\/div>\n\t\t<\/div>\n\t\t\t\t\t<\/div>\n\t\t<\/section>\n\t\t\t\t<section class=\"elementor-section elementor-top-section elementor-element elementor-element-96d4999 elementor-section-height-min-height elementor-section-items-bottom elementor-section-content-bottom elementor-section-boxed elementor-section-height-default\" data-id=\"96d4999\" data-element_type=\"section\" data-e-type=\"section\" data-settings=\"{&quot;background_background&quot;:&quot;classic&quot;}\">\n\t\t\t\t\t\t<div class=\"elementor-container elementor-column-gap-default\">\n\t\t\t\t\t<div class=\"elementor-column elementor-col-100 elementor-top-column elementor-element elementor-element-794deeb\" data-id=\"794deeb\" data-element_type=\"column\" data-e-type=\"column\">\n\t\t\t<div class=\"elementor-widget-wrap\">\n\t\t\t\t\t\t\t<\/div>\n\t\t<\/div>\n\t\t\t\t\t<\/div>\n\t\t<\/section>\n\t\t\t\t<section class=\"elementor-section elementor-top-section elementor-element elementor-element-ef7701c elementor-section-boxed elementor-section-height-default elementor-section-height-default\" data-id=\"ef7701c\" data-element_type=\"section\" data-e-type=\"section\">\n\t\t\t\t\t\t<div class=\"elementor-container elementor-column-gap-default\">\n\t\t\t\t\t<div class=\"elementor-column elementor-col-100 elementor-top-column elementor-element elementor-element-63171e75\" data-id=\"63171e75\" data-element_type=\"column\" data-e-type=\"column\">\n\t\t\t<div class=\"elementor-widget-wrap elementor-element-populated\">\n\t\t\t\t\t\t<div class=\"elementor-element elementor-element-27f8eca5 elementor-widget elementor-widget-spacer\" data-id=\"27f8eca5\" data-element_type=\"widget\" data-e-type=\"widget\" data-widget_type=\"spacer.default\">\n\t\t\t\t<div class=\"elementor-widget-container\">\n\t\t\t\t\t\t\t<div class=\"elementor-spacer\">\n\t\t\t<div class=\"elementor-spacer-inner\"><\/div>\n\t\t<\/div>\n\t\t\t\t\t\t<\/div>\n\t\t\t\t<\/div>\n\t\t\t\t<div class=\"elementor-element elementor-element-485238f7 titulo-pagina elementor-widget elementor-widget-text-editor\" data-id=\"485238f7\" data-element_type=\"widget\" data-e-type=\"widget\" data-widget_type=\"text-editor.default\">\n\t\t\t\t<div class=\"elementor-widget-container\">\n\t\t\t\t\t\t\t\t\t<p>Compliance<\/p>\t\t\t\t\t\t\t\t<\/div>\n\t\t\t\t<\/div>\n\t\t\t\t<div class=\"elementor-element elementor-element-4d1d147f elementor-widget elementor-widget-image\" data-id=\"4d1d147f\" data-element_type=\"widget\" data-e-type=\"widget\" data-widget_type=\"image.default\">\n\t\t\t\t<div class=\"elementor-widget-container\">\n\t\t\t\t\t\t\t\t\t\t\t\t\t\t\t<img loading=\"lazy\" decoding=\"async\" width=\"120\" height=\"3\" src=\"https:\/\/gruposantaluzia.com.br\/Engenharia\/wp-content\/uploads\/2019\/12\/linha-titulo-eng.png\" class=\"attachment-large size-large wp-image-132\" alt=\"\" srcset=\"https:\/\/gruposantaluzia.com.br\/Engenharia\/wp-content\/uploads\/2019\/12\/linha-titulo-eng.png 120w, https:\/\/gruposantaluzia.com.br\/Engenharia\/wp-content\/uploads\/2019\/12\/linha-titulo-eng-100x3.png 100w\" sizes=\"100vw\" \/>\t\t\t\t\t\t\t\t\t\t\t\t\t\t\t<\/div>\n\t\t\t\t<\/div>\n\t\t\t\t\t<\/div>\n\t\t<\/div>\n\t\t\t\t\t<\/div>\n\t\t<\/section>\n\t\t\t\t<section class=\"elementor-section elementor-top-section elementor-element elementor-element-4b3ae06f elementor-section-boxed elementor-section-height-default elementor-section-height-default\" data-id=\"4b3ae06f\" data-element_type=\"section\" data-e-type=\"section\">\n\t\t\t\t\t\t<div class=\"elementor-container elementor-column-gap-default\">\n\t\t\t\t\t<div class=\"elementor-column elementor-col-50 elementor-top-column elementor-element elementor-element-4c6ca370\" data-id=\"4c6ca370\" data-element_type=\"column\" data-e-type=\"column\">\n\t\t\t<div class=\"elementor-widget-wrap elementor-element-populated\">\n\t\t\t\t\t\t<div class=\"elementor-element elementor-element-50b5af37 elementor-widget elementor-widget-text-editor\" data-id=\"50b5af37\" data-element_type=\"widget\" data-e-type=\"widget\" data-widget_type=\"text-editor.default\">\n\t\t\t\t<div class=\"elementor-widget-container\">\n\t\t\t\t\t\t\t\t\t<p>La \u00e9tica y la transparencia son principios que han guiado las actividades de Santa Luzia Engenharia en estos 22 a\u00f1os de prestaci\u00f3n de servicios a empresas p\u00fablicas y privadas.<\/p>\n<p>Con base en las mejores pr\u00e1cticas, los marcos regulatorios y las pol\u00edticas internas, hemos desarrollado un sistema de Compliance basado en procedimientos y normas relativas a la conducci\u00f3n de nuestro negocio, que deben ser observados por todos nuestros empleados, colaboradores, proveedores y clientes.<\/p>\n<p>Nosotros, representantes del consejo de administraci\u00f3n de Santa Luzia Engenharia, reafirmamos, cada d\u00eda, nuestro compromiso con las directrices contenidas en nuestro C\u00f3digo de \u00c9tica, Conducta y Compliance.<\/p>\n<p>Links:<\/p>\n<p><span style=\"font-size: 1rem;\">&#8211;&nbsp;<\/span><a href=\"https:\/\/gruposantaluzia.com.br\/Engenharia\/downloads\/RelatorioIgualdadeSalarialLote_2026_1.pdf\" target=\"_blank\" rel=\"noopener\" style=\"background-color: rgb(255, 255, 255); font-size: 1rem;\">Relat\u00f3rio de Transpar\u00eancia e Igualdade Salarial de Mulheres e Homens &#8211; 1\u00ba Semestre 2026<\/a><\/p><p><a style=\"background-color: #ffffff;\" href=\"https:\/\/gruposantaluzia.com.br\/Engenharia\/downloads\/Relatorio%20Transp%20Salarial%20-%20Agosto%202025.pdf\" data-wplink-url-error=\"true\"><span style=\"color: #000000;\">&#8211; Relat\u00f3rio de Transpar\u00eancia e Igualdade Salarial de Mulheres e Homens &#8211; 2\u00ba Semestre 2025<\/span><\/a><\/p>\n<p>&#8211;&nbsp;<a style=\"background-color: #ffffff; line-height: inherit;\" href=\"https:\/\/gruposantaluzia.com.br\/Engenharia\/downloads\/Relatorio%20Transp%20Salarial%20-%20ABRIL%202025.pdf\" target=\"_blank\" rel=\"noopener\">Relat\u00f3rio de Transpar\u00eancia e Igualdade Salarial de Mulheres e Homens &#8211; 1\u00ba Semestre 2025<\/a><\/p>\n<p>&#8211;&nbsp;<a style=\"background-color: #ffffff;\" href=\"https:\/\/gruposantaluzia.com.br\/Engenharia\/downloads\/Relatorio%20Transp%20Salarial%20-%20Agosto%202024.pdf\" target=\"_blank\" rel=\"noopener\">Relat\u00f3rio de Transpar\u00eancia e Igualdade Salarial de Mulheres e Homens &#8211; 2\u00ba Semestre 2024<\/a><\/p>\n<p>&#8211;&nbsp;<a style=\"background-color: #ffffff;\" href=\"https:\/\/gruposantaluzia.com.br\/Engenharia\/downloads\/Relatorio%20de%20Transparencia%20e%20Igualdade%20Salarial%20de%20Mulheres%20e%20Homens%20-%201%20Semestre%202024.pdf\" target=\"_blank\" rel=\"noopener\">Relat\u00f3rio de Transpar\u00eancia e Igualdade Salarial de Mulheres e Homens &#8211; 1\u00ba Semestre 2024<\/a><\/p>\t\t\t\t\t\t\t\t<\/div>\n\t\t\t\t<\/div>\n\t\t\t\t\t<\/div>\n\t\t<\/div>\n\t\t\t\t<div class=\"elementor-column elementor-col-50 elementor-top-column elementor-element elementor-element-2449b603\" data-id=\"2449b603\" data-element_type=\"column\" data-e-type=\"column\">\n\t\t\t<div class=\"elementor-widget-wrap elementor-element-populated\">\n\t\t\t\t\t\t<div class=\"elementor-element elementor-element-708b85f3 elementor-widget elementor-widget-image\" data-id=\"708b85f3\" data-element_type=\"widget\" data-e-type=\"widget\" data-widget_type=\"image.default\">\n\t\t\t\t<div class=\"elementor-widget-container\">\n\t\t\t\t\t\t\t\t\t\t\t\t\t\t\t\t<a href=\"http:\/\/gruposantaluzia2.hospedagemdesites.ws\/Engenharia\/wp-content\/uploads\/2019\/12\/CODIGO-DE-ETICA-CONDUTA-E-COMPLIANCE-SANTA-LUZIA-06-Versao-Website-05-12-19.pdf\" target=\"_blank\" rel=\"nofollow\">\n\t\t\t\t\t\t\t<img loading=\"lazy\" decoding=\"async\" width=\"525\" height=\"521\" src=\"https:\/\/gruposantaluzia.com.br\/Engenharia\/wp-content\/uploads\/2023\/10\/compliance-botao-esp.jpg\" class=\"elementor-animation-grow attachment-large size-large wp-image-340\" alt=\"C\u00f3digo de \u00c9tica, Conducta y Compliance\" srcset=\"https:\/\/gruposantaluzia.com.br\/Engenharia\/wp-content\/uploads\/2023\/10\/compliance-botao-esp.jpg 717w, https:\/\/gruposantaluzia.com.br\/Engenharia\/wp-content\/uploads\/2023\/10\/compliance-botao-esp-300x297.jpg 300w, https:\/\/gruposantaluzia.com.br\/Engenharia\/wp-content\/uploads\/2023\/10\/compliance-botao-esp-150x150.jpg 150w, https:\/\/gruposantaluzia.com.br\/Engenharia\/wp-content\/uploads\/2023\/10\/compliance-botao-esp-100x100.jpg 100w\" sizes=\"100vw\" \/>\t\t\t\t\t\t\t\t<\/a>\n\t\t\t\t\t\t\t\t\t\t\t\t\t\t\t<\/div>\n\t\t\t\t<\/div>\n\t\t\t\t\t<\/div>\n\t\t<\/div>\n\t\t\t\t\t<\/div>\n\t\t<\/section>\n\t\t\t\t<\/div>\n\t\t","protected":false},"excerpt":{"rendered":"<p>Compliance La \u00e9tica y la transparencia son principios que han guiado las actividades de Santa Luzia Engenharia en estos 22 a\u00f1os de prestaci\u00f3n de servicios a empresas p\u00fablicas y privadas. Con base en las mejores pr\u00e1cticas, los marcos regulatorios y las pol\u00edticas internas, hemos desarrollado un sistema de Compliance basado en procedimientos y normas relativas &hellip; <\/p>\n<p class=\"link-more\"><a href=\"https:\/\/gruposantaluzia.com.br\/Engenharia\/compliance-esp\/\" class=\"more-link\">Continue lendo<span class=\"screen-reader-text\"> &#8220;Compliance (esp.)&#8221;<\/span><\/a><\/p>\n","protected":false},"author":1,"featured_media":0,"parent":0,"menu_order":0,"comment_status":"closed","ping_status":"closed","template":"elementor_canvas","meta":{"footnotes":""},"class_list":["post-303","page","type-page","status-publish","hentry"],"_links":{"self":[{"href":"https:\/\/gruposantaluzia.com.br\/Engenharia\/wp-json\/wp\/v2\/pages\/303","targetHints":{"allow":["GET"]}}],"collection":[{"href":"https:\/\/gruposantaluzia.com.br\/Engenharia\/wp-json\/wp\/v2\/pages"}],"about":[{"href":"https:\/\/gruposantaluzia.com.br\/Engenharia\/wp-json\/wp\/v2\/types\/page"}],"author":[{"embeddable":true,"href":"https:\/\/gruposantaluzia.com.br\/Engenharia\/wp-json\/wp\/v2\/users\/1"}],"replies":[{"embeddable":true,"href":"https:\/\/gruposantaluzia.com.br\/Engenharia\/wp-json\/wp\/v2\/comments?post=303"}],"version-history":[{"count":19,"href":"https:\/\/gruposantaluzia.com.br\/Engenharia\/wp-json\/wp\/v2\/pages\/303\/revisions"}],"predecessor-version":[{"id":537,"href":"https:\/\/gruposantaluzia.com.br\/Engenharia\/wp-json\/wp\/v2\/pages\/303\/revisions\/537"}],"wp:attachment":[{"href":"https:\/\/gruposantaluzia.com.br\/Engenharia\/wp-json\/wp\/v2\/media?parent=303"}],"curies":[{"name":"wp","href":"https:\/\/api.w.org\/{rel}","templated":true}]}}