{"id":33,"date":"2019-12-03T23:31:25","date_gmt":"2019-12-04T02:31:25","guid":{"rendered":"http:\/\/gruposantaluzia2.hospedagemdesites.ws\/Engenharia\/?page_id=33"},"modified":"2026-04-13T14:01:11","modified_gmt":"2026-04-13T17:01:11","slug":"compliance","status":"publish","type":"page","link":"https:\/\/gruposantaluzia.com.br\/Engenharia\/compliance\/","title":{"rendered":"Compliance"},"content":{"rendered":"\t\t<div data-elementor-type=\"wp-page\" data-elementor-id=\"33\" class=\"elementor elementor-33\">\n\t\t\t\t\t\t<section class=\"elementor-section elementor-top-section elementor-element elementor-element-1443a98 elementor-section-content-bottom elementor-hidden-desktop elementor-hidden-tablet elementor-section-boxed elementor-section-height-default elementor-section-height-default\" data-id=\"1443a98\" data-element_type=\"section\" data-e-type=\"section\">\n\t\t\t\t\t\t<div class=\"elementor-container elementor-column-gap-default\">\n\t\t\t\t\t<div class=\"elementor-column elementor-col-66 elementor-top-column elementor-element elementor-element-92e90e7\" data-id=\"92e90e7\" data-element_type=\"column\" data-e-type=\"column\">\n\t\t\t<div class=\"elementor-widget-wrap elementor-element-populated\">\n\t\t\t\t\t\t<div class=\"elementor-element elementor-element-65b214d elementor-widget elementor-widget-image\" data-id=\"65b214d\" data-element_type=\"widget\" data-e-type=\"widget\" data-widget_type=\"image.default\">\n\t\t\t\t<div class=\"elementor-widget-container\">\n\t\t\t\t\t\t\t\t\t\t\t\t\t\t\t<img decoding=\"async\" width=\"316\" height=\"107\" src=\"https:\/\/gruposantaluzia.com.br\/Engenharia\/wp-content\/uploads\/2019\/12\/logo-engenharia.png\" class=\"attachment-large size-large wp-image-71\" alt=\"Logo Santa Luzia Engenharia\" srcset=\"https:\/\/gruposantaluzia.com.br\/Engenharia\/wp-content\/uploads\/2019\/12\/logo-engenharia.png 316w, https:\/\/gruposantaluzia.com.br\/Engenharia\/wp-content\/uploads\/2019\/12\/logo-engenharia-300x102.png 300w\" sizes=\"100vw\" \/>\t\t\t\t\t\t\t\t\t\t\t\t\t\t\t<\/div>\n\t\t\t\t<\/div>\n\t\t\t\t\t<\/div>\n\t\t<\/div>\n\t\t\t\t<div class=\"elementor-column elementor-col-33 elementor-top-column elementor-element elementor-element-871c5d7\" data-id=\"871c5d7\" data-element_type=\"column\" data-e-type=\"column\">\n\t\t\t<div class=\"elementor-widget-wrap elementor-element-populated\">\n\t\t\t\t\t\t<section class=\"elementor-section elementor-inner-section elementor-element elementor-element-cae8de7 elementor-section-boxed elementor-section-height-default elementor-section-height-default\" data-id=\"cae8de7\" data-element_type=\"section\" data-e-type=\"section\">\n\t\t\t\t\t\t<div class=\"elementor-container elementor-column-gap-default\">\n\t\t\t\t\t<div class=\"elementor-column elementor-col-100 elementor-inner-column elementor-element elementor-element-f8697f1\" data-id=\"f8697f1\" data-element_type=\"column\" data-e-type=\"column\">\n\t\t\t<div class=\"elementor-widget-wrap elementor-element-populated\">\n\t\t\t\t\t\t<div class=\"elementor-element elementor-element-e1c9bb2 elementor-widget__width-auto elementor-widget elementor-widget-image\" data-id=\"e1c9bb2\" data-element_type=\"widget\" data-e-type=\"widget\" data-widget_type=\"image.default\">\n\t\t\t\t<div class=\"elementor-widget-container\">\n\t\t\t\t\t\t\t\t\t\t\t\t\t\t\t\t<a href=\"https:\/\/gruposantaluzia.com.br\/Engenharia\/who-we-are\/\">\n\t\t\t\t\t\t\t<img decoding=\"async\" width=\"20\" height=\"13\" src=\"https:\/\/gruposantaluzia.com.br\/Engenharia\/wp-content\/uploads\/2023\/10\/bandeira-uk.png\" class=\"attachment-large size-large wp-image-316\" alt=\"English\" sizes=\"100vw\" \/>\t\t\t\t\t\t\t\t<\/a>\n\t\t\t\t\t\t\t\t\t\t\t\t\t\t\t<\/div>\n\t\t\t\t<\/div>\n\t\t\t\t<div class=\"elementor-element elementor-element-7608048 elementor-widget__width-auto elementor-widget elementor-widget-image\" data-id=\"7608048\" data-element_type=\"widget\" data-e-type=\"widget\" data-widget_type=\"image.default\">\n\t\t\t\t<div class=\"elementor-widget-container\">\n\t\t\t\t\t\t\t\t\t\t\t\t\t\t\t\t<a href=\"https:\/\/gruposantaluzia.com.br\/Engenharia\/quienes-somos\/\">\n\t\t\t\t\t\t\t<img decoding=\"async\" width=\"20\" height=\"13\" src=\"https:\/\/gruposantaluzia.com.br\/Engenharia\/wp-content\/uploads\/2023\/09\/bandeira-espanha.png\" class=\"attachment-large size-large wp-image-192\" alt=\"Espa\u00f1ol\" sizes=\"100vw\" \/>\t\t\t\t\t\t\t\t<\/a>\n\t\t\t\t\t\t\t\t\t\t\t\t\t\t\t<\/div>\n\t\t\t\t<\/div>\n\t\t\t\t\t<\/div>\n\t\t<\/div>\n\t\t\t\t\t<\/div>\n\t\t<\/section>\n\t\t\t\t<div class=\"elementor-element elementor-element-fcd2f97 elementor-widget elementor-widget-wp-widget-maxmegamenu\" data-id=\"fcd2f97\" data-element_type=\"widget\" data-e-type=\"widget\" data-widget_type=\"wp-widget-maxmegamenu.default\">\n\t\t\t\t<div class=\"elementor-widget-container\">\n\t\t\t\t\t<div id=\"mega-menu-wrap-top\" class=\"mega-menu-wrap\"><div class=\"mega-menu-toggle\"><div class=\"mega-toggle-blocks-left\"><\/div><div class=\"mega-toggle-blocks-center\"><\/div><div class=\"mega-toggle-blocks-right\"><div class='mega-toggle-block mega-menu-toggle-block mega-toggle-block-1' id='mega-toggle-block-1'><span class='mega-toggle-label' role='button' aria-haspopup='true' aria-expanded='false'><span class='mega-toggle-label-closed'><\/span><span class='mega-toggle-label-open'><\/span><\/span><\/div><\/div><\/div><ul id=\"mega-menu-top\" class=\"mega-menu max-mega-menu mega-menu-horizontal mega-no-js\" data-event=\"hover_intent\" data-effect=\"fade_up\" data-effect-speed=\"200\" data-effect-mobile=\"disabled\" data-effect-speed-mobile=\"0\" data-mobile-force-width=\"false\" data-second-click=\"go\" data-document-click=\"collapse\" data-vertical-behaviour=\"standard\" data-breakpoint=\"900\" data-unbind=\"true\" data-mobile-state=\"collapse_all\" data-mobile-direction=\"vertical\" data-hover-intent-timeout=\"300\" data-hover-intent-interval=\"100\"><li class=\"mega-menu-item mega-menu-item-type-post_type mega-menu-item-object-page mega-menu-item-home mega-align-bottom-left mega-menu-flyout mega-menu-item-94 menu-item\" id=\"mega-menu-item-94\"><a class=\"mega-menu-link\" href=\"https:\/\/gruposantaluzia.com.br\/Engenharia\/\">Quem somos<\/a><\/li><li class=\"mega-menu-item mega-menu-item-type-post_type mega-menu-item-object-page mega-align-bottom-left mega-menu-flyout mega-menu-item-93 menu-item\" id=\"mega-menu-item-93\"><a class=\"mega-menu-link\" href=\"https:\/\/gruposantaluzia.com.br\/Engenharia\/compliance\/\">Compliance<\/a><\/li><li class=\"mega-menu-item mega-menu-item-type-post_type mega-menu-item-object-page mega-align-bottom-left mega-menu-flyout mega-menu-item-92 menu-item\" id=\"mega-menu-item-92\"><a class=\"mega-menu-link\" href=\"https:\/\/gruposantaluzia.com.br\/Engenharia\/sustentabilidade\/\">Sustentabilidade<\/a><\/li><li class=\"mega-menu-item mega-menu-item-type-post_type mega-menu-item-object-page mega-align-bottom-left mega-menu-flyout mega-menu-item-90 menu-item\" id=\"mega-menu-item-90\"><a class=\"mega-menu-link\" href=\"https:\/\/gruposantaluzia.com.br\/Engenharia\/clientes\/\">Clientes<\/a><\/li><li class=\"mega-menu-item mega-menu-item-type-post_type mega-menu-item-object-page mega-align-bottom-left mega-menu-flyout mega-menu-item-91 menu-item\" id=\"mega-menu-item-91\"><a class=\"mega-menu-link\" href=\"https:\/\/gruposantaluzia.com.br\/Engenharia\/contato\/\">Contato<\/a><\/li><\/ul><\/div>\t\t\t\t<\/div>\n\t\t\t\t<\/div>\n\t\t\t\t\t<\/div>\n\t\t<\/div>\n\t\t\t\t\t<\/div>\n\t\t<\/section>\n\t\t\t\t<section class=\"elementor-section elementor-top-section elementor-element elementor-element-0af3922 elementor-section-content-bottom elementor-hidden-mobile elementor-section-boxed elementor-section-height-default elementor-section-height-default\" data-id=\"0af3922\" data-element_type=\"section\" data-e-type=\"section\">\n\t\t\t\t\t\t<div class=\"elementor-container elementor-column-gap-default\">\n\t\t\t\t\t<div class=\"elementor-column elementor-col-33 elementor-top-column elementor-element elementor-element-f58077d\" data-id=\"f58077d\" data-element_type=\"column\" data-e-type=\"column\">\n\t\t\t<div class=\"elementor-widget-wrap elementor-element-populated\">\n\t\t\t\t\t\t<div class=\"elementor-element elementor-element-054d4a1 elementor-widget elementor-widget-image\" data-id=\"054d4a1\" data-element_type=\"widget\" data-e-type=\"widget\" data-widget_type=\"image.default\">\n\t\t\t\t<div class=\"elementor-widget-container\">\n\t\t\t\t\t\t\t\t\t\t\t\t\t\t\t<img decoding=\"async\" width=\"316\" height=\"107\" src=\"https:\/\/gruposantaluzia.com.br\/Engenharia\/wp-content\/uploads\/2019\/12\/logo-engenharia.png\" class=\"attachment-large size-large wp-image-71\" alt=\"Logo Santa Luzia Engenharia\" srcset=\"https:\/\/gruposantaluzia.com.br\/Engenharia\/wp-content\/uploads\/2019\/12\/logo-engenharia.png 316w, https:\/\/gruposantaluzia.com.br\/Engenharia\/wp-content\/uploads\/2019\/12\/logo-engenharia-300x102.png 300w\" sizes=\"100vw\" \/>\t\t\t\t\t\t\t\t\t\t\t\t\t\t\t<\/div>\n\t\t\t\t<\/div>\n\t\t\t\t\t<\/div>\n\t\t<\/div>\n\t\t\t\t<div class=\"elementor-column elementor-col-66 elementor-top-column elementor-element elementor-element-3672397\" data-id=\"3672397\" data-element_type=\"column\" data-e-type=\"column\">\n\t\t\t<div class=\"elementor-widget-wrap elementor-element-populated\">\n\t\t\t\t\t\t<section class=\"elementor-section elementor-inner-section elementor-element elementor-element-3e8a482 elementor-section-boxed elementor-section-height-default elementor-section-height-default\" data-id=\"3e8a482\" data-element_type=\"section\" data-e-type=\"section\">\n\t\t\t\t\t\t<div class=\"elementor-container elementor-column-gap-default\">\n\t\t\t\t\t<div class=\"elementor-column elementor-col-100 elementor-inner-column elementor-element elementor-element-c634b02\" data-id=\"c634b02\" data-element_type=\"column\" data-e-type=\"column\">\n\t\t\t<div class=\"elementor-widget-wrap elementor-element-populated\">\n\t\t\t\t\t\t<div class=\"elementor-element elementor-element-a01befa elementor-widget__width-auto elementor-widget elementor-widget-image\" data-id=\"a01befa\" data-element_type=\"widget\" data-e-type=\"widget\" data-widget_type=\"image.default\">\n\t\t\t\t<div class=\"elementor-widget-container\">\n\t\t\t\t\t\t\t\t\t\t\t\t\t\t\t\t<a href=\"https:\/\/gruposantaluzia.com.br\/Engenharia\/who-we-are\/\">\n\t\t\t\t\t\t\t<img decoding=\"async\" width=\"20\" height=\"13\" src=\"https:\/\/gruposantaluzia.com.br\/Engenharia\/wp-content\/uploads\/2023\/10\/bandeira-uk.png\" class=\"attachment-large size-large wp-image-316\" alt=\"English\" sizes=\"100vw\" \/>\t\t\t\t\t\t\t\t<\/a>\n\t\t\t\t\t\t\t\t\t\t\t\t\t\t\t<\/div>\n\t\t\t\t<\/div>\n\t\t\t\t<div class=\"elementor-element elementor-element-c7afb26 elementor-widget__width-auto elementor-widget elementor-widget-image\" data-id=\"c7afb26\" data-element_type=\"widget\" data-e-type=\"widget\" data-widget_type=\"image.default\">\n\t\t\t\t<div class=\"elementor-widget-container\">\n\t\t\t\t\t\t\t\t\t\t\t\t\t\t\t\t<a href=\"https:\/\/gruposantaluzia.com.br\/Engenharia\/quienes-somos\/\">\n\t\t\t\t\t\t\t<img decoding=\"async\" width=\"20\" height=\"13\" src=\"https:\/\/gruposantaluzia.com.br\/Engenharia\/wp-content\/uploads\/2023\/09\/bandeira-espanha.png\" class=\"attachment-large size-large wp-image-192\" alt=\"Espa\u00f1ol\" sizes=\"100vw\" \/>\t\t\t\t\t\t\t\t<\/a>\n\t\t\t\t\t\t\t\t\t\t\t\t\t\t\t<\/div>\n\t\t\t\t<\/div>\n\t\t\t\t\t<\/div>\n\t\t<\/div>\n\t\t\t\t\t<\/div>\n\t\t<\/section>\n\t\t\t\t<div class=\"elementor-element elementor-element-d5c3e8e elementor-widget elementor-widget-wp-widget-maxmegamenu\" data-id=\"d5c3e8e\" data-element_type=\"widget\" data-e-type=\"widget\" data-widget_type=\"wp-widget-maxmegamenu.default\">\n\t\t\t\t<div class=\"elementor-widget-container\">\n\t\t\t\t\t<div id=\"mega-menu-wrap-top\" class=\"mega-menu-wrap\"><div class=\"mega-menu-toggle\"><div class=\"mega-toggle-blocks-left\"><\/div><div class=\"mega-toggle-blocks-center\"><\/div><div class=\"mega-toggle-blocks-right\"><div class='mega-toggle-block mega-menu-toggle-block mega-toggle-block-1' id='mega-toggle-block-1'><span class='mega-toggle-label' role='button' aria-haspopup='true' aria-expanded='false'><span class='mega-toggle-label-closed'><\/span><span class='mega-toggle-label-open'><\/span><\/span><\/div><\/div><\/div><ul id=\"mega-menu-top\" class=\"mega-menu max-mega-menu mega-menu-horizontal mega-no-js\" data-event=\"hover_intent\" data-effect=\"fade_up\" data-effect-speed=\"200\" data-effect-mobile=\"disabled\" data-effect-speed-mobile=\"0\" data-mobile-force-width=\"false\" data-second-click=\"go\" data-document-click=\"collapse\" data-vertical-behaviour=\"standard\" data-breakpoint=\"900\" data-unbind=\"true\" data-mobile-state=\"collapse_all\" data-mobile-direction=\"vertical\" data-hover-intent-timeout=\"300\" data-hover-intent-interval=\"100\"><li class=\"mega-menu-item mega-menu-item-type-post_type mega-menu-item-object-page mega-menu-item-home mega-align-bottom-left mega-menu-flyout mega-menu-item-94 menu-item\" id=\"mega-menu-item-94\"><a class=\"mega-menu-link\" href=\"https:\/\/gruposantaluzia.com.br\/Engenharia\/\">Quem somos<\/a><\/li><li class=\"mega-menu-item mega-menu-item-type-post_type mega-menu-item-object-page mega-align-bottom-left mega-menu-flyout mega-menu-item-93 menu-item\" id=\"mega-menu-item-93\"><a class=\"mega-menu-link\" href=\"https:\/\/gruposantaluzia.com.br\/Engenharia\/compliance\/\">Compliance<\/a><\/li><li class=\"mega-menu-item mega-menu-item-type-post_type mega-menu-item-object-page mega-align-bottom-left mega-menu-flyout mega-menu-item-92 menu-item\" id=\"mega-menu-item-92\"><a class=\"mega-menu-link\" href=\"https:\/\/gruposantaluzia.com.br\/Engenharia\/sustentabilidade\/\">Sustentabilidade<\/a><\/li><li class=\"mega-menu-item mega-menu-item-type-post_type mega-menu-item-object-page mega-align-bottom-left mega-menu-flyout mega-menu-item-90 menu-item\" id=\"mega-menu-item-90\"><a class=\"mega-menu-link\" href=\"https:\/\/gruposantaluzia.com.br\/Engenharia\/clientes\/\">Clientes<\/a><\/li><li class=\"mega-menu-item mega-menu-item-type-post_type mega-menu-item-object-page mega-align-bottom-left mega-menu-flyout mega-menu-item-91 menu-item\" id=\"mega-menu-item-91\"><a class=\"mega-menu-link\" href=\"https:\/\/gruposantaluzia.com.br\/Engenharia\/contato\/\">Contato<\/a><\/li><\/ul><\/div>\t\t\t\t<\/div>\n\t\t\t\t<\/div>\n\t\t\t\t\t<\/div>\n\t\t<\/div>\n\t\t\t\t\t<\/div>\n\t\t<\/section>\n\t\t\t\t<section class=\"elementor-section elementor-top-section elementor-element elementor-element-96d4999 elementor-section-height-min-height elementor-section-items-bottom elementor-section-content-bottom elementor-section-boxed elementor-section-height-default\" data-id=\"96d4999\" data-element_type=\"section\" data-e-type=\"section\" data-settings=\"{&quot;background_background&quot;:&quot;classic&quot;}\">\n\t\t\t\t\t\t<div class=\"elementor-container elementor-column-gap-default\">\n\t\t\t\t\t<div class=\"elementor-column elementor-col-100 elementor-top-column elementor-element elementor-element-794deeb\" data-id=\"794deeb\" data-element_type=\"column\" data-e-type=\"column\">\n\t\t\t<div class=\"elementor-widget-wrap\">\n\t\t\t\t\t\t\t<\/div>\n\t\t<\/div>\n\t\t\t\t\t<\/div>\n\t\t<\/section>\n\t\t\t\t<section class=\"elementor-section elementor-top-section elementor-element elementor-element-ef7701c elementor-section-boxed elementor-section-height-default elementor-section-height-default\" data-id=\"ef7701c\" data-element_type=\"section\" data-e-type=\"section\">\n\t\t\t\t\t\t<div class=\"elementor-container elementor-column-gap-default\">\n\t\t\t\t\t<div class=\"elementor-column elementor-col-100 elementor-top-column elementor-element elementor-element-63171e75\" data-id=\"63171e75\" data-element_type=\"column\" data-e-type=\"column\">\n\t\t\t<div class=\"elementor-widget-wrap elementor-element-populated\">\n\t\t\t\t\t\t<div class=\"elementor-element elementor-element-27f8eca5 elementor-widget elementor-widget-spacer\" data-id=\"27f8eca5\" data-element_type=\"widget\" data-e-type=\"widget\" data-widget_type=\"spacer.default\">\n\t\t\t\t<div class=\"elementor-widget-container\">\n\t\t\t\t\t\t\t<div class=\"elementor-spacer\">\n\t\t\t<div class=\"elementor-spacer-inner\"><\/div>\n\t\t<\/div>\n\t\t\t\t\t\t<\/div>\n\t\t\t\t<\/div>\n\t\t\t\t<div class=\"elementor-element elementor-element-485238f7 titulo-pagina elementor-widget elementor-widget-text-editor\" data-id=\"485238f7\" data-element_type=\"widget\" data-e-type=\"widget\" data-widget_type=\"text-editor.default\">\n\t\t\t\t<div class=\"elementor-widget-container\">\n\t\t\t\t\t\t\t\t\t<p>Compliance<\/p>\t\t\t\t\t\t\t\t<\/div>\n\t\t\t\t<\/div>\n\t\t\t\t<div class=\"elementor-element elementor-element-4d1d147f elementor-widget elementor-widget-image\" data-id=\"4d1d147f\" data-element_type=\"widget\" data-e-type=\"widget\" data-widget_type=\"image.default\">\n\t\t\t\t<div class=\"elementor-widget-container\">\n\t\t\t\t\t\t\t\t\t\t\t\t\t\t\t<img loading=\"lazy\" decoding=\"async\" width=\"120\" height=\"3\" src=\"https:\/\/gruposantaluzia.com.br\/Engenharia\/wp-content\/uploads\/2019\/12\/linha-titulo-eng.png\" class=\"attachment-large size-large wp-image-132\" alt=\"\" srcset=\"https:\/\/gruposantaluzia.com.br\/Engenharia\/wp-content\/uploads\/2019\/12\/linha-titulo-eng.png 120w, https:\/\/gruposantaluzia.com.br\/Engenharia\/wp-content\/uploads\/2019\/12\/linha-titulo-eng-100x3.png 100w\" sizes=\"100vw\" \/>\t\t\t\t\t\t\t\t\t\t\t\t\t\t\t<\/div>\n\t\t\t\t<\/div>\n\t\t\t\t\t<\/div>\n\t\t<\/div>\n\t\t\t\t\t<\/div>\n\t\t<\/section>\n\t\t\t\t<section class=\"elementor-section elementor-top-section elementor-element elementor-element-4b3ae06f elementor-section-boxed elementor-section-height-default elementor-section-height-default\" data-id=\"4b3ae06f\" data-element_type=\"section\" data-e-type=\"section\">\n\t\t\t\t\t\t<div class=\"elementor-container elementor-column-gap-default\">\n\t\t\t\t\t<div class=\"elementor-column elementor-col-50 elementor-top-column elementor-element elementor-element-4c6ca370\" data-id=\"4c6ca370\" data-element_type=\"column\" data-e-type=\"column\">\n\t\t\t<div class=\"elementor-widget-wrap elementor-element-populated\">\n\t\t\t\t\t\t<div class=\"elementor-element elementor-element-50b5af37 elementor-widget elementor-widget-text-editor\" data-id=\"50b5af37\" data-element_type=\"widget\" data-e-type=\"widget\" data-widget_type=\"text-editor.default\">\n\t\t\t\t<div class=\"elementor-widget-container\">\n\t\t\t\t\t\t\t\t\t<p>A \u00e9tica e a transpar\u00eancia s\u00e3o princ\u00edpios que t\u00eam orientado a atua\u00e7\u00e3o da Engenharia Santa Luzia nestes 22 anos prestando servi\u00e7os a empresas p\u00fablicas e privadas.<\/p>\n<p>Tomando como base melhores pr\u00e1ticas, marcos regulat\u00f3rios e pol\u00edticas internas, desenvolvemos um sistema de Compliance composto de procedimentos e regras relacionados \u00e0 condu\u00e7\u00e3o dos nossos neg\u00f3cios, e que deve ser observado por todos os nossos funcion\u00e1rios, colaboradores, fornecedores e clientes.<\/p>\n<p>N\u00f3s, representantes da diretoria da Santa Luzia Engenharia, reafirmamos, a cada dia, nosso compromisso e de toda a nossa equipe com as orienta\u00e7\u00f5es constantes do nosso C\u00f3digo de \u00c9tica, Conduta e Compliance.<\/p>\n<p>Links:<\/p>\n<p><span style=\"font-size: 1rem;\">&#8211;&nbsp;<\/span><a href=\"https:\/\/gruposantaluzia.com.br\/Engenharia\/downloads\/RelatorioIgualdadeSalarialLote_2026_1.pdf\" target=\"_blank\" style=\"background-color: rgb(255, 255, 255); font-size: 1rem;\">Relat\u00f3rio de Transpar\u00eancia e Igualdade Salarial de Mulheres e Homens &#8211; 1\u00ba Semestre 2026<\/a><\/p>\n<p><a href=\"https:\/\/gruposantaluzia.com.br\/Engenharia\/downloads\/Relatorio Transp Salarial - Agosto 2025.pdf\" data-wplink-url-error=\"true\"><span style=\"color: #000000;\">&#8211; Relat\u00f3rio de Transpar\u00eancia e Igualdade Salarial de Mulheres e Homens &#8211; 2\u00ba Semestre 2025<\/span><\/a><\/p>\n<p><span style=\"font-size: 1rem;\">&#8211;&nbsp;<\/span><a style=\"font-size: 1rem; background-color: #ffffff; line-height: inherit;\" href=\"https:\/\/gruposantaluzia.com.br\/Engenharia\/downloads\/Relatorio%20Transp%20Salarial%20-%20ABRIL%202025.pdf\" target=\"_blank\" rel=\"noopener\">Relat\u00f3rio de Transpar\u00eancia e Igualdade Salarial de Mulheres e Homens &#8211; 1\u00ba Semestre 2025<\/a><\/p>\n<p>&#8211;&nbsp;<a style=\"background-color: #ffffff;\" href=\"https:\/\/gruposantaluzia.com.br\/Engenharia\/downloads\/Relatorio%20Transp%20Salarial%20-%20Agosto%202024.pdf\" target=\"_blank\" rel=\"noopener\">Relat\u00f3rio de Transpar\u00eancia e Igualdade Salarial de Mulheres e Homens &#8211; 2\u00ba Semestre 2024<\/a><\/p>\n<p>&#8211;&nbsp;<a style=\"background-color: #ffffff;\" href=\"https:\/\/gruposantaluzia.com.br\/Engenharia\/downloads\/Relatorio%20de%20Transparencia%20e%20Igualdade%20Salarial%20de%20Mulheres%20e%20Homens%20-%201%20Semestre%202024.pdf\" target=\"_blank\" rel=\"noopener\">Relat\u00f3rio de Transpar\u00eancia e Igualdade Salarial de Mulheres e Homens &#8211; 1\u00ba Semestre 2024<\/a><\/p>\t\t\t\t\t\t\t\t<\/div>\n\t\t\t\t<\/div>\n\t\t\t\t\t<\/div>\n\t\t<\/div>\n\t\t\t\t<div class=\"elementor-column elementor-col-50 elementor-top-column elementor-element elementor-element-2449b603\" data-id=\"2449b603\" data-element_type=\"column\" data-e-type=\"column\">\n\t\t\t<div class=\"elementor-widget-wrap elementor-element-populated\">\n\t\t\t\t\t\t<div class=\"elementor-element elementor-element-708b85f3 elementor-widget elementor-widget-image\" data-id=\"708b85f3\" data-element_type=\"widget\" data-e-type=\"widget\" data-widget_type=\"image.default\">\n\t\t\t\t<div class=\"elementor-widget-container\">\n\t\t\t\t\t\t\t\t\t\t\t\t\t\t\t\t<a href=\"http:\/\/gruposantaluzia2.hospedagemdesites.ws\/Engenharia\/wp-content\/uploads\/2019\/12\/CODIGO-DE-ETICA-CONDUTA-E-COMPLIANCE-SANTA-LUZIA-06-Versao-Website-05-12-19.pdf\" target=\"_blank\" rel=\"nofollow\">\n\t\t\t\t\t\t\t<img loading=\"lazy\" decoding=\"async\" width=\"525\" height=\"521\" src=\"https:\/\/gruposantaluzia.com.br\/Engenharia\/wp-content\/uploads\/2019\/12\/compliance-botao.jpg\" class=\"elementor-animation-grow attachment-large size-large wp-image-98\" alt=\"\" srcset=\"https:\/\/gruposantaluzia.com.br\/Engenharia\/wp-content\/uploads\/2019\/12\/compliance-botao.jpg 717w, https:\/\/gruposantaluzia.com.br\/Engenharia\/wp-content\/uploads\/2019\/12\/compliance-botao-150x150.jpg 150w, https:\/\/gruposantaluzia.com.br\/Engenharia\/wp-content\/uploads\/2019\/12\/compliance-botao-300x297.jpg 300w, https:\/\/gruposantaluzia.com.br\/Engenharia\/wp-content\/uploads\/2019\/12\/compliance-botao-100x100.jpg 100w\" sizes=\"100vw\" \/>\t\t\t\t\t\t\t\t<\/a>\n\t\t\t\t\t\t\t\t\t\t\t\t\t\t\t<\/div>\n\t\t\t\t<\/div>\n\t\t\t\t\t<\/div>\n\t\t<\/div>\n\t\t\t\t\t<\/div>\n\t\t<\/section>\n\t\t\t\t<\/div>\n\t\t","protected":false},"excerpt":{"rendered":"<p>Compliance A \u00e9tica e a transpar\u00eancia s\u00e3o princ\u00edpios que t\u00eam orientado a atua\u00e7\u00e3o da Engenharia Santa Luzia nestes 22 anos prestando servi\u00e7os a empresas p\u00fablicas e privadas. Tomando como base melhores pr\u00e1ticas, marcos regulat\u00f3rios e pol\u00edticas internas, desenvolvemos um sistema de Compliance composto de procedimentos e regras relacionados \u00e0 condu\u00e7\u00e3o dos nossos neg\u00f3cios, e que &hellip; <\/p>\n<p class=\"link-more\"><a href=\"https:\/\/gruposantaluzia.com.br\/Engenharia\/compliance\/\" class=\"more-link\">Continue lendo<span class=\"screen-reader-text\"> &#8220;Compliance&#8221;<\/span><\/a><\/p>\n","protected":false},"author":1,"featured_media":0,"parent":0,"menu_order":0,"comment_status":"closed","ping_status":"closed","template":"elementor_canvas","meta":{"footnotes":""},"class_list":["post-33","page","type-page","status-publish","hentry"],"_links":{"self":[{"href":"https:\/\/gruposantaluzia.com.br\/Engenharia\/wp-json\/wp\/v2\/pages\/33","targetHints":{"allow":["GET"]}}],"collection":[{"href":"https:\/\/gruposantaluzia.com.br\/Engenharia\/wp-json\/wp\/v2\/pages"}],"about":[{"href":"https:\/\/gruposantaluzia.com.br\/Engenharia\/wp-json\/wp\/v2\/types\/page"}],"author":[{"embeddable":true,"href":"https:\/\/gruposantaluzia.com.br\/Engenharia\/wp-json\/wp\/v2\/users\/1"}],"replies":[{"embeddable":true,"href":"https:\/\/gruposantaluzia.com.br\/Engenharia\/wp-json\/wp\/v2\/comments?post=33"}],"version-history":[{"count":68,"href":"https:\/\/gruposantaluzia.com.br\/Engenharia\/wp-json\/wp\/v2\/pages\/33\/revisions"}],"predecessor-version":[{"id":538,"href":"https:\/\/gruposantaluzia.com.br\/Engenharia\/wp-json\/wp\/v2\/pages\/33\/revisions\/538"}],"wp:attachment":[{"href":"https:\/\/gruposantaluzia.com.br\/Engenharia\/wp-json\/wp\/v2\/media?parent=33"}],"curies":[{"name":"wp","href":"https:\/\/api.w.org\/{rel}","templated":true}]}}