{"id":2089,"date":"2023-10-06T12:32:38","date_gmt":"2023-10-06T15:32:38","guid":{"rendered":"https:\/\/gruposantaluzia.com.br\/Grupo\/?page_id=2089"},"modified":"2023-10-06T13:03:47","modified_gmt":"2023-10-06T16:03:47","slug":"nuestra-historia","status":"publish","type":"page","link":"https:\/\/gruposantaluzia.com.br\/Grupo\/nuestra-historia\/","title":{"rendered":"Nuestra Historia"},"content":{"rendered":"\t\t<div data-elementor-type=\"wp-page\" data-elementor-id=\"2089\" class=\"elementor elementor-2089\">\n\t\t\t\t\t\t<section class=\"elementor-section elementor-top-section elementor-element elementor-element-7ee811ff elementor-section-content-bottom elementor-hidden-desktop elementor-hidden-tablet elementor-section-boxed elementor-section-height-default elementor-section-height-default\" data-id=\"7ee811ff\" data-element_type=\"section\" data-e-type=\"section\">\n\t\t\t\t\t\t<div class=\"elementor-container elementor-column-gap-default\">\n\t\t\t\t\t<div class=\"elementor-column elementor-col-66 elementor-top-column elementor-element elementor-element-541d7389\" data-id=\"541d7389\" data-element_type=\"column\" data-e-type=\"column\">\n\t\t\t<div class=\"elementor-widget-wrap elementor-element-populated\">\n\t\t\t\t\t\t<div class=\"elementor-element elementor-element-54d38052 elementor-widget elementor-widget-image\" data-id=\"54d38052\" data-element_type=\"widget\" data-e-type=\"widget\" data-widget_type=\"image.default\">\n\t\t\t\t<div class=\"elementor-widget-container\">\n\t\t\t\t\t\t\t\t\t\t\t\t\t\t\t<img decoding=\"async\" width=\"244\" height=\"106\" src=\"https:\/\/gruposantaluzia.com.br\/Grupo\/wp-content\/uploads\/2019\/12\/logo.png\" class=\"attachment-large size-large wp-image-58\" alt=\"Logo Grupo Santa Luzia\" sizes=\"100vw\" \/>\t\t\t\t\t\t\t\t\t\t\t\t\t\t\t<\/div>\n\t\t\t\t<\/div>\n\t\t\t\t\t<\/div>\n\t\t<\/div>\n\t\t\t\t<div class=\"elementor-column elementor-col-33 elementor-top-column elementor-element elementor-element-373fafb2\" data-id=\"373fafb2\" data-element_type=\"column\" data-e-type=\"column\">\n\t\t\t<div class=\"elementor-widget-wrap elementor-element-populated\">\n\t\t\t\t\t\t<section class=\"elementor-section elementor-inner-section elementor-element elementor-element-74287cf3 elementor-section-boxed elementor-section-height-default elementor-section-height-default\" data-id=\"74287cf3\" data-element_type=\"section\" data-e-type=\"section\">\n\t\t\t\t\t\t<div class=\"elementor-container elementor-column-gap-default\">\n\t\t\t\t\t<div class=\"elementor-column elementor-col-100 elementor-inner-column elementor-element elementor-element-63daa769\" data-id=\"63daa769\" data-element_type=\"column\" data-e-type=\"column\">\n\t\t\t<div class=\"elementor-widget-wrap elementor-element-populated\">\n\t\t\t\t\t\t<div class=\"elementor-element elementor-element-75c0a23d elementor-widget__width-auto elementor-widget elementor-widget-image\" data-id=\"75c0a23d\" data-element_type=\"widget\" data-e-type=\"widget\" data-widget_type=\"image.default\">\n\t\t\t\t<div class=\"elementor-widget-container\">\n\t\t\t\t\t\t\t\t\t\t\t\t\t\t\t\t<a href=\"https:\/\/gruposantaluzia.com.br\">\n\t\t\t\t\t\t\t<img decoding=\"async\" width=\"20\" height=\"13\" src=\"https:\/\/gruposantaluzia.com.br\/Grupo\/wp-content\/uploads\/2023\/09\/bandeira-brasil.png\" class=\"attachment-large size-large wp-image-1952\" alt=\"Portugu\u00eas brasileiro\" sizes=\"100vw\" \/>\t\t\t\t\t\t\t\t<\/a>\n\t\t\t\t\t\t\t\t\t\t\t\t\t\t\t<\/div>\n\t\t\t\t<\/div>\n\t\t\t\t<div class=\"elementor-element elementor-element-922ccda elementor-widget__width-auto elementor-widget elementor-widget-image\" data-id=\"922ccda\" data-element_type=\"widget\" data-e-type=\"widget\" data-widget_type=\"image.default\">\n\t\t\t\t<div class=\"elementor-widget-container\">\n\t\t\t\t\t\t\t\t\t\t\t\t\t\t\t\t<a href=\"https:\/\/gruposantaluzia.com.br\/Grupo\/who-we-are\/\">\n\t\t\t\t\t\t\t<img decoding=\"async\" width=\"20\" height=\"13\" src=\"https:\/\/gruposantaluzia.com.br\/Grupo\/wp-content\/uploads\/2023\/09\/bandeira-uk.png\" class=\"attachment-large size-large wp-image-1954\" alt=\"English\" sizes=\"100vw\" \/>\t\t\t\t\t\t\t\t<\/a>\n\t\t\t\t\t\t\t\t\t\t\t\t\t\t\t<\/div>\n\t\t\t\t<\/div>\n\t\t\t\t\t<\/div>\n\t\t<\/div>\n\t\t\t\t\t<\/div>\n\t\t<\/section>\n\t\t\t\t<div class=\"elementor-element elementor-element-433b7ee9 elementor-widget elementor-widget-wp-widget-maxmegamenu\" data-id=\"433b7ee9\" data-element_type=\"widget\" data-e-type=\"widget\" data-widget_type=\"wp-widget-maxmegamenu.default\">\n\t\t\t\t<div class=\"elementor-widget-container\">\n\t\t\t\t\t<div id=\"mega-menu-wrap-max_mega_menu_2\" class=\"mega-menu-wrap\"><div class=\"mega-menu-toggle\"><div class=\"mega-toggle-blocks-left\"><\/div><div class=\"mega-toggle-blocks-center\"><\/div><div class=\"mega-toggle-blocks-right\"><div class='mega-toggle-block mega-menu-toggle-block mega-toggle-block-1' id='mega-toggle-block-1'><span aria-expanded=\"false\" aria-haspopup=\"true\" role=\"button\" class='mega-toggle-label'><span class='mega-toggle-label-closed'><\/span><span class='mega-toggle-label-open'><\/span><\/span><\/div><\/div><\/div><ul id=\"mega-menu-max_mega_menu_2\" class=\"mega-menu max-mega-menu mega-menu-horizontal mega-no-js\" data-event=\"hover_intent\" data-effect=\"fade_up\" data-effect-speed=\"200\" data-effect-mobile=\"disabled\" data-effect-speed-mobile=\"0\" data-mobile-force-width=\"body\" data-second-click=\"go\" data-document-click=\"collapse\" data-vertical-behaviour=\"standard\" data-breakpoint=\"900\" data-unbind=\"true\" data-mobile-state=\"collapse_all\" data-mobile-direction=\"vertical\"><li class=\"mega-menu-item mega-menu-item-type-post_type mega-menu-item-object-page mega-menu-item-has-children mega-align-bottom-left mega-menu-flyout mega-menu-item-2095 menu-item\" id=\"mega-menu-item-2095\"><a class=\"mega-menu-link\" href=\"https:\/\/gruposantaluzia.com.br\/Grupo\/quienes-somos\/\" aria-expanded=\"false\" aria-controls=\"mega-sub-menu-2095\">Quienes Somos<span class=\"mega-indicator\" aria-hidden=\"true\"><\/span><\/a>\n<ul class=\"mega-sub-menu\" id='mega-sub-menu-2095'>\n<li class=\"mega-menu-item mega-menu-item-type-post_type mega-menu-item-object-page mega-menu-item-2091 menu-item\" id=\"mega-menu-item-2091\"><a class=\"mega-menu-link\" href=\"https:\/\/gruposantaluzia.com.br\/Grupo\/nuestra-historia\/\">Nuestra Historia<\/a><\/li><\/ul>\n<\/li><li class=\"mega-menu-item mega-menu-item-type-post_type mega-menu-item-object-page mega-align-bottom-left mega-menu-flyout mega-menu-item-2094 menu-item\" id=\"mega-menu-item-2094\"><a class=\"mega-menu-link\" href=\"https:\/\/gruposantaluzia.com.br\/Grupo\/productos-y-servicios\/\">Productos y Servicios<\/a><\/li><li class=\"mega-menu-item mega-menu-item-type-post_type mega-menu-item-object-page mega-align-bottom-left mega-menu-flyout mega-menu-item-2093 menu-item\" id=\"mega-menu-item-2093\"><a class=\"mega-menu-link\" href=\"https:\/\/gruposantaluzia.com.br\/Grupo\/sostenibilidad\/\">Sostenibilidad<\/a><\/li><li class=\"mega-menu-item mega-menu-item-type-post_type mega-menu-item-object-page mega-align-bottom-left mega-menu-flyout mega-menu-item-2092 menu-item\" id=\"mega-menu-item-2092\"><a class=\"mega-menu-link\" href=\"https:\/\/gruposantaluzia.com.br\/Grupo\/contacto\/\">Contacto<\/a><\/li><\/ul><\/div>\t\t\t\t<\/div>\n\t\t\t\t<\/div>\n\t\t\t\t\t<\/div>\n\t\t<\/div>\n\t\t\t\t\t<\/div>\n\t\t<\/section>\n\t\t\t\t<section class=\"elementor-section elementor-top-section elementor-element elementor-element-6e7cb206 elementor-section-content-bottom elementor-hidden-mobile elementor-section-boxed elementor-section-height-default elementor-section-height-default\" data-id=\"6e7cb206\" data-element_type=\"section\" data-e-type=\"section\">\n\t\t\t\t\t\t<div class=\"elementor-container elementor-column-gap-default\">\n\t\t\t\t\t<div class=\"elementor-column elementor-col-33 elementor-top-column elementor-element elementor-element-21478130\" data-id=\"21478130\" data-element_type=\"column\" data-e-type=\"column\">\n\t\t\t<div class=\"elementor-widget-wrap elementor-element-populated\">\n\t\t\t\t\t\t<div class=\"elementor-element elementor-element-3a98428c elementor-widget elementor-widget-image\" data-id=\"3a98428c\" data-element_type=\"widget\" data-e-type=\"widget\" data-widget_type=\"image.default\">\n\t\t\t\t<div class=\"elementor-widget-container\">\n\t\t\t\t\t\t\t\t\t\t\t\t\t\t\t<img decoding=\"async\" width=\"244\" height=\"106\" src=\"https:\/\/gruposantaluzia.com.br\/Grupo\/wp-content\/uploads\/2019\/12\/logo.png\" class=\"attachment-large size-large wp-image-58\" alt=\"Logo Grupo Santa Luzia\" sizes=\"100vw\" \/>\t\t\t\t\t\t\t\t\t\t\t\t\t\t\t<\/div>\n\t\t\t\t<\/div>\n\t\t\t\t\t<\/div>\n\t\t<\/div>\n\t\t\t\t<div class=\"elementor-column elementor-col-66 elementor-top-column elementor-element elementor-element-23cd03be\" data-id=\"23cd03be\" data-element_type=\"column\" data-e-type=\"column\">\n\t\t\t<div class=\"elementor-widget-wrap elementor-element-populated\">\n\t\t\t\t\t\t<section class=\"elementor-section elementor-inner-section elementor-element elementor-element-2855061e elementor-section-boxed elementor-section-height-default elementor-section-height-default\" data-id=\"2855061e\" data-element_type=\"section\" data-e-type=\"section\">\n\t\t\t\t\t\t<div class=\"elementor-container elementor-column-gap-default\">\n\t\t\t\t\t<div class=\"elementor-column elementor-col-100 elementor-inner-column elementor-element elementor-element-60d64062\" data-id=\"60d64062\" data-element_type=\"column\" data-e-type=\"column\">\n\t\t\t<div class=\"elementor-widget-wrap elementor-element-populated\">\n\t\t\t\t\t\t<div class=\"elementor-element elementor-element-2f8e58a8 elementor-widget__width-auto elementor-widget elementor-widget-image\" data-id=\"2f8e58a8\" data-element_type=\"widget\" data-e-type=\"widget\" data-widget_type=\"image.default\">\n\t\t\t\t<div class=\"elementor-widget-container\">\n\t\t\t\t\t\t\t\t\t\t\t\t\t\t\t\t<a href=\"https:\/\/gruposantaluzia.com.br\">\n\t\t\t\t\t\t\t<img decoding=\"async\" width=\"20\" height=\"13\" src=\"https:\/\/gruposantaluzia.com.br\/Grupo\/wp-content\/uploads\/2023\/09\/bandeira-brasil.png\" class=\"attachment-large size-large wp-image-1952\" alt=\"Portugu\u00eas brasileiro\" sizes=\"100vw\" \/>\t\t\t\t\t\t\t\t<\/a>\n\t\t\t\t\t\t\t\t\t\t\t\t\t\t\t<\/div>\n\t\t\t\t<\/div>\n\t\t\t\t<div class=\"elementor-element elementor-element-45824c3a elementor-widget__width-auto elementor-widget elementor-widget-image\" data-id=\"45824c3a\" data-element_type=\"widget\" data-e-type=\"widget\" data-widget_type=\"image.default\">\n\t\t\t\t<div class=\"elementor-widget-container\">\n\t\t\t\t\t\t\t\t\t\t\t\t\t\t\t\t<a href=\"https:\/\/gruposantaluzia.com.br\/Grupo\/who-we-are\/\">\n\t\t\t\t\t\t\t<img decoding=\"async\" width=\"20\" height=\"13\" src=\"https:\/\/gruposantaluzia.com.br\/Grupo\/wp-content\/uploads\/2023\/09\/bandeira-uk.png\" class=\"attachment-large size-large wp-image-1954\" alt=\"English\" sizes=\"100vw\" \/>\t\t\t\t\t\t\t\t<\/a>\n\t\t\t\t\t\t\t\t\t\t\t\t\t\t\t<\/div>\n\t\t\t\t<\/div>\n\t\t\t\t\t<\/div>\n\t\t<\/div>\n\t\t\t\t\t<\/div>\n\t\t<\/section>\n\t\t\t\t<div class=\"elementor-element elementor-element-b5bdc21 elementor-widget elementor-widget-wp-widget-maxmegamenu\" data-id=\"b5bdc21\" data-element_type=\"widget\" data-e-type=\"widget\" data-widget_type=\"wp-widget-maxmegamenu.default\">\n\t\t\t\t<div class=\"elementor-widget-container\">\n\t\t\t\t\t<div id=\"mega-menu-wrap-max_mega_menu_2\" class=\"mega-menu-wrap\"><div class=\"mega-menu-toggle\"><div class=\"mega-toggle-blocks-left\"><\/div><div class=\"mega-toggle-blocks-center\"><\/div><div class=\"mega-toggle-blocks-right\"><div class='mega-toggle-block mega-menu-toggle-block mega-toggle-block-1' id='mega-toggle-block-1'><span aria-expanded=\"false\" aria-haspopup=\"true\" role=\"button\" class='mega-toggle-label'><span class='mega-toggle-label-closed'><\/span><span class='mega-toggle-label-open'><\/span><\/span><\/div><\/div><\/div><ul id=\"mega-menu-max_mega_menu_2\" class=\"mega-menu max-mega-menu mega-menu-horizontal mega-no-js\" data-event=\"hover_intent\" data-effect=\"fade_up\" data-effect-speed=\"200\" data-effect-mobile=\"disabled\" data-effect-speed-mobile=\"0\" data-mobile-force-width=\"body\" data-second-click=\"go\" data-document-click=\"collapse\" data-vertical-behaviour=\"standard\" data-breakpoint=\"900\" data-unbind=\"true\" data-mobile-state=\"collapse_all\" data-mobile-direction=\"vertical\"><li class=\"mega-menu-item mega-menu-item-type-post_type mega-menu-item-object-page mega-menu-item-has-children mega-align-bottom-left mega-menu-flyout mega-menu-item-2095 menu-item\" id=\"mega-menu-item-2095\"><a class=\"mega-menu-link\" href=\"https:\/\/gruposantaluzia.com.br\/Grupo\/quienes-somos\/\" aria-expanded=\"false\" aria-controls=\"mega-sub-menu-2095\">Quienes Somos<span class=\"mega-indicator\" aria-hidden=\"true\"><\/span><\/a>\n<ul class=\"mega-sub-menu\" id='mega-sub-menu-2095'>\n<li class=\"mega-menu-item mega-menu-item-type-post_type mega-menu-item-object-page mega-menu-item-2091 menu-item\" id=\"mega-menu-item-2091\"><a class=\"mega-menu-link\" href=\"https:\/\/gruposantaluzia.com.br\/Grupo\/nuestra-historia\/\">Nuestra Historia<\/a><\/li><\/ul>\n<\/li><li class=\"mega-menu-item mega-menu-item-type-post_type mega-menu-item-object-page mega-align-bottom-left mega-menu-flyout mega-menu-item-2094 menu-item\" id=\"mega-menu-item-2094\"><a class=\"mega-menu-link\" href=\"https:\/\/gruposantaluzia.com.br\/Grupo\/productos-y-servicios\/\">Productos y Servicios<\/a><\/li><li class=\"mega-menu-item mega-menu-item-type-post_type mega-menu-item-object-page mega-align-bottom-left mega-menu-flyout mega-menu-item-2093 menu-item\" id=\"mega-menu-item-2093\"><a class=\"mega-menu-link\" href=\"https:\/\/gruposantaluzia.com.br\/Grupo\/sostenibilidad\/\">Sostenibilidad<\/a><\/li><li class=\"mega-menu-item mega-menu-item-type-post_type mega-menu-item-object-page mega-align-bottom-left mega-menu-flyout mega-menu-item-2092 menu-item\" id=\"mega-menu-item-2092\"><a class=\"mega-menu-link\" href=\"https:\/\/gruposantaluzia.com.br\/Grupo\/contacto\/\">Contacto<\/a><\/li><\/ul><\/div>\t\t\t\t<\/div>\n\t\t\t\t<\/div>\n\t\t\t\t\t<\/div>\n\t\t<\/div>\n\t\t\t\t\t<\/div>\n\t\t<\/section>\n\t\t\t\t<section class=\"elementor-section elementor-top-section elementor-element elementor-element-24c5db8c elementor-section-height-min-height elementor-section-items-bottom elementor-section-content-bottom elementor-section-boxed elementor-section-height-default\" data-id=\"24c5db8c\" data-element_type=\"section\" data-e-type=\"section\" data-settings=\"{&quot;background_background&quot;:&quot;classic&quot;}\">\n\t\t\t\t\t\t<div class=\"elementor-container elementor-column-gap-default\">\n\t\t\t\t\t<div class=\"elementor-column elementor-col-100 elementor-top-column elementor-element elementor-element-117c29cb\" data-id=\"117c29cb\" data-element_type=\"column\" data-e-type=\"column\">\n\t\t\t<div class=\"elementor-widget-wrap elementor-element-populated\">\n\t\t\t\t\t\t<div class=\"elementor-element elementor-element-72fbc787 chamada-fotos elementor-widget elementor-widget-text-editor\" data-id=\"72fbc787\" data-element_type=\"widget\" data-e-type=\"widget\" data-widget_type=\"text-editor.default\">\n\t\t\t\t<div class=\"elementor-widget-container\">\n\t\t\t\t\t\t\t\t\t<p>75 anos de historia<\/p>\t\t\t\t\t\t\t\t<\/div>\n\t\t\t\t<\/div>\n\t\t\t\t\t<\/div>\n\t\t<\/div>\n\t\t\t\t\t<\/div>\n\t\t<\/section>\n\t\t\t\t<section class=\"elementor-section elementor-top-section elementor-element elementor-element-1bb6391f elementor-section-boxed elementor-section-height-default elementor-section-height-default\" data-id=\"1bb6391f\" data-element_type=\"section\" data-e-type=\"section\">\n\t\t\t\t\t\t<div class=\"elementor-container elementor-column-gap-default\">\n\t\t\t\t\t<div class=\"elementor-column elementor-col-100 elementor-top-column elementor-element elementor-element-66800f49\" data-id=\"66800f49\" data-element_type=\"column\" data-e-type=\"column\">\n\t\t\t<div class=\"elementor-widget-wrap elementor-element-populated\">\n\t\t\t\t\t\t<div class=\"elementor-element elementor-element-4a2124ea elementor-widget elementor-widget-spacer\" data-id=\"4a2124ea\" data-element_type=\"widget\" data-e-type=\"widget\" data-widget_type=\"spacer.default\">\n\t\t\t\t<div class=\"elementor-widget-container\">\n\t\t\t\t\t\t\t<div class=\"elementor-spacer\">\n\t\t\t<div class=\"elementor-spacer-inner\"><\/div>\n\t\t<\/div>\n\t\t\t\t\t\t<\/div>\n\t\t\t\t<\/div>\n\t\t\t\t<div class=\"elementor-element elementor-element-3c39ce8b titulo-pagina elementor-widget elementor-widget-text-editor\" data-id=\"3c39ce8b\" data-element_type=\"widget\" data-e-type=\"widget\" data-widget_type=\"text-editor.default\">\n\t\t\t\t<div class=\"elementor-widget-container\">\n\t\t\t\t\t\t\t\t\t<p>Nuestra Historia<\/p>\t\t\t\t\t\t\t\t<\/div>\n\t\t\t\t<\/div>\n\t\t\t\t<div class=\"elementor-element elementor-element-5ba49651 elementor-widget elementor-widget-image\" data-id=\"5ba49651\" data-element_type=\"widget\" data-e-type=\"widget\" data-widget_type=\"image.default\">\n\t\t\t\t<div class=\"elementor-widget-container\">\n\t\t\t\t\t\t\t\t\t\t\t\t\t\t\t<img loading=\"lazy\" decoding=\"async\" width=\"120\" height=\"3\" src=\"https:\/\/gruposantaluzia.com.br\/Grupo\/wp-content\/uploads\/2019\/12\/linha-titulo-2.png\" class=\"attachment-large size-large wp-image-165\" alt=\"\" srcset=\"https:\/\/gruposantaluzia.com.br\/Grupo\/wp-content\/uploads\/2019\/12\/linha-titulo-2.png 120w, https:\/\/gruposantaluzia.com.br\/Grupo\/wp-content\/uploads\/2019\/12\/linha-titulo-2-100x3.png 100w\" sizes=\"100vw\" \/>\t\t\t\t\t\t\t\t\t\t\t\t\t\t\t<\/div>\n\t\t\t\t<\/div>\n\t\t\t\t\t<\/div>\n\t\t<\/div>\n\t\t\t\t\t<\/div>\n\t\t<\/section>\n\t\t\t\t<section class=\"elementor-section elementor-top-section elementor-element elementor-element-74b6a6e2 elementor-section-boxed elementor-section-height-default elementor-section-height-default\" data-id=\"74b6a6e2\" data-element_type=\"section\" data-e-type=\"section\">\n\t\t\t\t\t\t<div class=\"elementor-container elementor-column-gap-default\">\n\t\t\t\t\t<div class=\"elementor-column elementor-col-50 elementor-top-column elementor-element elementor-element-16a81169\" data-id=\"16a81169\" data-element_type=\"column\" data-e-type=\"column\">\n\t\t\t<div class=\"elementor-widget-wrap elementor-element-populated\">\n\t\t\t\t\t\t<div class=\"elementor-element elementor-element-5a3e6867 elementor-widget elementor-widget-text-editor\" data-id=\"5a3e6867\" data-element_type=\"widget\" data-e-type=\"widget\" data-widget_type=\"text-editor.default\">\n\t\t\t\t<div class=\"elementor-widget-container\">\n\t\t\t\t\t\t\t\t\t<p>En 1949, a la edad de 17 a\u00f1os, Ars\u00eanio Ferreira da Veiga lleg\u00f3 al puerto de R\u00edo de Janeiro, procedente de un pueblo del norte de Portugal. Hu\u00eda de las persecuciones pol\u00edticas de la dictadura de Salazar y del servicio militar obligatorio en las colonias portuguesas.<\/p><p>Establecido en la capital de R\u00edo de Janeiro, Ars\u00eanio trabaj\u00f3 como vendedor ambulante, conductor de autob\u00fas, convirti\u00e9ndose finalmente en el propietario de una empresa de autobuses. En 1963, decidi\u00f3 abandonar el sector del transporte y compr\u00f3 Pedreira Santa Luzia, ubicada en el suburbio de \u00c1gua Santa. Esta empresa se especializ\u00f3 en el procesamiento de granito y piedra triturada.<\/p><p>Con un agudo sentido comercial, emprendimiento dedicado y una actitud solidaria hacia los empleados y clientes, en las d\u00e9cadas siguientes, Ars\u00eanio fue testigo del crecimiento de su empresa, que pas\u00f3 a llamarse Materiais de Constru\u00e7\u00e3o Santa Luzia. Se convirti\u00f3 en un jugador importante en el mercado de agregados de piedra en R\u00edo de Janeiro.<\/p><p>En 1997, con la inauguraci\u00f3n de la L\u00ednea Amarilla, Ars\u00eanio decidi\u00f3 invertir en el sector de la construcci\u00f3n. Fund\u00f3 Nova Santa Luzia Engenharia (ahora Santa Luzia Engenharia e Constru\u00e7\u00f5es), centr\u00e1ndose en proyectos de construcci\u00f3n p\u00fablicos y privados en el estado de R\u00edo de Janeiro.<\/p><p>A partir de 1999, despu\u00e9s de completar importantes proyectos de infraestructura en R\u00edo de Janeiro, como la construcci\u00f3n del Puerto de Itagua\u00ed y el Arco Metropolitano, y la expansi\u00f3n de la Carretera R\u00edo-Santos, Ars\u00eanio reconoci\u00f3 nuevas oportunidades en el sector minero. En respuesta, reubic\u00f3 sus empresas en un \u00e1rea de 10 millones de metros cuadrados en el municipio de Itagua\u00ed, donde pudo posicionar estrat\u00e9gicamente sus negocios. Tambi\u00e9n cambi\u00f3 el nombre de su empresa de agregados de piedra a Minera\u00e7\u00e3o Santa Luzia.<\/p><p>En los a\u00f1os siguientes, con el objetivo de expandir el negocio y ofrecer una mayor eficiencia y precios competitivos a los clientes, invirti\u00f3 en la creaci\u00f3n de dos empresas m\u00e1s, una para la producci\u00f3n de concreto premezclado y otra para la fabricaci\u00f3n de mortero. As\u00ed naci\u00f3 el Grupo Santa Luzia.<\/p><p>Una encarnaci\u00f3n del esp\u00edritu emprendedor y la integridad, admirado por los empleados y respetado por proveedores y clientes, el Sr. Ars\u00eanio falleci\u00f3 en 2012 a la edad de 80 a\u00f1os, dejando buenos recuerdos entre su familia y colaboradores.<\/p><p>Con las cualidades de su fundador en su ADN, hoy el Grupo Santa Luzia es un holding que gestiona 12 negocios en los sectores de la construcci\u00f3n y la infraestructura. Contin\u00faa creciendo, enfrentando desaf\u00edos, generando empleo y contribuyendo a la modernizaci\u00f3n de las regiones donde opera.<\/p>\t\t\t\t\t\t\t\t<\/div>\n\t\t\t\t<\/div>\n\t\t\t\t\t<\/div>\n\t\t<\/div>\n\t\t\t\t<div class=\"elementor-column elementor-col-50 elementor-top-column elementor-element elementor-element-520af740\" data-id=\"520af740\" data-element_type=\"column\" data-e-type=\"column\">\n\t\t\t<div class=\"elementor-widget-wrap elementor-element-populated\">\n\t\t\t\t\t\t<div class=\"elementor-element elementor-element-74efd63e elementor-widget elementor-widget-image\" data-id=\"74efd63e\" data-element_type=\"widget\" data-e-type=\"widget\" data-widget_type=\"image.default\">\n\t\t\t\t<div class=\"elementor-widget-container\">\n\t\t\t\t\t\t\t\t\t\t\t\t\t\t\t<img loading=\"lazy\" decoding=\"async\" width=\"300\" height=\"300\" src=\"https:\/\/gruposantaluzia.com.br\/Grupo\/wp-content\/uploads\/2019\/12\/logo-75-anos-menor.jpg\" class=\"attachment-large size-large wp-image-254\" alt=\"\" srcset=\"https:\/\/gruposantaluzia.com.br\/Grupo\/wp-content\/uploads\/2019\/12\/logo-75-anos-menor.jpg 300w, https:\/\/gruposantaluzia.com.br\/Grupo\/wp-content\/uploads\/2019\/12\/logo-75-anos-menor-150x150.jpg 150w, https:\/\/gruposantaluzia.com.br\/Grupo\/wp-content\/uploads\/2019\/12\/logo-75-anos-menor-100x100.jpg 100w\" sizes=\"100vw\" \/>\t\t\t\t\t\t\t\t\t\t\t\t\t\t\t<\/div>\n\t\t\t\t<\/div>\n\t\t\t\t<div class=\"elementor-element elementor-element-5d09e47b elementor-widget elementor-widget-image\" data-id=\"5d09e47b\" data-element_type=\"widget\" data-e-type=\"widget\" data-widget_type=\"image.default\">\n\t\t\t\t<div class=\"elementor-widget-container\">\n\t\t\t\t\t\t\t\t\t\t\t\t\t\t\t<img loading=\"lazy\" decoding=\"async\" width=\"525\" height=\"318\" src=\"https:\/\/gruposantaluzia.com.br\/Grupo\/wp-content\/uploads\/2019\/12\/historia-foto-2.jpg\" class=\"attachment-large size-large wp-image-197\" alt=\"\" srcset=\"https:\/\/gruposantaluzia.com.br\/Grupo\/wp-content\/uploads\/2019\/12\/historia-foto-2.jpg 717w, https:\/\/gruposantaluzia.com.br\/Grupo\/wp-content\/uploads\/2019\/12\/historia-foto-2-300x182.jpg 300w\" sizes=\"100vw\" \/>\t\t\t\t\t\t\t\t\t\t\t\t\t\t\t<\/div>\n\t\t\t\t<\/div>\n\t\t\t\t<div class=\"elementor-element elementor-element-7f315454 elementor-widget elementor-widget-image\" data-id=\"7f315454\" data-element_type=\"widget\" data-e-type=\"widget\" data-widget_type=\"image.default\">\n\t\t\t\t<div class=\"elementor-widget-container\">\n\t\t\t\t\t\t\t\t\t\t\t\t\t\t\t<img loading=\"lazy\" decoding=\"async\" width=\"485\" height=\"578\" src=\"https:\/\/gruposantaluzia.com.br\/Grupo\/wp-content\/uploads\/2019\/12\/historia-foto-3.jpg\" class=\"attachment-large size-large wp-image-198\" alt=\"\" srcset=\"https:\/\/gruposantaluzia.com.br\/Grupo\/wp-content\/uploads\/2019\/12\/historia-foto-3.jpg 485w, https:\/\/gruposantaluzia.com.br\/Grupo\/wp-content\/uploads\/2019\/12\/historia-foto-3-252x300.jpg 252w\" sizes=\"100vw\" \/>\t\t\t\t\t\t\t\t\t\t\t\t\t\t\t<\/div>\n\t\t\t\t<\/div>\n\t\t\t\t\t<\/div>\n\t\t<\/div>\n\t\t\t\t\t<\/div>\n\t\t<\/section>\n\t\t\t\t<\/div>\n\t\t","protected":false},"excerpt":{"rendered":"<p>75 anos de historia Nuestra Historia En 1949, a la edad de 17 a\u00f1os, Ars\u00eanio Ferreira da Veiga lleg\u00f3 al puerto de R\u00edo de Janeiro, procedente de un pueblo del norte de Portugal. Hu\u00eda de las persecuciones pol\u00edticas de la dictadura de Salazar y del servicio militar obligatorio en las colonias portuguesas. Establecido en la &hellip; <\/p>\n<p class=\"link-more\"><a href=\"https:\/\/gruposantaluzia.com.br\/Grupo\/nuestra-historia\/\" class=\"more-link\">Continue lendo<span class=\"screen-reader-text\"> &#8220;Nuestra Historia&#8221;<\/span><\/a><\/p>\n","protected":false},"author":1,"featured_media":0,"parent":0,"menu_order":0,"comment_status":"closed","ping_status":"closed","template":"elementor_canvas","meta":{"footnotes":""},"class_list":["post-2089","page","type-page","status-publish","hentry"],"_links":{"self":[{"href":"https:\/\/gruposantaluzia.com.br\/Grupo\/wp-json\/wp\/v2\/pages\/2089","targetHints":{"allow":["GET"]}}],"collection":[{"href":"https:\/\/gruposantaluzia.com.br\/Grupo\/wp-json\/wp\/v2\/pages"}],"about":[{"href":"https:\/\/gruposantaluzia.com.br\/Grupo\/wp-json\/wp\/v2\/types\/page"}],"author":[{"embeddable":true,"href":"https:\/\/gruposantaluzia.com.br\/Grupo\/wp-json\/wp\/v2\/users\/1"}],"replies":[{"embeddable":true,"href":"https:\/\/gruposantaluzia.com.br\/Grupo\/wp-json\/wp\/v2\/comments?post=2089"}],"version-history":[{"count":4,"href":"https:\/\/gruposantaluzia.com.br\/Grupo\/wp-json\/wp\/v2\/pages\/2089\/revisions"}],"predecessor-version":[{"id":2131,"href":"https:\/\/gruposantaluzia.com.br\/Grupo\/wp-json\/wp\/v2\/pages\/2089\/revisions\/2131"}],"wp:attachment":[{"href":"https:\/\/gruposantaluzia.com.br\/Grupo\/wp-json\/wp\/v2\/media?parent=2089"}],"curies":[{"name":"wp","href":"https:\/\/api.w.org\/{rel}","templated":true}]}}