{"id":55,"date":"2019-12-01T13:53:36","date_gmt":"2019-12-01T16:53:36","guid":{"rendered":"http:\/\/gruposantaluzia2.hospedagemdesites.ws\/Grupo\/?page_id=55"},"modified":"2023-10-25T16:34:01","modified_gmt":"2023-10-25T19:34:01","slug":"o-grupo","status":"publish","type":"page","link":"https:\/\/gruposantaluzia.com.br\/Grupo\/","title":{"rendered":"Quem somos"},"content":{"rendered":"\t\t<div data-elementor-type=\"wp-page\" data-elementor-id=\"55\" class=\"elementor elementor-55\">\n\t\t\t\t\t\t<section class=\"elementor-section elementor-top-section elementor-element elementor-element-bef98a1 elementor-section-content-bottom elementor-hidden-desktop elementor-hidden-tablet elementor-section-boxed elementor-section-height-default elementor-section-height-default\" data-id=\"bef98a1\" data-element_type=\"section\" data-e-type=\"section\">\n\t\t\t\t\t\t<div class=\"elementor-container elementor-column-gap-default\">\n\t\t\t\t\t<div class=\"elementor-column elementor-col-66 elementor-top-column elementor-element elementor-element-8738e16\" data-id=\"8738e16\" data-element_type=\"column\" data-e-type=\"column\">\n\t\t\t<div class=\"elementor-widget-wrap elementor-element-populated\">\n\t\t\t\t\t\t<div class=\"elementor-element elementor-element-b7e0c9c elementor-widget elementor-widget-image\" data-id=\"b7e0c9c\" data-element_type=\"widget\" data-e-type=\"widget\" data-widget_type=\"image.default\">\n\t\t\t\t<div class=\"elementor-widget-container\">\n\t\t\t\t\t\t\t\t\t\t\t\t\t\t\t<img decoding=\"async\" width=\"244\" height=\"106\" src=\"https:\/\/gruposantaluzia.com.br\/Grupo\/wp-content\/uploads\/2019\/12\/logo.png\" class=\"attachment-large size-large wp-image-58\" alt=\"Logo Grupo Santa Luzia\" sizes=\"100vw\" \/>\t\t\t\t\t\t\t\t\t\t\t\t\t\t\t<\/div>\n\t\t\t\t<\/div>\n\t\t\t\t\t<\/div>\n\t\t<\/div>\n\t\t\t\t<div class=\"elementor-column elementor-col-33 elementor-top-column elementor-element elementor-element-dad6eae\" data-id=\"dad6eae\" data-element_type=\"column\" data-e-type=\"column\">\n\t\t\t<div class=\"elementor-widget-wrap elementor-element-populated\">\n\t\t\t\t\t\t<section class=\"elementor-section elementor-inner-section elementor-element elementor-element-3a2c0fa elementor-section-boxed elementor-section-height-default elementor-section-height-default\" data-id=\"3a2c0fa\" data-element_type=\"section\" data-e-type=\"section\">\n\t\t\t\t\t\t<div class=\"elementor-container elementor-column-gap-default\">\n\t\t\t\t\t<div class=\"elementor-column elementor-col-100 elementor-inner-column elementor-element elementor-element-f02951c\" data-id=\"f02951c\" data-element_type=\"column\" data-e-type=\"column\">\n\t\t\t<div class=\"elementor-widget-wrap elementor-element-populated\">\n\t\t\t\t\t\t<div class=\"elementor-element elementor-element-7ed3524 elementor-widget__width-auto elementor-widget elementor-widget-image\" data-id=\"7ed3524\" data-element_type=\"widget\" data-e-type=\"widget\" data-widget_type=\"image.default\">\n\t\t\t\t<div class=\"elementor-widget-container\">\n\t\t\t\t\t\t\t\t\t\t\t\t\t\t\t\t<a href=\"https:\/\/gruposantaluzia.com.br\/Grupo\/who-we-are\/\">\n\t\t\t\t\t\t\t<img decoding=\"async\" width=\"20\" height=\"13\" src=\"https:\/\/gruposantaluzia.com.br\/Grupo\/wp-content\/uploads\/2023\/09\/bandeira-uk.png\" class=\"attachment-large size-large wp-image-1954\" alt=\"English\" sizes=\"100vw\" \/>\t\t\t\t\t\t\t\t<\/a>\n\t\t\t\t\t\t\t\t\t\t\t\t\t\t\t<\/div>\n\t\t\t\t<\/div>\n\t\t\t\t<div class=\"elementor-element elementor-element-a8c479a elementor-widget__width-auto elementor-widget elementor-widget-image\" data-id=\"a8c479a\" data-element_type=\"widget\" data-e-type=\"widget\" data-widget_type=\"image.default\">\n\t\t\t\t<div class=\"elementor-widget-container\">\n\t\t\t\t\t\t\t\t\t\t\t\t\t\t\t\t<a href=\"https:\/\/gruposantaluzia.com.br\/Grupo\/quienes-somos\/\">\n\t\t\t\t\t\t\t<img decoding=\"async\" width=\"20\" height=\"13\" src=\"https:\/\/gruposantaluzia.com.br\/Grupo\/wp-content\/uploads\/2023\/09\/bandeira-espanha.png\" class=\"attachment-large size-large wp-image-1953\" alt=\"Espa\u00f1ol\" sizes=\"100vw\" \/>\t\t\t\t\t\t\t\t<\/a>\n\t\t\t\t\t\t\t\t\t\t\t\t\t\t\t<\/div>\n\t\t\t\t<\/div>\n\t\t\t\t\t<\/div>\n\t\t<\/div>\n\t\t\t\t\t<\/div>\n\t\t<\/section>\n\t\t\t\t<div class=\"elementor-element elementor-element-81a3583 elementor-widget elementor-widget-wp-widget-maxmegamenu\" data-id=\"81a3583\" data-element_type=\"widget\" data-e-type=\"widget\" data-widget_type=\"wp-widget-maxmegamenu.default\">\n\t\t\t\t<div class=\"elementor-widget-container\">\n\t\t\t\t\t<div id=\"mega-menu-wrap-top\" class=\"mega-menu-wrap\"><div class=\"mega-menu-toggle\"><div class=\"mega-toggle-blocks-left\"><\/div><div class=\"mega-toggle-blocks-center\"><\/div><div class=\"mega-toggle-blocks-right\"><div class='mega-toggle-block mega-menu-toggle-block mega-toggle-block-1' id='mega-toggle-block-1'><span aria-expanded=\"false\" aria-haspopup=\"true\" role=\"button\" class='mega-toggle-label'><span class='mega-toggle-label-closed'><\/span><span class='mega-toggle-label-open'><\/span><\/span><\/div><\/div><\/div><ul id=\"mega-menu-top\" class=\"mega-menu max-mega-menu mega-menu-horizontal mega-no-js\" data-event=\"hover_intent\" data-effect=\"fade_up\" data-effect-speed=\"200\" data-effect-mobile=\"disabled\" data-effect-speed-mobile=\"0\" data-mobile-force-width=\"body\" data-second-click=\"go\" data-document-click=\"collapse\" data-vertical-behaviour=\"standard\" data-breakpoint=\"900\" data-unbind=\"true\" data-mobile-state=\"collapse_all\" data-mobile-direction=\"vertical\"><li class=\"mega-menu-item mega-menu-item-type-post_type mega-menu-item-object-page mega-menu-item-home mega-menu-item-has-children mega-align-bottom-left mega-menu-flyout mega-menu-item-75 menu-item\" id=\"mega-menu-item-75\"><a class=\"mega-menu-link\" href=\"https:\/\/gruposantaluzia.com.br\/Grupo\/\" aria-expanded=\"false\" aria-controls=\"mega-sub-menu-75\">Quem somos<span class=\"mega-indicator\" aria-hidden=\"true\"><\/span><\/a>\n<ul class=\"mega-sub-menu\" id='mega-sub-menu-75'>\n<li class=\"mega-menu-item mega-menu-item-type-post_type mega-menu-item-object-page mega-menu-item-73 menu-item\" id=\"mega-menu-item-73\"><a class=\"mega-menu-link\" href=\"https:\/\/gruposantaluzia.com.br\/Grupo\/nossa-historia\/\">Nossa hist\u00f3ria<\/a><\/li><\/ul>\n<\/li><li class=\"mega-menu-item mega-menu-item-type-post_type mega-menu-item-object-page mega-align-bottom-left mega-menu-flyout mega-menu-item-74 menu-item\" id=\"mega-menu-item-74\"><a class=\"mega-menu-link\" href=\"https:\/\/gruposantaluzia.com.br\/Grupo\/produtos-e-servicos\/\">Produtos e servi\u00e7os<\/a><\/li><li class=\"mega-menu-item mega-menu-item-type-post_type mega-menu-item-object-page mega-align-bottom-left mega-menu-flyout mega-menu-item-72 menu-item\" id=\"mega-menu-item-72\"><a class=\"mega-menu-link\" href=\"https:\/\/gruposantaluzia.com.br\/Grupo\/sustentabilidade\/\">Sustentabilidade<\/a><\/li><li class=\"mega-menu-item mega-menu-item-type-post_type mega-menu-item-object-page mega-align-bottom-left mega-menu-flyout mega-menu-item-71 menu-item\" id=\"mega-menu-item-71\"><a class=\"mega-menu-link\" href=\"https:\/\/gruposantaluzia.com.br\/Grupo\/contato\/\">Contato<\/a><\/li><\/ul><\/div>\t\t\t\t<\/div>\n\t\t\t\t<\/div>\n\t\t\t\t\t<\/div>\n\t\t<\/div>\n\t\t\t\t\t<\/div>\n\t\t<\/section>\n\t\t\t\t<section class=\"elementor-section elementor-top-section elementor-element elementor-element-60c6391 elementor-section-content-bottom elementor-hidden-mobile elementor-section-boxed elementor-section-height-default elementor-section-height-default\" data-id=\"60c6391\" data-element_type=\"section\" data-e-type=\"section\">\n\t\t\t\t\t\t<div class=\"elementor-container elementor-column-gap-default\">\n\t\t\t\t\t<div class=\"elementor-column elementor-col-33 elementor-top-column elementor-element elementor-element-3059ad8\" data-id=\"3059ad8\" data-element_type=\"column\" data-e-type=\"column\">\n\t\t\t<div class=\"elementor-widget-wrap elementor-element-populated\">\n\t\t\t\t\t\t<div class=\"elementor-element elementor-element-689a551 elementor-widget elementor-widget-image\" data-id=\"689a551\" data-element_type=\"widget\" data-e-type=\"widget\" data-widget_type=\"image.default\">\n\t\t\t\t<div class=\"elementor-widget-container\">\n\t\t\t\t\t\t\t\t\t\t\t\t\t\t\t<img decoding=\"async\" width=\"244\" height=\"106\" src=\"https:\/\/gruposantaluzia.com.br\/Grupo\/wp-content\/uploads\/2019\/12\/logo.png\" class=\"attachment-large size-large wp-image-58\" alt=\"Logo Grupo Santa Luzia\" sizes=\"100vw\" \/>\t\t\t\t\t\t\t\t\t\t\t\t\t\t\t<\/div>\n\t\t\t\t<\/div>\n\t\t\t\t\t<\/div>\n\t\t<\/div>\n\t\t\t\t<div class=\"elementor-column elementor-col-66 elementor-top-column elementor-element elementor-element-f4766b2\" data-id=\"f4766b2\" data-element_type=\"column\" data-e-type=\"column\">\n\t\t\t<div class=\"elementor-widget-wrap elementor-element-populated\">\n\t\t\t\t\t\t<section class=\"elementor-section elementor-inner-section elementor-element elementor-element-16ab999 elementor-section-boxed elementor-section-height-default elementor-section-height-default\" data-id=\"16ab999\" data-element_type=\"section\" data-e-type=\"section\">\n\t\t\t\t\t\t<div class=\"elementor-container elementor-column-gap-default\">\n\t\t\t\t\t<div class=\"elementor-column elementor-col-100 elementor-inner-column elementor-element elementor-element-bc21a1a\" data-id=\"bc21a1a\" data-element_type=\"column\" data-e-type=\"column\">\n\t\t\t<div class=\"elementor-widget-wrap elementor-element-populated\">\n\t\t\t\t\t\t<div class=\"elementor-element elementor-element-2f49c08 elementor-widget__width-auto elementor-widget elementor-widget-image\" data-id=\"2f49c08\" data-element_type=\"widget\" data-e-type=\"widget\" data-widget_type=\"image.default\">\n\t\t\t\t<div class=\"elementor-widget-container\">\n\t\t\t\t\t\t\t\t\t\t\t\t\t\t\t\t<a href=\"https:\/\/gruposantaluzia.com.br\/Grupo\/who-we-are\/\">\n\t\t\t\t\t\t\t<img decoding=\"async\" width=\"20\" height=\"13\" src=\"https:\/\/gruposantaluzia.com.br\/Grupo\/wp-content\/uploads\/2023\/09\/bandeira-uk.png\" class=\"attachment-large size-large wp-image-1954\" alt=\"English\" sizes=\"100vw\" \/>\t\t\t\t\t\t\t\t<\/a>\n\t\t\t\t\t\t\t\t\t\t\t\t\t\t\t<\/div>\n\t\t\t\t<\/div>\n\t\t\t\t<div class=\"elementor-element elementor-element-00d97d3 elementor-widget__width-auto elementor-widget elementor-widget-image\" data-id=\"00d97d3\" data-element_type=\"widget\" data-e-type=\"widget\" data-widget_type=\"image.default\">\n\t\t\t\t<div class=\"elementor-widget-container\">\n\t\t\t\t\t\t\t\t\t\t\t\t\t\t\t\t<a href=\"https:\/\/gruposantaluzia.com.br\/Grupo\/quienes-somos\/\">\n\t\t\t\t\t\t\t<img decoding=\"async\" width=\"20\" height=\"13\" src=\"https:\/\/gruposantaluzia.com.br\/Grupo\/wp-content\/uploads\/2023\/09\/bandeira-espanha.png\" class=\"attachment-large size-large wp-image-1953\" alt=\"Espa\u00f1ol\" sizes=\"100vw\" \/>\t\t\t\t\t\t\t\t<\/a>\n\t\t\t\t\t\t\t\t\t\t\t\t\t\t\t<\/div>\n\t\t\t\t<\/div>\n\t\t\t\t<div class=\"elementor-element elementor-element-146c946 elementor-widget elementor-widget-wp-widget-maxmegamenu\" data-id=\"146c946\" data-element_type=\"widget\" data-e-type=\"widget\" data-widget_type=\"wp-widget-maxmegamenu.default\">\n\t\t\t\t<div class=\"elementor-widget-container\">\n\t\t\t\t\t<div id=\"mega-menu-wrap-top\" class=\"mega-menu-wrap\"><div class=\"mega-menu-toggle\"><div class=\"mega-toggle-blocks-left\"><\/div><div class=\"mega-toggle-blocks-center\"><\/div><div class=\"mega-toggle-blocks-right\"><div class='mega-toggle-block mega-menu-toggle-block mega-toggle-block-1' id='mega-toggle-block-1'><span aria-expanded=\"false\" aria-haspopup=\"true\" role=\"button\" class='mega-toggle-label'><span class='mega-toggle-label-closed'><\/span><span class='mega-toggle-label-open'><\/span><\/span><\/div><\/div><\/div><ul id=\"mega-menu-top\" class=\"mega-menu max-mega-menu mega-menu-horizontal mega-no-js\" data-event=\"hover_intent\" data-effect=\"fade_up\" data-effect-speed=\"200\" data-effect-mobile=\"disabled\" data-effect-speed-mobile=\"0\" data-mobile-force-width=\"body\" data-second-click=\"go\" data-document-click=\"collapse\" data-vertical-behaviour=\"standard\" data-breakpoint=\"900\" data-unbind=\"true\" data-mobile-state=\"collapse_all\" data-mobile-direction=\"vertical\"><li class=\"mega-menu-item mega-menu-item-type-post_type mega-menu-item-object-page mega-menu-item-home mega-menu-item-has-children mega-align-bottom-left mega-menu-flyout mega-menu-item-75 menu-item\" id=\"mega-menu-item-75\"><a class=\"mega-menu-link\" href=\"https:\/\/gruposantaluzia.com.br\/Grupo\/\" aria-expanded=\"false\" aria-controls=\"mega-sub-menu-75\">Quem somos<span class=\"mega-indicator\" aria-hidden=\"true\"><\/span><\/a>\n<ul class=\"mega-sub-menu\" id='mega-sub-menu-75'>\n<li class=\"mega-menu-item mega-menu-item-type-post_type mega-menu-item-object-page mega-menu-item-73 menu-item\" id=\"mega-menu-item-73\"><a class=\"mega-menu-link\" href=\"https:\/\/gruposantaluzia.com.br\/Grupo\/nossa-historia\/\">Nossa hist\u00f3ria<\/a><\/li><\/ul>\n<\/li><li class=\"mega-menu-item mega-menu-item-type-post_type mega-menu-item-object-page mega-align-bottom-left mega-menu-flyout mega-menu-item-74 menu-item\" id=\"mega-menu-item-74\"><a class=\"mega-menu-link\" href=\"https:\/\/gruposantaluzia.com.br\/Grupo\/produtos-e-servicos\/\">Produtos e servi\u00e7os<\/a><\/li><li class=\"mega-menu-item mega-menu-item-type-post_type mega-menu-item-object-page mega-align-bottom-left mega-menu-flyout mega-menu-item-72 menu-item\" id=\"mega-menu-item-72\"><a class=\"mega-menu-link\" href=\"https:\/\/gruposantaluzia.com.br\/Grupo\/sustentabilidade\/\">Sustentabilidade<\/a><\/li><li class=\"mega-menu-item mega-menu-item-type-post_type mega-menu-item-object-page mega-align-bottom-left mega-menu-flyout mega-menu-item-71 menu-item\" id=\"mega-menu-item-71\"><a class=\"mega-menu-link\" href=\"https:\/\/gruposantaluzia.com.br\/Grupo\/contato\/\">Contato<\/a><\/li><\/ul><\/div>\t\t\t\t<\/div>\n\t\t\t\t<\/div>\n\t\t\t\t\t<\/div>\n\t\t<\/div>\n\t\t\t\t\t<\/div>\n\t\t<\/section>\n\t\t\t\t\t<\/div>\n\t\t<\/div>\n\t\t\t\t\t<\/div>\n\t\t<\/section>\n\t\t\t\t<section class=\"elementor-section elementor-top-section elementor-element elementor-element-5bdeeea elementor-section-stretched elementor-section-full_width elementor-section-height-default elementor-section-height-default\" data-id=\"5bdeeea\" data-element_type=\"section\" data-e-type=\"section\" data-settings=\"{&quot;background_background&quot;:&quot;classic&quot;,&quot;stretch_section&quot;:&quot;section-stretched&quot;}\">\n\t\t\t\t\t\t<div class=\"elementor-container elementor-column-gap-default\">\n\t\t\t\t\t<div class=\"elementor-column elementor-col-100 elementor-top-column elementor-element elementor-element-5921403\" data-id=\"5921403\" data-element_type=\"column\" data-e-type=\"column\">\n\t\t\t<div class=\"elementor-widget-wrap elementor-element-populated\">\n\t\t\t\t\t\t\t<\/div>\n\t\t<\/div>\n\t\t\t\t\t<\/div>\n\t\t<\/section>\n\t\t\t\t<section class=\"elementor-section elementor-top-section elementor-element elementor-element-d89d11d elementor-section-boxed elementor-section-height-default elementor-section-height-default\" data-id=\"d89d11d\" data-element_type=\"section\" data-e-type=\"section\">\n\t\t\t\t\t\t<div class=\"elementor-container elementor-column-gap-default\">\n\t\t\t\t\t<div class=\"elementor-column elementor-col-100 elementor-top-column elementor-element elementor-element-4d059cf\" data-id=\"4d059cf\" data-element_type=\"column\" data-e-type=\"column\">\n\t\t\t<div class=\"elementor-widget-wrap elementor-element-populated\">\n\t\t\t\t\t\t<div class=\"elementor-element elementor-element-643fe94 elementor-widget elementor-widget-spacer\" data-id=\"643fe94\" data-element_type=\"widget\" data-e-type=\"widget\" data-widget_type=\"spacer.default\">\n\t\t\t\t<div class=\"elementor-widget-container\">\n\t\t\t\t\t\t\t<div class=\"elementor-spacer\">\n\t\t\t<div class=\"elementor-spacer-inner\"><\/div>\n\t\t<\/div>\n\t\t\t\t\t\t<\/div>\n\t\t\t\t<\/div>\n\t\t\t\t<div class=\"elementor-element elementor-element-a8c0c07 titulo-pagina elementor-widget elementor-widget-text-editor\" data-id=\"a8c0c07\" data-element_type=\"widget\" data-e-type=\"widget\" data-widget_type=\"text-editor.default\">\n\t\t\t\t<div class=\"elementor-widget-container\">\n\t\t\t\t\t\t\t\t\t<p>Quem somos<\/p>\t\t\t\t\t\t\t\t<\/div>\n\t\t\t\t<\/div>\n\t\t\t\t<div class=\"elementor-element elementor-element-80580f3 elementor-widget elementor-widget-image\" data-id=\"80580f3\" data-element_type=\"widget\" data-e-type=\"widget\" data-widget_type=\"image.default\">\n\t\t\t\t<div class=\"elementor-widget-container\">\n\t\t\t\t\t\t\t\t\t\t\t\t\t\t\t<img loading=\"lazy\" decoding=\"async\" width=\"120\" height=\"3\" src=\"https:\/\/gruposantaluzia.com.br\/Grupo\/wp-content\/uploads\/2019\/12\/linha-titulo-2.png\" class=\"attachment-large size-large wp-image-165\" alt=\"\" srcset=\"https:\/\/gruposantaluzia.com.br\/Grupo\/wp-content\/uploads\/2019\/12\/linha-titulo-2.png 120w, https:\/\/gruposantaluzia.com.br\/Grupo\/wp-content\/uploads\/2019\/12\/linha-titulo-2-100x3.png 100w\" sizes=\"100vw\" \/>\t\t\t\t\t\t\t\t\t\t\t\t\t\t\t<\/div>\n\t\t\t\t<\/div>\n\t\t\t\t\t<\/div>\n\t\t<\/div>\n\t\t\t\t\t<\/div>\n\t\t<\/section>\n\t\t\t\t<section class=\"elementor-section elementor-top-section elementor-element elementor-element-46e3614 elementor-section-boxed elementor-section-height-default elementor-section-height-default\" data-id=\"46e3614\" data-element_type=\"section\" data-e-type=\"section\">\n\t\t\t\t\t\t<div class=\"elementor-container elementor-column-gap-default\">\n\t\t\t\t\t<div class=\"elementor-column elementor-col-50 elementor-top-column elementor-element elementor-element-5fc6baa\" data-id=\"5fc6baa\" data-element_type=\"column\" data-e-type=\"column\">\n\t\t\t<div class=\"elementor-widget-wrap elementor-element-populated\">\n\t\t\t\t\t\t<div class=\"elementor-element elementor-element-d5acd07 elementor-widget elementor-widget-text-editor\" data-id=\"d5acd07\" data-element_type=\"widget\" data-e-type=\"widget\" data-widget_type=\"text-editor.default\">\n\t\t\t\t<div class=\"elementor-widget-container\">\n\t\t\t\t\t\t\t\t\t<p>O Grupo Santa Luzia \u00e9 sin\u00f4nimo de confiabilidade no setor de infraestrutura.<\/p><p>Por meio das nossas quatro empresas \u2013 <strong>Minera\u00e7\u00e3o Santa Luzia<\/strong>, <strong>Engenharia Santa Luzia<\/strong>, <strong>Concreto Santa Luzia<\/strong> e <strong>Argamassas Santa Luzia<\/strong> \u2013 oferecemos servi\u00e7os e produtos de qualidade para obras de constru\u00e7\u00e3o civil pesada, comercial, industrial e residencial de todos os portes.<\/p><p>Sempre atuando norteados pela \u00e9tica e transpar\u00eancia nos neg\u00f3cios, temos orgulho de ter participado de obras relevantes para o desenvolvimento do estado do Rio de Janeiro. Entre elas, destacamos:<\/p><p style=\"padding-left: 30px;\">\u2022 Estrada Rio-Santos<br \/>\u2022 Ponte Rio-Niter\u00f3i<br \/>\u2022 Linha Vermelha<br \/>\u2022 Linha Amarela<br \/>\u2022 Arco Metropolitano<br \/>\u2022 Jogos Pan-Americanos<br \/>\u2022 Jogos Ol\u00edmpicos<br \/>\u2022 Companhia Sider\u00fargica do Atl\u00e2ntico<br \/>\u2022 ICN (Itagua\u00ed Constru\u00e7\u00f5es Navais)<br \/>\u2022 Porto do Sudeste.<\/p><p>Hoje, contamos com uma equipe de cerca de 700 profissionais trabalhando nas nossas unidades no Brasil e em outros pa\u00edses da Am\u00e9rica Latina.<\/p>\t\t\t\t\t\t\t\t<\/div>\n\t\t\t\t<\/div>\n\t\t\t\t<div class=\"elementor-element elementor-element-09881bb subtitulo-pagina elementor-widget elementor-widget-text-editor\" data-id=\"09881bb\" data-element_type=\"widget\" data-e-type=\"widget\" data-widget_type=\"text-editor.default\">\n\t\t\t\t<div class=\"elementor-widget-container\">\n\t\t\t\t\t\t\t\t\t<p>EXPANDINDO FRONTEIRAS<\/p>\t\t\t\t\t\t\t\t<\/div>\n\t\t\t\t<\/div>\n\t\t\t\t<div class=\"elementor-element elementor-element-61f3faa elementor-widget elementor-widget-image\" data-id=\"61f3faa\" data-element_type=\"widget\" data-e-type=\"widget\" data-widget_type=\"image.default\">\n\t\t\t\t<div class=\"elementor-widget-container\">\n\t\t\t\t\t\t\t\t\t\t\t\t\t\t\t<img loading=\"lazy\" decoding=\"async\" width=\"92\" height=\"3\" src=\"https:\/\/gruposantaluzia.com.br\/Grupo\/wp-content\/uploads\/2019\/12\/linha-subtitulo.png\" class=\"attachment-large size-large wp-image-138\" alt=\"\" sizes=\"100vw\" \/>\t\t\t\t\t\t\t\t\t\t\t\t\t\t\t<\/div>\n\t\t\t\t<\/div>\n\t\t\t\t<div class=\"elementor-element elementor-element-28447c7 elementor-widget elementor-widget-text-editor\" data-id=\"28447c7\" data-element_type=\"widget\" data-e-type=\"widget\" data-widget_type=\"text-editor.default\">\n\t\t\t\t<div class=\"elementor-widget-container\">\n\t\t\t\t\t\t\t\t\t<p>Depois de v\u00e1rias d\u00e9cadas atuando principalmente na regi\u00e3o sudeste do Brasil, estamos expandindo nossa presen\u00e7a em outros pa\u00edses da Am\u00e9rica Latina e Europa e acrescendo novos produtos e servi\u00e7os ao nosso portfolio.<\/p><p>J\u00e1 estamos presentes no Paraguai, executando projetos de constru\u00e7\u00e3o de pontes, recupera\u00e7\u00e3o de estradas e pavimenta\u00e7\u00e3o asf\u00e1ltica; e em Portugal, atuando no mercado imobili\u00e1rio.<\/p><p>Nosso portf\u00f3lio de servi\u00e7os passou a abranger, tamb\u00e9m, os setores de energia, saneamento e meio ambiente.<\/p>\t\t\t\t\t\t\t\t<\/div>\n\t\t\t\t<\/div>\n\t\t\t\t\t<\/div>\n\t\t<\/div>\n\t\t\t\t<div class=\"elementor-column elementor-col-50 elementor-top-column elementor-element elementor-element-be8e2e8\" data-id=\"be8e2e8\" data-element_type=\"column\" data-e-type=\"column\">\n\t\t\t<div class=\"elementor-widget-wrap elementor-element-populated\">\n\t\t\t\t\t\t<div class=\"elementor-element elementor-element-698865f elementor-widget elementor-widget-image\" data-id=\"698865f\" data-element_type=\"widget\" data-e-type=\"widget\" data-widget_type=\"image.default\">\n\t\t\t\t<div class=\"elementor-widget-container\">\n\t\t\t\t\t\t\t\t\t\t\t\t\t\t\t\t<a href=\"http:\/\/gruposantaluzia2.hospedagemdesites.ws\/Grupo\/nossa-historia\/\">\n\t\t\t\t\t\t\t<img loading=\"lazy\" decoding=\"async\" width=\"525\" height=\"461\" src=\"https:\/\/gruposantaluzia.com.br\/Grupo\/wp-content\/uploads\/2019\/12\/nossa-historia-link.jpg\" class=\"elementor-animation-grow attachment-large size-large wp-image-178\" alt=\"\" srcset=\"https:\/\/gruposantaluzia.com.br\/Grupo\/wp-content\/uploads\/2019\/12\/nossa-historia-link.jpg 638w, https:\/\/gruposantaluzia.com.br\/Grupo\/wp-content\/uploads\/2019\/12\/nossa-historia-link-300x263.jpg 300w\" sizes=\"100vw\" \/>\t\t\t\t\t\t\t\t<\/a>\n\t\t\t\t\t\t\t\t\t\t\t\t\t\t\t<\/div>\n\t\t\t\t<\/div>\n\t\t\t\t<div class=\"elementor-element elementor-element-b1d73ae elementor-widget elementor-widget-image\" data-id=\"b1d73ae\" data-element_type=\"widget\" data-e-type=\"widget\" data-widget_type=\"image.default\">\n\t\t\t\t<div class=\"elementor-widget-container\">\n\t\t\t\t\t\t\t\t\t\t\t\t\t\t\t<img loading=\"lazy\" decoding=\"async\" width=\"525\" height=\"318\" src=\"https:\/\/gruposantaluzia.com.br\/Grupo\/wp-content\/uploads\/2019\/12\/quem-somos.jpg\" class=\"attachment-large size-large wp-image-190\" alt=\"\" srcset=\"https:\/\/gruposantaluzia.com.br\/Grupo\/wp-content\/uploads\/2019\/12\/quem-somos.jpg 717w, https:\/\/gruposantaluzia.com.br\/Grupo\/wp-content\/uploads\/2019\/12\/quem-somos-300x182.jpg 300w\" sizes=\"100vw\" \/>\t\t\t\t\t\t\t\t\t\t\t\t\t\t\t<\/div>\n\t\t\t\t<\/div>\n\t\t\t\t<div class=\"elementor-element elementor-element-a4242e9 elementor-widget elementor-widget-image\" data-id=\"a4242e9\" data-element_type=\"widget\" data-e-type=\"widget\" data-widget_type=\"image.default\">\n\t\t\t\t<div class=\"elementor-widget-container\">\n\t\t\t\t\t\t\t\t\t\t\t\t\t\t\t<img loading=\"lazy\" decoding=\"async\" width=\"525\" height=\"318\" src=\"https:\/\/gruposantaluzia.com.br\/Grupo\/wp-content\/uploads\/2019\/12\/quem-somos-2.jpg\" class=\"attachment-large size-large wp-image-191\" alt=\"\" srcset=\"https:\/\/gruposantaluzia.com.br\/Grupo\/wp-content\/uploads\/2019\/12\/quem-somos-2.jpg 717w, https:\/\/gruposantaluzia.com.br\/Grupo\/wp-content\/uploads\/2019\/12\/quem-somos-2-300x182.jpg 300w\" sizes=\"100vw\" \/>\t\t\t\t\t\t\t\t\t\t\t\t\t\t\t<\/div>\n\t\t\t\t<\/div>\n\t\t\t\t\t<\/div>\n\t\t<\/div>\n\t\t\t\t\t<\/div>\n\t\t<\/section>\n\t\t\t\t<\/div>\n\t\t","protected":false},"excerpt":{"rendered":"<p>Quem somos O Grupo Santa Luzia \u00e9 sin\u00f4nimo de confiabilidade no setor de infraestrutura. Por meio das nossas quatro empresas \u2013 Minera\u00e7\u00e3o Santa Luzia, Engenharia Santa Luzia, Concreto Santa Luzia e Argamassas Santa Luzia \u2013 oferecemos servi\u00e7os e produtos de qualidade para obras de constru\u00e7\u00e3o civil pesada, comercial, industrial e residencial de todos os portes. &hellip; <\/p>\n<p class=\"link-more\"><a href=\"https:\/\/gruposantaluzia.com.br\/Grupo\/\" class=\"more-link\">Continue lendo<span class=\"screen-reader-text\"> &#8220;Quem somos&#8221;<\/span><\/a><\/p>\n","protected":false},"author":1,"featured_media":0,"parent":0,"menu_order":0,"comment_status":"closed","ping_status":"closed","template":"elementor_canvas","meta":{"footnotes":""},"class_list":["post-55","page","type-page","status-publish","hentry"],"_links":{"self":[{"href":"https:\/\/gruposantaluzia.com.br\/Grupo\/wp-json\/wp\/v2\/pages\/55","targetHints":{"allow":["GET"]}}],"collection":[{"href":"https:\/\/gruposantaluzia.com.br\/Grupo\/wp-json\/wp\/v2\/pages"}],"about":[{"href":"https:\/\/gruposantaluzia.com.br\/Grupo\/wp-json\/wp\/v2\/types\/page"}],"author":[{"embeddable":true,"href":"https:\/\/gruposantaluzia.com.br\/Grupo\/wp-json\/wp\/v2\/users\/1"}],"replies":[{"embeddable":true,"href":"https:\/\/gruposantaluzia.com.br\/Grupo\/wp-json\/wp\/v2\/comments?post=55"}],"version-history":[{"count":51,"href":"https:\/\/gruposantaluzia.com.br\/Grupo\/wp-json\/wp\/v2\/pages\/55\/revisions"}],"predecessor-version":[{"id":2167,"href":"https:\/\/gruposantaluzia.com.br\/Grupo\/wp-json\/wp\/v2\/pages\/55\/revisions\/2167"}],"wp:attachment":[{"href":"https:\/\/gruposantaluzia.com.br\/Grupo\/wp-json\/wp\/v2\/media?parent=55"}],"curies":[{"name":"wp","href":"https:\/\/api.w.org\/{rel}","templated":true}]}}